{"id":346,"date":"2024-03-23T09:55:42","date_gmt":"2024-03-23T14:55:42","guid":{"rendered":"https:\/\/vietbooks.org\/?page_id=346"},"modified":"2024-03-23T09:55:44","modified_gmt":"2024-03-23T14:55:44","slug":"about-us","status":"publish","type":"page","link":"https:\/\/vietbooks.org\/vi\/about-us\/","title":{"rendered":"About Us"},"content":{"rendered":"<p>L\u1eddi Gi\u1edbi Thi\u1ec7u (About Us)<br>Sau n\u0103m 1975, n\u01b0\u1edbc Vi\u1ec7t Nam ho\u00e0n to\u00e0n r\u01a1i v\u00e0o s\u1ef1 cai tr\u1ecb c\u1ee7a \u0111\u1ea3ng C\u1ed9ng s\u1ea3n Vi\u1ec7t Nam, c\u0169ng nh\u01b0 nh\u1eefng<br>ng\u01b0\u1eddi c\u1ea7m b\u00fat t\u1ea1i mi\u1ec1n B\u1eafc, ng\u01b0\u1eddi c\u1ea7m b\u00fat mi\u1ec1n Nam n\u00f3i ri\u00eang v\u00e0 c\u00e1c v\u0103n ngh\u1ec7 s\u0129 n\u00f3i chung, kh\u00f4ng<br>\u0111\u01b0\u1ee3c s\u00e1ng t\u00e1c m\u1ed9t c\u00e1ch t\u1ef1 do \u0111\u1ec3 di\u1ec5n t\u1ea3 suy ngh\u0129, t\u00ecnh c\u1ea3m v\u00e0 m\u01a1 \u01b0\u1edbc c\u1ee7a con ng\u01b0\u1eddi, hay \u0111\u1ec3 ca t\u1ee5ng c\u00e1i<br>ch\u00e2n, thi\u1ec7n m\u1ef9 t\u00f4 \u0111i\u1ec3m cho cu\u1ed9c s\u1ed1ng con ng\u01b0\u1eddi th\u0103ng hoa v\u00e0 t\u01b0\u01a1i \u0111\u1eb9p. T\u1ea5t c\u1ea3 ch\u1ec9 \u0111\u1ec3 ph\u1ee5c v\u1ee5 cho \u0111\u1ea3ng<br>v\u00e0 cho ng\u00f4i v\u1ecb cai tr\u1ecb c\u1ee7a \u0111\u1ea3ng c\u1ed9ng s\u1ea3n.<br>Trong n\u01b0\u1edbc c\u00f3 kho\u1ea3ng tr\u00ean 700 c\u00e1c lo\u1ea1i b\u00e1o ch\u00ed, h\u00e0ng tr\u0103m c\u00e1c \u0111\u00e0i truy\u1ec1n thanh, truy\u1ec1n h\u00ecnh, nh\u00e0 xu\u1ea5t<br>b\u1ea3n, t\u1ea5t c\u1ea3 \u0111\u1ec1u trong tay c\u1ee7a \u0111\u1ea3ng v\u00e0 nh\u00e0 n\u01b0\u1edbc, ngay c\u1ea3 h\u1ed9i c\u00e1c nh\u00e0 v\u0103n, nh\u00e0 th\u01a1 c\u0169ng b\u1ecb s\u1ef1 qu\u1ea3n l\u00fd t\u1eeb<br>t\u01b0 t\u01b0\u1edfng \u0111\u1ebfn nh\u1eefng g\u00ec h\u1ecd vi\u1ebft, h\u1ecd s\u00e1ng t\u00e1c. Kh\u00f4ng h\u1ec1 c\u00f3 m\u1ed9t c\u01a1 quan th\u00f4ng tin \u0111\u1ed9c l\u1eadp n\u00e0o c\u1ee7a t\u01b0 nh\u00e2n.<br>N\u1ebfu c\u00f3 nh\u1eefng c\u00e1 nh\u00e2n hay t\u1ed5 ch\u1ee9c n\u00e0o \u0111i ng\u01b0\u1ee3c v\u1edbi \u0111\u01b0\u1eddng l\u1ed1i c\u1ee7a \u0111\u1ea3ng s\u1ebd b\u1ecb tr\u1eebng ph\u1ea1t kh\u00f4ng th\u01b0\u01a1ng<br>ti\u1ebfc. Mi\u1ec1n B\u1eafc c\u00f3 hai \u0111\u1ee3t tr\u1eebng ph\u1ea1t \u0111\u00f3 l\u00e0 v\u1ee5 Nh\u00e2n V\u0103m Giai Ph\u1ea9m v\u00e0 Phong tr\u00e0o tr\u0103m Hoa \u0110ua N\u1edf.<br>H\u00e0ng tr\u0103m nh\u1eefng v\u0103n ngh\u1ec7 s\u0129 b\u1ecb c\u1ea7m t\u00f9, tr\u00f9 \u0111\u1eadp, s\u1ed1ng nh\u1eefng cu\u1ed9c \u0111\u1eddi \u0111\u00f3i kh\u00e1t, \u00f4 nh\u1ee5c v\u1ec1 tinh th\u1ea7n, H\u1ecd<br>b\u1ecb v\u1ea5t ra b\u00ean l\u1ec1 cu\u1ed9c \u0111\u1eddi cho t\u1edbi ch\u1ebft. Mi\u1ec1n Nam, ch\u1ec9 kho\u1ea3ng m\u1ed9t th\u1eddi gian ng\u1eafn tr\u00ean 160 c\u00e1c nh\u00e0 v\u0103n,<br>nh\u00e0 b\u00e1o, nh\u00e0 th\u01a1, nh\u00e0 vi\u1ebft k\u1ecbch, l\u00e0m phim \u0111\u00e3 b\u1ecb b\u1eaft, b\u1ecb t\u00f9 v\u00e0 nhi\u1ec1u ng\u01b0\u1eddi \u0111\u00e3 ch\u1ebft trong t\u00f9. T\u1eeb \u0111\u00f3, kh\u00f4ng<br>c\u00f2n s\u00e1ch b\u00e1o, v\u0103n ch\u01b0\u01a1ng t\u1ef1 do trong n\u01b0\u1edbc Vi\u1ec7t Nam.<br>V\u00ec ho\u00e0n c\u1ea3nh kh\u1eafc nghi\u1ec7t \u0111\u00f3 m\u00e0 nh\u1eefng ng\u01b0\u1eddi c\u1ea7m b\u00fat, v\u0103n ngh\u1ec7 s\u0129 khi tho\u00e1t kh\u1ecfi Vi\u1ec7t Nam \u0111\u1ec3 \u0111\u01b0\u1ee3c<br>s\u1ed1ng t\u1ef1 do, m\u1ed9t phong tr\u00e0o s\u00e1ng t\u00e1c n\u1edf r\u1ed9 t\u1ea1i h\u1ea3i ngo\u1ea1i. T\u1ee7 s\u00e1ch Ti\u1ebfng Qu\u00ea H\u01b0\u01a1ng ra \u0111\u1eddi c\u0169ng trong b\u1ed1i<br>c\u1ea3nh n\u00e0y. \u0110\u01b0\u1ee3c Kh\u1edfi \u0111\u1ea7u t\u1eeb hai nh\u00e0 v\u0103n, nh\u00e0 b\u00e1o Tr\u1ea7n Phong V\u0169, ng\u01b0\u1eddi \u0111\u1ebfn Hoa K\u1ef3 t\u1ecb n\u1ea1n t\u1eeb n\u0103m 1975<br>v\u00e0 nh\u00e0 v\u0103n, nh\u00e0 b\u00e1o Uy\u00ean Thao, ng\u01b0\u1eddi \u0111\u1ebfn M\u1ef9 \u0111\u1ecbnh c\u01b0 v\u00e0o n\u0103m 1999 sau h\u01a1n 10 n\u0103m b\u1ecb c\u1ea7m t\u00f9. H\u1ecd b\u1eaft<br>\u0111\u1ea7u xu\u1ea5t b\u1ea3n v\u00e0o n\u0103m 2000, nh\u1eefng t\u00e1c ph\u1ea9m c\u1ee7a ch\u00ednh h\u1ecd v\u00e0 c\u1ee7a th\u00e2n h\u1eefu t\u1ea1i h\u1ea3i ngo\u1ea1i v\u00e0 c\u1ea3 nh\u1eefng t\u00e1c<br>ph\u1ea9m \u0111\u01b0\u1ee3c s\u00e1ng t\u00e1c trong n\u01b0\u1edbc, ho\u1eb7c trong t\u00f9 \u0111\u00e3 \u0111\u01b0\u1ee3c b\u00ed m\u1eadt chuy\u1ec3n ra b\u00ean ngo\u00e0i.<br>Cho \u0111\u1ebfn nay T\u1ee7 S\u00e1ch Ti\u1ebfng Qu\u00ea H\u01b0\u01a1ng \u0111\u00e3 cho ra \u0111\u1eddi h\u01a1n 100 t\u00e1c ph\u1ea9m. M\u1ed7i t\u00e1c ph\u1ea9m l\u00e0 m\u1ed9t t\u1ea5m<br>g\u01b0\u01a1ng ph\u1ea3n \u00e1nh nh\u1eefng \u0111au th\u01b0\u01a1ng c\u1ee7a nh\u1eefng m\u1ea3nh \u0111\u1eddi qu\u1eb1n qu\u1ea1i, d\u01b0\u1edbi s\u1ef1 cai tr\u1ecb h\u00e0 kh\u1eafc c\u1ee7a ch\u1ebf \u0111\u1ed9<br>c\u1ed9ng s\u1ea3n, nh\u1eefng c\u1ea3nh tang th\u01b0\u01a1ng c\u1ee7a \u0111\u1ea5t n\u01b0\u1edbc d\u01b0\u1edbi l\u00f2ng tham lam v\u00f4 l\u01b0\u1ee3ng c\u1ee7a k\u1ebb c\u1ea7m quy\u1ec1n, nh\u1eefng<br>tha h\u00f3a c\u1ee7a m\u1ed9t x\u00e3 h\u1ed9i ch\u1ec9 c\u00f3 ti\u1ec1n b\u1ea1c v\u00e0 quy\u1ec1n l\u1ef1c.<br>T\u1ea5t c\u1ea3 nh\u1eefng t\u00e1c ph\u1ea9m n\u00e0y \u0111\u00e3 \u0111\u01b0\u1ee3c xu\u1ea5t b\u1ea3n th\u00e0nh s\u00e1ch, nay Ban ch\u1ee7 tr\u01b0\u01a1ng c\u1ee7a T\u1ee7 S\u00e1ch Ti\u1ebfng Qu\u00ea<br>h\u01b0\u01a1ng mu\u1ed1n cho s\u1ef1 ph\u1ed5 bi\u1ebfn r\u1ed9ng r\u00e3i h\u01a1n v\u00e0 nh\u1ea5t l\u00e0 \u0111\u1ec3 b\u1ea3o t\u1ed3n nh\u1eefng t\u00e1c ph\u1ea9m gi\u00e1 tr\u1ecb cho c\u00e1c th\u1ebf h\u1ec7<br>mai sau n\u00ean \u0111\u00e3 nh\u1edd h\u1ed9i B\u1ea3o T\u1ed3n L\u1ecbch S\u1eed v\u00e0 V\u0103n H\u00f3a Ng\u01b0\u1eddi M\u1ef9 G\u1ed1c Vi\u1ec7t (Vietnamese American Heritage<br>Foundation VAHF) v\u00e0 C\u00e2u L\u1ea1c B\u1ed9 V\u0103n H\u1ecdc &amp; Ngh\u1ec7 Thu\u1eadt Vi\u1ec7t Nam (Vietnamese Literary &amp; Artistic Club<br>VLAC), C\u00f2n \u0111\u01b0\u1ee3c g\u1ecdi l\u00e0 Nh\u00e0 Vi\u1ec7t Nam th\u00e0nh l\u1eadp T\u1ee7 S\u00e1ch Ti\u1ebfng Qu\u00ea H\u01b0\u01a1ng online qua website:<br>www.vietbooks.org.<br>Trong t\u01b0\u01a1ng lai, Vietbooks.org s\u1ebd nh\u1eadn ph\u1ed5 bi\u1ebfn m\u1ed9t s\u1ed1 t\u00e1c ph\u1ea9m ch\u1ecdn l\u1ecdc c\u1ee7a c\u00e1c th\u00e2n h\u1eefu v\u1edbi \u01b0\u1edbc<br>mong vi\u1ec7c g\u00ecn gi\u1eef v\u00e0 b\u1ea3o t\u1ed3n kho t\u00e0ng v\u0103n ch\u01b0\u01a1ng m\u00e0 th\u1ebf h\u1ec7 cha anh \u0111\u00e3 l\u1ea5y m\u1ed3i h\u00f4i, n\u01b0\u1edbc m\u1eaft v\u00e0 c\u1ea3<br>m\u00e1u \u0111\u1ec3 vi\u1ebft th\u00e0nh nh\u1eefng b\u00e0i h\u1ecdc qu\u00fd gi\u00e1 cho th\u1ebf h\u1ec7 mai sau.<br>Ban \u0110i\u1ec1u H\u00e0nh<br>Nh\u00e0 V\u0103n L\u00ea Th\u1ecb Nh\u1ecb, Ph\u00f3 Gi\u00e1m \u0110\u1ed1c Nh\u00e0 Vi\u1ec7t Nam VLAC<br>Nh\u00e0 B\u00e1o Tri\u1ec1u Giang Nancy B\u00f9i, Ch\u1ee7 t\u1ecbch H\u1ed9i VAHF<\/p>\n\n\n\n<p>&amp;&amp;&amp;&amp;&amp;&amp;&amp;&amp;&amp;&amp;&amp;&amp;&amp;&amp;&amp;&amp;&amp;&amp;&amp;&amp;&amp;&amp;&amp;&amp;&amp;&amp;&amp;&amp;&amp;&amp;&amp;&amp;&amp;&amp;&amp;&amp;&amp;&amp;&amp;&amp;&amp;&amp;&amp;&amp;<br>About Us<br>Since 1975, Vietnam has been entirely governed by the Communist Party of Vietnam. This has led to<br>significant restrictions on freedom of expression for writers and artists. The creative community is not<br>allowed to freely articulate the thoughts, feelings, and aspirations of the people, nor are they permitted<br>to celebrate the truth, goodness, and beauty inherent in human existence. Instead, all artistic endeavors<br>are expected to serve the interests of the Communist Party and uphold its governing position.<br>The media landscape in the country is dominated by over 700 newspapers, numerous radio and<br>television stations, and publishing houses, all of which are controlled by the party and state. Even<br>associations for writers and poets are subject to government oversight, dictating the content and<br>themes of their works. There exists no independent information agency in the private sector.<br>If individuals or organizations deviate from the guidelines set by the Communist Party, they face severe<br>punishment. In the North, two notable instances of such punishment occurred: the Nhan Vam Giai Pham<br>case and the Tram Hoa Dua No (Hundred Flowers Blooming Movement). During these episodes,<br>hundreds of writers and artists endured imprisonment, physical abuse, and the degradation of their<br>basic needs, leading to lives of suffering and mental anguish until their eventual demise. Similarly, in the<br>South, within a short span of time, over 160 writers, journalists, poets, playwrights, and filmmakers<br>were apprehended, incarcerated, and many perished behind bars.<br>In response to these oppressive conditions, a vibrant creative movement emerged overseas as writers<br>and artists sought refuge to pursue freedom. It was within this context that the Tieng Que Huong<br>Bookcase meaning \u201cThe Voice of the beloved country Bookcase\u201d came into existence. Founded by two<br>individuals who experienced firsthand the repression in Vietnam, journalist Tran Phong Vu, who fled to<br>the United States as a refugee in 1975, and Uyen Thao, who resettled in America in 1999 after enduring<br>more than a decade of imprisonment. They began publishing their own works in 2000, along with those<br>of their fellow exiles, as well as clandestinely obtained works created within Vietnam or within the<br>confines of prison, smuggling them abroad for dissemination.<br>To date, Tieng Que Huong Bookcase has produced over 100 works, each serving as a poignant reflection<br>of the anguish endured by those under the oppressive rule of the communist regime. These works<br>vividly depict the tragic realities of a nation plagued by the insatiable greed of its rulers and the<br>pervasive corruption that prioritizes wealth and power above all else.<br>All of these literary creations have been meticulously crafted into books. Now, recognizing the<br>importance of making these invaluable works more widely accessible and preserving them for posterity,<br>the policy committee of the Tieng Que Huong Bookcase has collaborated with the Vietnamese American<br>Heritage Foundation (VAHF) and the Vietnamese Literary &amp; Artistic Club (VLAC), also known as Vietnam<br>House, to establish an online platform: the Voice of the Beloved Country Bookcase Cabinet, accessible<br>via the website www.vietbooks.org.<br>In the future, Vietbooks.org will continue to curate and publish select works contributed by friends and<br>allies, aiming to safeguard the literary treasures painstakingly forged by our ancestors&#8217; generation. It is<br>our collective hope to honor the sweat, tears, and blood invested in creating these works and to impart<br>their invaluable lessons to future generations.<\/p>","protected":false},"excerpt":{"rendered":"<p>L\u1eddi Gi\u1edbi Thi\u1ec7u (About Us)Sau n\u0103m 1975, n\u01b0\u1edbc Vi\u1ec7t Nam ho\u00e0n to\u00e0n r\u01a1i v\u00e0o s\u1ef1 cai tr\u1ecb c\u1ee7a \u0111\u1ea3ng C\u1ed9ng s\u1ea3n Vi\u1ec7t Nam, c\u0169ng nh\u01b0 nh\u1eefngng\u01b0\u1eddi c\u1ea7m b\u00fat t\u1ea1i mi\u1ec1n B\u1eafc, ng\u01b0\u1eddi c\u1ea7m b\u00fat mi\u1ec1n Nam n\u00f3i ri\u00eang v\u00e0 c\u00e1c v\u0103n ngh\u1ec7 s\u0129 n\u00f3i chung, kh\u00f4ng\u0111\u01b0\u1ee3c s\u00e1ng t\u00e1c m\u1ed9t c\u00e1ch t\u1ef1 do \u0111\u1ec3 di\u1ec5n t\u1ea3 [&hellip;]<\/p>","protected":false},"author":1,"featured_media":0,"parent":0,"menu_order":0,"comment_status":"closed","ping_status":"closed","template":"","meta":{"ocean_post_layout":"","ocean_both_sidebars_style":"","ocean_both_sidebars_content_width":0,"ocean_both_sidebars_sidebars_width":0,"ocean_sidebar":"","ocean_second_sidebar":"","ocean_disable_margins":"enable","ocean_add_body_class":"","ocean_shortcode_before_top_bar":"","ocean_shortcode_after_top_bar":"","ocean_shortcode_before_header":"","ocean_shortcode_after_header":"","ocean_has_shortcode":"","ocean_shortcode_after_title":"","ocean_shortcode_before_footer_widgets":"","ocean_shortcode_after_footer_widgets":"","ocean_shortcode_before_footer_bottom":"","ocean_shortcode_after_footer_bottom":"","ocean_display_top_bar":"default","ocean_display_header":"default","ocean_header_style":"","ocean_center_header_left_menu":"","ocean_custom_header_template":"","ocean_custom_logo":0,"ocean_custom_retina_logo":0,"ocean_custom_logo_max_width":0,"ocean_custom_logo_tablet_max_width":0,"ocean_custom_logo_mobile_max_width":0,"ocean_custom_logo_max_height":0,"ocean_custom_logo_tablet_max_height":0,"ocean_custom_logo_mobile_max_height":0,"ocean_header_custom_menu":"","ocean_menu_typo_font_family":"","ocean_menu_typo_font_subset":"","ocean_menu_typo_font_size":0,"ocean_menu_typo_font_size_tablet":0,"ocean_menu_typo_font_size_mobile":0,"ocean_menu_typo_font_size_unit":"px","ocean_menu_typo_font_weight":"","ocean_menu_typo_font_weight_tablet":"","ocean_menu_typo_font_weight_mobile":"","ocean_menu_typo_transform":"","ocean_menu_typo_transform_tablet":"","ocean_menu_typo_transform_mobile":"","ocean_menu_typo_line_height":0,"ocean_menu_typo_line_height_tablet":0,"ocean_menu_typo_line_height_mobile":0,"ocean_menu_typo_line_height_unit":"","ocean_menu_typo_spacing":0,"ocean_menu_typo_spacing_tablet":0,"ocean_menu_typo_spacing_mobile":0,"ocean_menu_typo_spacing_unit":"","ocean_menu_link_color":"","ocean_menu_link_color_hover":"","ocean_menu_link_color_active":"","ocean_menu_link_background":"","ocean_menu_link_hover_background":"","ocean_menu_link_active_background":"","ocean_menu_social_links_bg":"","ocean_menu_social_hover_links_bg":"","ocean_menu_social_links_color":"","ocean_menu_social_hover_links_color":"","ocean_disable_title":"default","ocean_disable_heading":"default","ocean_post_title":"","ocean_post_subheading":"","ocean_post_title_style":"","ocean_post_title_background_color":"","ocean_post_title_background":0,"ocean_post_title_bg_image_position":"","ocean_post_title_bg_image_attachment":"","ocean_post_title_bg_image_repeat":"","ocean_post_title_bg_image_size":"","ocean_post_title_height":0,"ocean_post_title_bg_overlay":0.5,"ocean_post_title_bg_overlay_color":"","ocean_disable_breadcrumbs":"default","ocean_breadcrumbs_color":"","ocean_breadcrumbs_separator_color":"","ocean_breadcrumbs_links_color":"","ocean_breadcrumbs_links_hover_color":"","ocean_display_footer_widgets":"default","ocean_display_footer_bottom":"default","ocean_custom_footer_template":"","footnotes":""},"class_list":["post-346","page","type-page","status-publish","hentry","entry","owp-thumbs-layout-horizontal","owp-btn-normal","owp-tabs-layout-horizontal","has-no-thumbnails","has-product-nav"],"yoast_head":"<!-- This site is optimized with the Yoast SEO plugin v22.2 - https:\/\/yoast.com\/wordpress\/plugins\/seo\/ -->\n<title>About Us - vietbooks.org<\/title>\n<meta name=\"robots\" content=\"index, follow, max-snippet:-1, max-image-preview:large, max-video-preview:-1\" \/>\n<link rel=\"canonical\" href=\"https:\/\/vietbooks.org\/vi\/about-us\/\" \/>\n<meta property=\"og:locale\" content=\"vi_VN\" \/>\n<meta property=\"og:type\" content=\"article\" \/>\n<meta property=\"og:title\" content=\"About Us - vietbooks.org\" \/>\n<meta property=\"og:description\" content=\"L\u1eddi Gi\u1edbi Thi\u1ec7u (About Us)Sau n\u0103m 1975, n\u01b0\u1edbc Vi\u1ec7t Nam ho\u00e0n to\u00e0n r\u01a1i v\u00e0o s\u1ef1 cai tr\u1ecb c\u1ee7a \u0111\u1ea3ng C\u1ed9ng s\u1ea3n Vi\u1ec7t Nam, c\u0169ng nh\u01b0 nh\u1eefngng\u01b0\u1eddi c\u1ea7m b\u00fat t\u1ea1i mi\u1ec1n B\u1eafc, ng\u01b0\u1eddi c\u1ea7m b\u00fat mi\u1ec1n Nam n\u00f3i ri\u00eang v\u00e0 c\u00e1c v\u0103n ngh\u1ec7 s\u0129 n\u00f3i chung, kh\u00f4ng\u0111\u01b0\u1ee3c s\u00e1ng t\u00e1c m\u1ed9t c\u00e1ch t\u1ef1 do \u0111\u1ec3 di\u1ec5n t\u1ea3 [&hellip;]\" \/>\n<meta property=\"og:url\" content=\"https:\/\/vietbooks.org\/vi\/about-us\/\" \/>\n<meta property=\"og:site_name\" content=\"vietbooks.org\" \/>\n<meta property=\"article:modified_time\" content=\"2024-03-23T14:55:44+00:00\" \/>\n<meta name=\"twitter:card\" content=\"summary_large_image\" \/>\n<meta name=\"twitter:label1\" content=\"\u01af\u1edbc t\u00ednh th\u1eddi gian \u0111\u1ecdc\" \/>\n\t<meta name=\"twitter:data1\" content=\"6 ph\u00fat\" \/>\n<script type=\"application\/ld+json\" class=\"yoast-schema-graph\">{\"@context\":\"https:\/\/schema.org\",\"@graph\":[{\"@type\":\"WebPage\",\"@id\":\"https:\/\/vietbooks.org\/about-us\/\",\"url\":\"https:\/\/vietbooks.org\/about-us\/\",\"name\":\"About Us - vietbooks.org\",\"isPartOf\":{\"@id\":\"http:\/\/vietbooks.org\/#website\"},\"datePublished\":\"2024-03-23T14:55:42+00:00\",\"dateModified\":\"2024-03-23T14:55:44+00:00\",\"breadcrumb\":{\"@id\":\"https:\/\/vietbooks.org\/about-us\/#breadcrumb\"},\"inLanguage\":\"vi\",\"potentialAction\":[{\"@type\":\"ReadAction\",\"target\":[\"https:\/\/vietbooks.org\/about-us\/\"]}]},{\"@type\":\"BreadcrumbList\",\"@id\":\"https:\/\/vietbooks.org\/about-us\/#breadcrumb\",\"itemListElement\":[{\"@type\":\"ListItem\",\"position\":1,\"name\":\"Home\",\"item\":\"https:\/\/vietbooks.org\/\"},{\"@type\":\"ListItem\",\"position\":2,\"name\":\"About Us\"}]},{\"@type\":\"WebSite\",\"@id\":\"http:\/\/vietbooks.org\/#website\",\"url\":\"http:\/\/vietbooks.org\/\",\"name\":\"vietbooks.org\",\"description\":\"\",\"potentialAction\":[{\"@type\":\"SearchAction\",\"target\":{\"@type\":\"EntryPoint\",\"urlTemplate\":\"http:\/\/vietbooks.org\/?s={search_term_string}\"},\"query-input\":\"required name=search_term_string\"}],\"inLanguage\":\"vi\"}]}<\/script>\n<!-- \/ Yoast SEO plugin. -->","yoast_head_json":{"title":"About Us - vietbooks.org","robots":{"index":"index","follow":"follow","max-snippet":"max-snippet:-1","max-image-preview":"max-image-preview:large","max-video-preview":"max-video-preview:-1"},"canonical":"https:\/\/vietbooks.org\/vi\/about-us\/","og_locale":"vi_VN","og_type":"article","og_title":"About Us - vietbooks.org","og_description":"L\u1eddi Gi\u1edbi Thi\u1ec7u (About Us)Sau n\u0103m 1975, n\u01b0\u1edbc Vi\u1ec7t Nam ho\u00e0n to\u00e0n r\u01a1i v\u00e0o s\u1ef1 cai tr\u1ecb c\u1ee7a \u0111\u1ea3ng C\u1ed9ng s\u1ea3n Vi\u1ec7t Nam, c\u0169ng nh\u01b0 nh\u1eefngng\u01b0\u1eddi c\u1ea7m b\u00fat t\u1ea1i mi\u1ec1n B\u1eafc, ng\u01b0\u1eddi c\u1ea7m b\u00fat mi\u1ec1n Nam n\u00f3i ri\u00eang v\u00e0 c\u00e1c v\u0103n ngh\u1ec7 s\u0129 n\u00f3i chung, kh\u00f4ng\u0111\u01b0\u1ee3c s\u00e1ng t\u00e1c m\u1ed9t c\u00e1ch t\u1ef1 do \u0111\u1ec3 di\u1ec5n t\u1ea3 [&hellip;]","og_url":"https:\/\/vietbooks.org\/vi\/about-us\/","og_site_name":"vietbooks.org","article_modified_time":"2024-03-23T14:55:44+00:00","twitter_card":"summary_large_image","twitter_misc":{"\u01af\u1edbc t\u00ednh th\u1eddi gian \u0111\u1ecdc":"6 ph\u00fat"},"schema":{"@context":"https:\/\/schema.org","@graph":[{"@type":"WebPage","@id":"https:\/\/vietbooks.org\/about-us\/","url":"https:\/\/vietbooks.org\/about-us\/","name":"About Us - vietbooks.org","isPartOf":{"@id":"http:\/\/vietbooks.org\/#website"},"datePublished":"2024-03-23T14:55:42+00:00","dateModified":"2024-03-23T14:55:44+00:00","breadcrumb":{"@id":"https:\/\/vietbooks.org\/about-us\/#breadcrumb"},"inLanguage":"vi","potentialAction":[{"@type":"ReadAction","target":["https:\/\/vietbooks.org\/about-us\/"]}]},{"@type":"BreadcrumbList","@id":"https:\/\/vietbooks.org\/about-us\/#breadcrumb","itemListElement":[{"@type":"ListItem","position":1,"name":"Home","item":"https:\/\/vietbooks.org\/"},{"@type":"ListItem","position":2,"name":"About Us"}]},{"@type":"WebSite","@id":"http:\/\/vietbooks.org\/#website","url":"http:\/\/vietbooks.org\/","name":"vietbooks.org","description":"","potentialAction":[{"@type":"SearchAction","target":{"@type":"EntryPoint","urlTemplate":"http:\/\/vietbooks.org\/?s={search_term_string}"},"query-input":"required name=search_term_string"}],"inLanguage":"vi"}]}},"jetpack_sharing_enabled":true,"_links":{"self":[{"href":"https:\/\/vietbooks.org\/vi\/wp-json\/wp\/v2\/pages\/346","targetHints":{"allow":["GET"]}}],"collection":[{"href":"https:\/\/vietbooks.org\/vi\/wp-json\/wp\/v2\/pages"}],"about":[{"href":"https:\/\/vietbooks.org\/vi\/wp-json\/wp\/v2\/types\/page"}],"author":[{"embeddable":true,"href":"https:\/\/vietbooks.org\/vi\/wp-json\/wp\/v2\/users\/1"}],"replies":[{"embeddable":true,"href":"https:\/\/vietbooks.org\/vi\/wp-json\/wp\/v2\/comments?post=346"}],"version-history":[{"count":1,"href":"https:\/\/vietbooks.org\/vi\/wp-json\/wp\/v2\/pages\/346\/revisions"}],"predecessor-version":[{"id":347,"href":"https:\/\/vietbooks.org\/vi\/wp-json\/wp\/v2\/pages\/346\/revisions\/347"}],"wp:attachment":[{"href":"https:\/\/vietbooks.org\/vi\/wp-json\/wp\/v2\/media?parent=346"}],"curies":[{"name":"wp","href":"https:\/\/api.w.org\/{rel}","templated":true}]}}