{"id":51,"date":"2016-08-22T20:08:47","date_gmt":"2016-08-22T20:08:47","guid":{"rendered":"https:\/\/oceanwp.org\/simple\/?post_type=product&#038;p=51"},"modified":"2024-03-23T01:29:54","modified_gmt":"2024-03-23T06:29:54","slug":"di-tim-nhan-vat","status":"publish","type":"product","link":"https:\/\/vietbooks.org\/vi\/san-pham\/di-tim-nhan-vat","title":{"rendered":"\u0110I T\u00ccM NH\u00c2N V\u1eacT"},"content":{"rendered":"<p>\u0110I T\u00ccM NH\u00c2N V\u1eacT<br \/>\nT\u00e1c gi\u1ea3: T\u1ea1 Duy Anh<br \/>\nT\u1ea1 Duy Anh t\u00ean th\u1eadt l\u00e0 T\u1ea1 Vi\u1ebft \u0110\u0103ng.<br \/>\nSinh ng\u00e0y 9 th\u00e1ng 9 n\u0103m 1959 t\u1ea1i H\u00e0 T\u00e2y .<br \/>\n1980 b\u1eaft \u0111\u1ea7u vi\u1ebft v\u0103n<br \/>\n\u0110\u00e3 xu\u1ea5t b\u1ea3n g\u1ea7n 30 t\u00e1c ph\u1ea9m.<br \/>\n&amp;quot; \u0110i T\u00ecm Nh\u00e2n V\u1eadt&amp;quot; \u0111\u00e3 b\u1ecb c\u1ea5m \u1edf trong n\u01b0\u1edbc khi v\u1eeba in xong.<br \/>\n\u0110i T\u00ecm Nh\u00e2n V\u1eadt l\u00e0 m\u1ed9t t\u00e1c ph\u1ea9m h\u01b0 c\u1ea5u v\u1edbi nh\u1eefng s\u1ef1 vi\u1ec7c di\u1ec5n bi\u1ebfn trong<br \/>\nm\u1ed9t th\u1eddi gian v\u00e0 \u1edf m\u1ed9t kh\u00f4ng gian ho\u00e0n to\u00e0n kh\u00f4ng x\u00e1c \u0111\u1ecbnh. T\u00e1c ph\u1ea9m m\u1edf<br \/>\n\u0111\u1ea7u b\u1eb1ng \u00fd \u0111\u1ed3 c\u1ee7a m\u1ed9t nh\u00e2n v\u1eadt mu\u1ed1n thu g\u00f3p t\u1eeb c\u00e1c nh\u00e2n ch\u1ee9ng nh\u1eefng s\u1ef1<br \/>\nvi\u1ec7c li\u00ean quan \u0111\u1ebfn m\u1ed9t v\u1ee5 \u00e1n m\u1ea1ng v\u1eeba x\u1ea3y ra.<br \/>\nH\u00e0nh vi c\u1ee5 th\u1ec3 v\u1edbi gi\u1edbi h\u1ea1n r\u00f5 r\u00e0ng \u0111\u00f3, d\u01b0\u1edbi ng\u00f2i b\u00fat T\u1ea1 Duy Anh, \u0111\u00e3 m\u1edf ra<br \/>\nm\u1ed9t v\u00f9ng tr\u1eddi m\u00eanh m\u00f4ng, \u0111\u01b0a ng\u01b0\u1eddi \u0111\u1ecdc ti\u1ebfp c\u1eadn v\u1edbi h\u00e0ng lo\u1ea1t v\u1ea5n \u0111\u1ec1 sinh<br \/>\nt\u1eed c\u1ee7a con ng\u01b0\u1eddi , k\u1ec3 c\u1ea3 v\u1ea5n \u0111\u1ec1 gai g\u00f3c nh\u1ea5t l\u00e0 \u00fd ngh\u0129a c\u1ee7a s\u1ef1 s\u1ed1ng.<br \/>\nCu\u1ed9c truy t\u1ea7m th\u1ee7 ph\u1ea1m \u0111\u00e2m ch\u1ebft m\u1ed9t th\u1eb1ng b\u00e9 \u0111\u00e1nh gi\u00e0y v\u00f4 danh, v\u1ea5t<br \/>\nv\u01b0\u1edfng tr\u00ean h\u00e8 ph\u1ed1 tr\u1edf th\u00e0nh cu\u1ed9c truy t\u1ea7m th\u1ee7 ph\u1ea1m b\u00f3p ch\u1ebft cu\u1ed9c s\u1ed1ng<br \/>\nc\u1ee7a c\u1ea3 m\u1ed9t d\u00e2n t\u1ed9c &#8211; th\u1eadm ch\u00ed l\u00e0 truy t\u1ea7m th\u00f9 ph\u1ea1m b\u00f3p ch\u1ebft cu\u1ed9c s\u1ed1ng c\u1ee7a<br \/>\ncon ng\u01b0\u1eddi trong c\u00e1i th\u1eddi \u0111\u1ea1i v\u1eabn \u0111\u01b0\u1ee3c bi\u1ec3u d\u01b0\u01a1ng l\u00e0 th\u1eddi \u0111\u1ea1i c\u1ee7a \u00e1nh s\u00e1ng tr\u00ed<br \/>\ntu\u1ec7 hi\u1ec7n nay.<\/p>\n<p>\u0110I T\u00ccM NH\u00c2N V\u1eacT (IN SEARCH OF CHARACTERS)<br \/>\nAuthor: T\u1ea1 Duy Anh<br \/>\nT\u1ea1 Duy Anh&amp;#39;s real name is T\u1ea1 Vi\u1ebft \u0110\u0103ng.<br \/>\nBorn on September 9, 1959, in H\u00e0 T\u00e2y.<br \/>\nStarted writing in 1980.<br \/>\nHas published nearly 30 books.<br \/>\n&amp;quot;In Search of Characters&amp;quot; was banned domestically immediately after being<br \/>\nprinted.<\/p>\n<p>&amp;quot;In Search of Characters&amp;quot; is a fictional work with events unfolding over a<br \/>\nperiod of time and in a completely undefined space. The work begins with<\/p>\n<p>the intention of a character to gather testimonies from witnesses regarding a<br \/>\nrecent murder case.<br \/>\nWith that specific scope, under T\u1ea1 Duy Anh&amp;#39;s pen, a vast expanse is opened<br \/>\nup, bringing readers into a series of life and death issues faced by humans,<br \/>\nincluding the most poignant issue: the meaning of life.<br \/>\nThe pursuit of the culprit who stabbed a nameless shoe-shining child,<br \/>\nstruggling on the sidewalk, becomes a pursuit that squeezes the life out of<br \/>\nan entire nation &#8211; even a pursuit that squeezes the life out of humanity in an<br \/>\nera still celebrated as an age of enlightenment today.<\/p>","protected":false},"excerpt":{"rendered":"<p>\u0110I T\u00ccM NH\u00c2N V\u1eacT T\u00e1c gi\u1ea3: T\u1ea1 Duy Anh T\u1ea1 Duy Anh t\u00ean th\u1eadt l\u00e0 T\u1ea1 Vi\u1ebft \u0110\u0103ng. Sinh ng\u00e0y 9 th\u00e1ng 9 n\u0103m 1959 t\u1ea1i H\u00e0 T\u00e2y . 1980 b\u1eaft \u0111\u1ea7u vi\u1ebft v\u0103n \u0110\u00e3 xu\u1ea5t b\u1ea3n g\u1ea7n 30 t\u00e1c ph\u1ea9m. &amp;quot; \u0110i T\u00ecm Nh\u00e2n V\u1eadt&amp;quot; \u0111\u00e3 b\u1ecb c\u1ea5m \u1edf trong n\u01b0\u1edbc khi v\u1eeba in [&hellip;]<\/p>","protected":false},"featured_media":311,"comment_status":"open","ping_status":"closed","template":"","meta":{"ocean_post_layout":"","ocean_both_sidebars_style":"","ocean_both_sidebars_content_width":0,"ocean_both_sidebars_sidebars_width":0,"ocean_sidebar":"0","ocean_second_sidebar":"0","ocean_disable_margins":"enable","ocean_add_body_class":"","ocean_shortcode_before_top_bar":"","ocean_shortcode_after_top_bar":"","ocean_shortcode_before_header":"","ocean_shortcode_after_header":"","ocean_has_shortcode":"","ocean_shortcode_after_title":"","ocean_shortcode_before_footer_widgets":"","ocean_shortcode_after_footer_widgets":"","ocean_shortcode_before_footer_bottom":"","ocean_shortcode_after_footer_bottom":"","ocean_display_top_bar":"default","ocean_display_header":"default","ocean_header_style":"","ocean_center_header_left_menu":"0","ocean_custom_header_template":"0","ocean_custom_logo":0,"ocean_custom_retina_logo":0,"ocean_custom_logo_max_width":0,"ocean_custom_logo_tablet_max_width":0,"ocean_custom_logo_mobile_max_width":0,"ocean_custom_logo_max_height":0,"ocean_custom_logo_tablet_max_height":0,"ocean_custom_logo_mobile_max_height":0,"ocean_header_custom_menu":"0","ocean_menu_typo_font_family":"0","ocean_menu_typo_font_subset":"","ocean_menu_typo_font_size":0,"ocean_menu_typo_font_size_tablet":0,"ocean_menu_typo_font_size_mobile":0,"ocean_menu_typo_font_size_unit":"px","ocean_menu_typo_font_weight":"","ocean_menu_typo_font_weight_tablet":"","ocean_menu_typo_font_weight_mobile":"","ocean_menu_typo_transform":"","ocean_menu_typo_transform_tablet":"","ocean_menu_typo_transform_mobile":"","ocean_menu_typo_line_height":0,"ocean_menu_typo_line_height_tablet":0,"ocean_menu_typo_line_height_mobile":0,"ocean_menu_typo_line_height_unit":"","ocean_menu_typo_spacing":0,"ocean_menu_typo_spacing_tablet":0,"ocean_menu_typo_spacing_mobile":0,"ocean_menu_typo_spacing_unit":"","ocean_menu_link_color":"","ocean_menu_link_color_hover":"","ocean_menu_link_color_active":"","ocean_menu_link_background":"","ocean_menu_link_hover_background":"","ocean_menu_link_active_background":"","ocean_menu_social_links_bg":"","ocean_menu_social_hover_links_bg":"","ocean_menu_social_links_color":"","ocean_menu_social_hover_links_color":"","ocean_disable_title":"default","ocean_disable_heading":"default","ocean_post_title":"","ocean_post_subheading":"","ocean_post_title_style":"","ocean_post_title_background_color":"","ocean_post_title_background":0,"ocean_post_title_bg_image_position":"","ocean_post_title_bg_image_attachment":"","ocean_post_title_bg_image_repeat":"","ocean_post_title_bg_image_size":"","ocean_post_title_height":400,"ocean_post_title_bg_overlay":0.5,"ocean_post_title_bg_overlay_color":"","ocean_disable_breadcrumbs":"default","ocean_breadcrumbs_color":"","ocean_breadcrumbs_separator_color":"","ocean_breadcrumbs_links_color":"","ocean_breadcrumbs_links_hover_color":"","ocean_display_footer_widgets":"default","ocean_display_footer_bottom":"default","ocean_custom_footer_template":"0"},"product_cat":[28],"product_tag":[],"class_list":{"0":"post-51","1":"product","2":"type-product","3":"status-publish","4":"has-post-thumbnail","6":"product_cat-books","8":"entry","9":"has-media","11":"first","12":"instock","13":"downloadable","14":"virtual","15":"taxable","16":"purchasable","17":"product-type-simple","18":"has-product-nav","19":"col","20":"span_1_of_3","21":"owp-content-center","22":"owp-thumbs-layout-horizontal","23":"owp-btn-normal","24":"owp-tabs-layout-horizontal","25":"has-no-thumbnails"},"yoast_head":"<!-- This site is optimized with the Yoast SEO plugin v22.2 - https:\/\/yoast.com\/wordpress\/plugins\/seo\/ -->\n<title>\u0110I T\u00ccM NH\u00c2N V\u1eacT - vietbooks.org<\/title>\n<meta name=\"robots\" content=\"index, follow, max-snippet:-1, max-image-preview:large, max-video-preview:-1\" \/>\n<link rel=\"canonical\" href=\"https:\/\/vietbooks.org\/vi\/san-pham\/di-tim-nhan-vat\/\" \/>\n<meta property=\"og:locale\" content=\"vi_VN\" \/>\n<meta property=\"og:type\" content=\"article\" \/>\n<meta property=\"og:title\" content=\"\u0110I T\u00ccM NH\u00c2N V\u1eacT - vietbooks.org\" \/>\n<meta property=\"og:description\" content=\"\u0110I T\u00ccM NH\u00c2N V\u1eacT T\u00e1c gi\u1ea3: T\u1ea1 Duy Anh T\u1ea1 Duy Anh t\u00ean th\u1eadt l\u00e0 T\u1ea1 Vi\u1ebft \u0110\u0103ng. Sinh ng\u00e0y 9 th\u00e1ng 9 n\u0103m 1959 t\u1ea1i H\u00e0 T\u00e2y . 1980 b\u1eaft \u0111\u1ea7u vi\u1ebft v\u0103n \u0110\u00e3 xu\u1ea5t b\u1ea3n g\u1ea7n 30 t\u00e1c ph\u1ea9m. &amp;quot; \u0110i T\u00ecm Nh\u00e2n V\u1eadt&amp;quot; \u0111\u00e3 b\u1ecb c\u1ea5m \u1edf trong n\u01b0\u1edbc khi v\u1eeba in [&hellip;]\" \/>\n<meta property=\"og:url\" content=\"https:\/\/vietbooks.org\/vi\/san-pham\/di-tim-nhan-vat\/\" \/>\n<meta property=\"og:site_name\" content=\"vietbooks.org\" \/>\n<meta property=\"article:modified_time\" content=\"2024-03-23T06:29:54+00:00\" \/>\n<meta property=\"og:image\" content=\"https:\/\/vietbooks.org\/wp-content\/uploads\/2016\/08\/Bia-DiTimNhanVat.jpg\" \/>\n\t<meta property=\"og:image:width\" content=\"412\" \/>\n\t<meta property=\"og:image:height\" content=\"640\" \/>\n\t<meta property=\"og:image:type\" content=\"image\/jpeg\" \/>\n<meta name=\"twitter:card\" content=\"summary_large_image\" \/>\n<meta name=\"twitter:label1\" content=\"\u01af\u1edbc t\u00ednh th\u1eddi gian \u0111\u1ecdc\" \/>\n\t<meta name=\"twitter:data1\" content=\"2 ph\u00fat\" \/>\n<script type=\"application\/ld+json\" class=\"yoast-schema-graph\">{\"@context\":\"https:\/\/schema.org\",\"@graph\":[{\"@type\":\"WebPage\",\"@id\":\"https:\/\/vietbooks.org\/product\/di-tim-nhan-vat\/\",\"url\":\"https:\/\/vietbooks.org\/product\/di-tim-nhan-vat\/\",\"name\":\"\u0110I T\u00ccM NH\u00c2N V\u1eacT - vietbooks.org\",\"isPartOf\":{\"@id\":\"http:\/\/vietbooks.org\/#website\"},\"primaryImageOfPage\":{\"@id\":\"https:\/\/vietbooks.org\/product\/di-tim-nhan-vat\/#primaryimage\"},\"image\":{\"@id\":\"https:\/\/vietbooks.org\/product\/di-tim-nhan-vat\/#primaryimage\"},\"thumbnailUrl\":\"https:\/\/vietbooks.org\/wp-content\/uploads\/2016\/08\/Bia-DiTimNhanVat.jpg\",\"datePublished\":\"2016-08-22T20:08:47+00:00\",\"dateModified\":\"2024-03-23T06:29:54+00:00\",\"breadcrumb\":{\"@id\":\"https:\/\/vietbooks.org\/product\/di-tim-nhan-vat\/#breadcrumb\"},\"inLanguage\":\"vi\",\"potentialAction\":[{\"@type\":\"ReadAction\",\"target\":[\"https:\/\/vietbooks.org\/product\/di-tim-nhan-vat\/\"]}]},{\"@type\":\"ImageObject\",\"inLanguage\":\"vi\",\"@id\":\"https:\/\/vietbooks.org\/product\/di-tim-nhan-vat\/#primaryimage\",\"url\":\"https:\/\/vietbooks.org\/wp-content\/uploads\/2016\/08\/Bia-DiTimNhanVat.jpg\",\"contentUrl\":\"https:\/\/vietbooks.org\/wp-content\/uploads\/2016\/08\/Bia-DiTimNhanVat.jpg\",\"width\":412,\"height\":640},{\"@type\":\"BreadcrumbList\",\"@id\":\"https:\/\/vietbooks.org\/product\/di-tim-nhan-vat\/#breadcrumb\",\"itemListElement\":[{\"@type\":\"ListItem\",\"position\":1,\"name\":\"Home\",\"item\":\"https:\/\/vietbooks.org\/\"},{\"@type\":\"ListItem\",\"position\":2,\"name\":\"Shop\",\"item\":\"https:\/\/vietbooks.org\/shop-2\/\"},{\"@type\":\"ListItem\",\"position\":3,\"name\":\"\u0110I T\u00ccM NH\u00c2N V\u1eacT\"}]},{\"@type\":\"WebSite\",\"@id\":\"http:\/\/vietbooks.org\/#website\",\"url\":\"http:\/\/vietbooks.org\/\",\"name\":\"vietbooks.org\",\"description\":\"\",\"potentialAction\":[{\"@type\":\"SearchAction\",\"target\":{\"@type\":\"EntryPoint\",\"urlTemplate\":\"http:\/\/vietbooks.org\/?s={search_term_string}\"},\"query-input\":\"required name=search_term_string\"}],\"inLanguage\":\"vi\"}]}<\/script>\n<!-- \/ Yoast SEO plugin. -->","yoast_head_json":{"title":"\u0110I T\u00ccM NH\u00c2N V\u1eacT - vietbooks.org","robots":{"index":"index","follow":"follow","max-snippet":"max-snippet:-1","max-image-preview":"max-image-preview:large","max-video-preview":"max-video-preview:-1"},"canonical":"https:\/\/vietbooks.org\/vi\/san-pham\/di-tim-nhan-vat\/","og_locale":"vi_VN","og_type":"article","og_title":"\u0110I T\u00ccM NH\u00c2N V\u1eacT - vietbooks.org","og_description":"\u0110I T\u00ccM NH\u00c2N V\u1eacT T\u00e1c gi\u1ea3: T\u1ea1 Duy Anh T\u1ea1 Duy Anh t\u00ean th\u1eadt l\u00e0 T\u1ea1 Vi\u1ebft \u0110\u0103ng. Sinh ng\u00e0y 9 th\u00e1ng 9 n\u0103m 1959 t\u1ea1i H\u00e0 T\u00e2y . 1980 b\u1eaft \u0111\u1ea7u vi\u1ebft v\u0103n \u0110\u00e3 xu\u1ea5t b\u1ea3n g\u1ea7n 30 t\u00e1c ph\u1ea9m. &amp;quot; \u0110i T\u00ecm Nh\u00e2n V\u1eadt&amp;quot; \u0111\u00e3 b\u1ecb c\u1ea5m \u1edf trong n\u01b0\u1edbc khi v\u1eeba in [&hellip;]","og_url":"https:\/\/vietbooks.org\/vi\/san-pham\/di-tim-nhan-vat\/","og_site_name":"vietbooks.org","article_modified_time":"2024-03-23T06:29:54+00:00","og_image":[{"width":412,"height":640,"url":"https:\/\/vietbooks.org\/wp-content\/uploads\/2016\/08\/Bia-DiTimNhanVat.jpg","type":"image\/jpeg"}],"twitter_card":"summary_large_image","twitter_misc":{"\u01af\u1edbc t\u00ednh th\u1eddi gian \u0111\u1ecdc":"2 ph\u00fat"},"schema":{"@context":"https:\/\/schema.org","@graph":[{"@type":"WebPage","@id":"https:\/\/vietbooks.org\/product\/di-tim-nhan-vat\/","url":"https:\/\/vietbooks.org\/product\/di-tim-nhan-vat\/","name":"\u0110I T\u00ccM NH\u00c2N V\u1eacT - vietbooks.org","isPartOf":{"@id":"http:\/\/vietbooks.org\/#website"},"primaryImageOfPage":{"@id":"https:\/\/vietbooks.org\/product\/di-tim-nhan-vat\/#primaryimage"},"image":{"@id":"https:\/\/vietbooks.org\/product\/di-tim-nhan-vat\/#primaryimage"},"thumbnailUrl":"https:\/\/vietbooks.org\/wp-content\/uploads\/2016\/08\/Bia-DiTimNhanVat.jpg","datePublished":"2016-08-22T20:08:47+00:00","dateModified":"2024-03-23T06:29:54+00:00","breadcrumb":{"@id":"https:\/\/vietbooks.org\/product\/di-tim-nhan-vat\/#breadcrumb"},"inLanguage":"vi","potentialAction":[{"@type":"ReadAction","target":["https:\/\/vietbooks.org\/product\/di-tim-nhan-vat\/"]}]},{"@type":"ImageObject","inLanguage":"vi","@id":"https:\/\/vietbooks.org\/product\/di-tim-nhan-vat\/#primaryimage","url":"https:\/\/vietbooks.org\/wp-content\/uploads\/2016\/08\/Bia-DiTimNhanVat.jpg","contentUrl":"https:\/\/vietbooks.org\/wp-content\/uploads\/2016\/08\/Bia-DiTimNhanVat.jpg","width":412,"height":640},{"@type":"BreadcrumbList","@id":"https:\/\/vietbooks.org\/product\/di-tim-nhan-vat\/#breadcrumb","itemListElement":[{"@type":"ListItem","position":1,"name":"Home","item":"https:\/\/vietbooks.org\/"},{"@type":"ListItem","position":2,"name":"Shop","item":"https:\/\/vietbooks.org\/shop-2\/"},{"@type":"ListItem","position":3,"name":"\u0110I T\u00ccM NH\u00c2N V\u1eacT"}]},{"@type":"WebSite","@id":"http:\/\/vietbooks.org\/#website","url":"http:\/\/vietbooks.org\/","name":"vietbooks.org","description":"","potentialAction":[{"@type":"SearchAction","target":{"@type":"EntryPoint","urlTemplate":"http:\/\/vietbooks.org\/?s={search_term_string}"},"query-input":"required name=search_term_string"}],"inLanguage":"vi"}]}},"jetpack_sharing_enabled":true,"_links":{"self":[{"href":"https:\/\/vietbooks.org\/vi\/wp-json\/wp\/v2\/product\/51","targetHints":{"allow":["GET"]}}],"collection":[{"href":"https:\/\/vietbooks.org\/vi\/wp-json\/wp\/v2\/product"}],"about":[{"href":"https:\/\/vietbooks.org\/vi\/wp-json\/wp\/v2\/types\/product"}],"replies":[{"embeddable":true,"href":"https:\/\/vietbooks.org\/vi\/wp-json\/wp\/v2\/comments?post=51"}],"wp:featuredmedia":[{"embeddable":true,"href":"https:\/\/vietbooks.org\/vi\/wp-json\/wp\/v2\/media\/311"}],"wp:attachment":[{"href":"https:\/\/vietbooks.org\/vi\/wp-json\/wp\/v2\/media?parent=51"}],"wp:term":[{"taxonomy":"product_cat","embeddable":true,"href":"https:\/\/vietbooks.org\/vi\/wp-json\/wp\/v2\/product_cat?post=51"},{"taxonomy":"product_tag","embeddable":true,"href":"https:\/\/vietbooks.org\/vi\/wp-json\/wp\/v2\/product_tag?post=51"}],"curies":[{"name":"wp","href":"https:\/\/api.w.org\/{rel}","templated":true}]}}