{"id":54,"date":"2016-08-22T21:34:17","date_gmt":"2016-08-22T21:34:17","guid":{"rendered":"https:\/\/oceanwp.org\/simple\/product\/gold-diamonds-watch\/"},"modified":"2024-03-23T01:32:46","modified_gmt":"2024-03-23T06:32:46","slug":"chan-uot-chan-rao","status":"publish","type":"product","link":"https:\/\/vietbooks.org\/vi\/san-pham\/chan-uot-chan-rao","title":{"rendered":"CH\u00c2N \u01af\u1edaT CH\u00c2N R\u00c1O"},"content":{"rendered":"<p>CH\u00c2N \u01af\u1edaT CH\u00c2N R\u00c1O<br \/>\nT\u00e1c gi\u1ea3: L\u00ea Thi\u1ec7p<br \/>\nL\u00ea Thi\u1ec7p sinh n\u0103m 1944 t\u1ea1i S\u01a1n T\u00e2y, B\u1eafc Vi\u1ec7t<br \/>\nTr\u01b0\u1edbc n\u0103m 1975 l\u00e0 ph\u00f3ng vi\u00ean v\u00e0 bi\u00ean t\u1eadp vi\u00ean c\u1ee7a hai nh\u1eadt b\u00e1o Ch\u00ednh Lu\u1eadn<br \/>\nv\u00e0 S\u00f3ng Th\u1ea7n xu\u1ea5t b\u1ea3n t\u1ea1i S\u00e0i G\u00f2n.<br \/>\nN\u0103m 1979 v\u01b0\u1ee3t bi\u00ean qua Nh\u1eadt r\u1ed3i sau \u0111\u00f3 qua \u0111\u1ecbnh c\u01b0 t\u1ea1ii Hoa K\u1ef3.<br \/>\nCh\u00e2n \u01af\u1edbt Ch\u00e2n R\u00e1o? qu\u1ea3 th\u1eadt kh\u00f4ng l\u00fac n\u00e0o trong cu\u1ed9c s\u1ed1ng l\u01b0u vong<br \/>\nnh\u1eefng suy ngh\u0129, nh\u1eefng c\u00e1i nh\u00ecn l\u1ea1i kh\u00f4ng v\u01b0\u1edbng m\u1eafc v\u00e0o qu\u00e1 kh\u1ee9 Vi\u1ec7t Nam.<br \/>\nC\u00e1i qu\u00e1 kh\u1ee9 kh\u00f4ng th\u1ec3 c\u1eaft b\u1ecf v\u00e0 c\u00e1i hi\u1ec7n t\u1ea1i l\u01b0u vong kh\u00f4ng th\u1ec3 ph\u1ee7 nh\u1eadn,<br \/>\nhai th\u1ef1c t\u1ea1i \u0111\u00f3 qu\u1ea5n l\u1ea5y nhau v\u00e0 v\u00e2y b\u1ed5 nh\u1eefng suy ngh\u0129, nh\u1eefng c\u00e1i nh\u00ecn.<br \/>\nCho d\u00f9 ng\u1ed3i \u0103n gi\u1eefa nh\u1eefng ng\u01b0\u1eddi b\u1ea3n x\u1ee9 da tr\u1eafng, da \u0111en, t\u00e2m s\u1ef1 \u0111\u1eddi, b\u00e0n<br \/>\nv\u1ec1 ch\u00ednh tr\u1ecb hay b\u1ea5t c\u1ee9 \u0111\u1ec1 t\u00e0i n\u00e0o sao v\u1eabn th\u1ea5y m\u00ecnh nh\u01b0 l\u1ea1c l\u00f5ng, nh\u01b0 k\u1ebb<br \/>\n\u0111\u1ee9ng b\u00ean l\u1ec1<\/p>","protected":false},"excerpt":{"rendered":"<p>CH\u00c2N \u01af\u1edaT CH\u00c2N R\u00c1O T\u00e1c gi\u1ea3: L\u00ea Thi\u1ec7p L\u00ea Thi\u1ec7p sinh n\u0103m 1944 t\u1ea1i S\u01a1n T\u00e2y, B\u1eafc Vi\u1ec7t Tr\u01b0\u1edbc n\u0103m 1975 l\u00e0 ph\u00f3ng vi\u00ean v\u00e0 bi\u00ean t\u1eadp vi\u00ean c\u1ee7a hai nh\u1eadt b\u00e1o Ch\u00ednh Lu\u1eadn v\u00e0 S\u00f3ng Th\u1ea7n xu\u1ea5t b\u1ea3n t\u1ea1i S\u00e0i G\u00f2n. N\u0103m 1979 v\u01b0\u1ee3t bi\u00ean qua Nh\u1eadt r\u1ed3i sau \u0111\u00f3 qua \u0111\u1ecbnh c\u01b0 t\u1ea1ii [&hellip;]<\/p>","protected":false},"featured_media":313,"comment_status":"open","ping_status":"closed","template":"","meta":{"ocean_post_layout":"","ocean_both_sidebars_style":"","ocean_both_sidebars_content_width":0,"ocean_both_sidebars_sidebars_width":0,"ocean_sidebar":"0","ocean_second_sidebar":"0","ocean_disable_margins":"enable","ocean_add_body_class":"","ocean_shortcode_before_top_bar":"","ocean_shortcode_after_top_bar":"","ocean_shortcode_before_header":"","ocean_shortcode_after_header":"","ocean_has_shortcode":"","ocean_shortcode_after_title":"","ocean_shortcode_before_footer_widgets":"","ocean_shortcode_after_footer_widgets":"","ocean_shortcode_before_footer_bottom":"","ocean_shortcode_after_footer_bottom":"","ocean_display_top_bar":"default","ocean_display_header":"default","ocean_header_style":"","ocean_center_header_left_menu":"0","ocean_custom_header_template":"0","ocean_custom_logo":0,"ocean_custom_retina_logo":0,"ocean_custom_logo_max_width":0,"ocean_custom_logo_tablet_max_width":0,"ocean_custom_logo_mobile_max_width":0,"ocean_custom_logo_max_height":0,"ocean_custom_logo_tablet_max_height":0,"ocean_custom_logo_mobile_max_height":0,"ocean_header_custom_menu":"0","ocean_menu_typo_font_family":"0","ocean_menu_typo_font_subset":"","ocean_menu_typo_font_size":0,"ocean_menu_typo_font_size_tablet":0,"ocean_menu_typo_font_size_mobile":0,"ocean_menu_typo_font_size_unit":"px","ocean_menu_typo_font_weight":"","ocean_menu_typo_font_weight_tablet":"","ocean_menu_typo_font_weight_mobile":"","ocean_menu_typo_transform":"","ocean_menu_typo_transform_tablet":"","ocean_menu_typo_transform_mobile":"","ocean_menu_typo_line_height":0,"ocean_menu_typo_line_height_tablet":0,"ocean_menu_typo_line_height_mobile":0,"ocean_menu_typo_line_height_unit":"","ocean_menu_typo_spacing":0,"ocean_menu_typo_spacing_tablet":0,"ocean_menu_typo_spacing_mobile":0,"ocean_menu_typo_spacing_unit":"","ocean_menu_link_color":"","ocean_menu_link_color_hover":"","ocean_menu_link_color_active":"","ocean_menu_link_background":"","ocean_menu_link_hover_background":"","ocean_menu_link_active_background":"","ocean_menu_social_links_bg":"","ocean_menu_social_hover_links_bg":"","ocean_menu_social_links_color":"","ocean_menu_social_hover_links_color":"","ocean_disable_title":"default","ocean_disable_heading":"default","ocean_post_title":"","ocean_post_subheading":"","ocean_post_title_style":"","ocean_post_title_background_color":"","ocean_post_title_background":0,"ocean_post_title_bg_image_position":"","ocean_post_title_bg_image_attachment":"","ocean_post_title_bg_image_repeat":"","ocean_post_title_bg_image_size":"","ocean_post_title_height":400,"ocean_post_title_bg_overlay":0.5,"ocean_post_title_bg_overlay_color":"","ocean_disable_breadcrumbs":"default","ocean_breadcrumbs_color":"","ocean_breadcrumbs_separator_color":"","ocean_breadcrumbs_links_color":"","ocean_breadcrumbs_links_hover_color":"","ocean_display_footer_widgets":"default","ocean_display_footer_bottom":"default","ocean_custom_footer_template":"0"},"product_cat":[28],"product_tag":[22],"class_list":{"0":"post-54","1":"product","2":"type-product","3":"status-publish","4":"has-post-thumbnail","6":"product_cat-books","7":"product_tag-mens-clothing","9":"entry","10":"has-media","12":"first","13":"instock","14":"downloadable","15":"virtual","16":"taxable","17":"purchasable","18":"product-type-simple","19":"has-product-nav","20":"col","21":"span_1_of_3","22":"owp-content-center","23":"owp-thumbs-layout-horizontal","24":"owp-btn-normal","25":"owp-tabs-layout-horizontal","26":"has-no-thumbnails"},"yoast_head":"<!-- This site is optimized with the Yoast SEO plugin v22.2 - https:\/\/yoast.com\/wordpress\/plugins\/seo\/ -->\n<title>CH\u00c2N \u01af\u1edaT CH\u00c2N R\u00c1O - vietbooks.org<\/title>\n<meta name=\"robots\" content=\"index, follow, max-snippet:-1, max-image-preview:large, max-video-preview:-1\" \/>\n<link rel=\"canonical\" href=\"https:\/\/vietbooks.org\/vi\/san-pham\/chan-uot-chan-rao\/\" \/>\n<meta property=\"og:locale\" content=\"vi_VN\" \/>\n<meta property=\"og:type\" content=\"article\" \/>\n<meta property=\"og:title\" content=\"CH\u00c2N \u01af\u1edaT CH\u00c2N R\u00c1O - vietbooks.org\" \/>\n<meta property=\"og:description\" content=\"CH\u00c2N \u01af\u1edaT CH\u00c2N R\u00c1O T\u00e1c gi\u1ea3: L\u00ea Thi\u1ec7p L\u00ea Thi\u1ec7p sinh n\u0103m 1944 t\u1ea1i S\u01a1n T\u00e2y, B\u1eafc Vi\u1ec7t Tr\u01b0\u1edbc n\u0103m 1975 l\u00e0 ph\u00f3ng vi\u00ean v\u00e0 bi\u00ean t\u1eadp vi\u00ean c\u1ee7a hai nh\u1eadt b\u00e1o Ch\u00ednh Lu\u1eadn v\u00e0 S\u00f3ng Th\u1ea7n xu\u1ea5t b\u1ea3n t\u1ea1i S\u00e0i G\u00f2n. N\u0103m 1979 v\u01b0\u1ee3t bi\u00ean qua Nh\u1eadt r\u1ed3i sau \u0111\u00f3 qua \u0111\u1ecbnh c\u01b0 t\u1ea1ii [&hellip;]\" \/>\n<meta property=\"og:url\" content=\"https:\/\/vietbooks.org\/vi\/san-pham\/chan-uot-chan-rao\/\" \/>\n<meta property=\"og:site_name\" content=\"vietbooks.org\" \/>\n<meta property=\"article:modified_time\" content=\"2024-03-23T06:32:46+00:00\" \/>\n<meta property=\"og:image\" content=\"https:\/\/vietbooks.org\/wp-content\/uploads\/2016\/08\/ChanUotChanRao.jpg\" \/>\n\t<meta property=\"og:image:width\" content=\"412\" \/>\n\t<meta property=\"og:image:height\" content=\"640\" \/>\n\t<meta property=\"og:image:type\" content=\"image\/jpeg\" \/>\n<meta name=\"twitter:card\" content=\"summary_large_image\" \/>\n<meta name=\"twitter:label1\" content=\"\u01af\u1edbc t\u00ednh th\u1eddi gian \u0111\u1ecdc\" \/>\n\t<meta name=\"twitter:data1\" content=\"1 ph\u00fat\" \/>\n<script type=\"application\/ld+json\" class=\"yoast-schema-graph\">{\"@context\":\"https:\/\/schema.org\",\"@graph\":[{\"@type\":\"WebPage\",\"@id\":\"https:\/\/vietbooks.org\/product\/chan-uot-chan-rao\/\",\"url\":\"https:\/\/vietbooks.org\/product\/chan-uot-chan-rao\/\",\"name\":\"CH\u00c2N \u01af\u1edaT CH\u00c2N R\u00c1O - vietbooks.org\",\"isPartOf\":{\"@id\":\"http:\/\/vietbooks.org\/#website\"},\"primaryImageOfPage\":{\"@id\":\"https:\/\/vietbooks.org\/product\/chan-uot-chan-rao\/#primaryimage\"},\"image\":{\"@id\":\"https:\/\/vietbooks.org\/product\/chan-uot-chan-rao\/#primaryimage\"},\"thumbnailUrl\":\"https:\/\/vietbooks.org\/wp-content\/uploads\/2016\/08\/ChanUotChanRao.jpg\",\"datePublished\":\"2016-08-22T21:34:17+00:00\",\"dateModified\":\"2024-03-23T06:32:46+00:00\",\"breadcrumb\":{\"@id\":\"https:\/\/vietbooks.org\/product\/chan-uot-chan-rao\/#breadcrumb\"},\"inLanguage\":\"vi\",\"potentialAction\":[{\"@type\":\"ReadAction\",\"target\":[\"https:\/\/vietbooks.org\/product\/chan-uot-chan-rao\/\"]}]},{\"@type\":\"ImageObject\",\"inLanguage\":\"vi\",\"@id\":\"https:\/\/vietbooks.org\/product\/chan-uot-chan-rao\/#primaryimage\",\"url\":\"https:\/\/vietbooks.org\/wp-content\/uploads\/2016\/08\/ChanUotChanRao.jpg\",\"contentUrl\":\"https:\/\/vietbooks.org\/wp-content\/uploads\/2016\/08\/ChanUotChanRao.jpg\",\"width\":412,\"height\":640},{\"@type\":\"BreadcrumbList\",\"@id\":\"https:\/\/vietbooks.org\/product\/chan-uot-chan-rao\/#breadcrumb\",\"itemListElement\":[{\"@type\":\"ListItem\",\"position\":1,\"name\":\"Home\",\"item\":\"https:\/\/vietbooks.org\/\"},{\"@type\":\"ListItem\",\"position\":2,\"name\":\"Shop\",\"item\":\"https:\/\/vietbooks.org\/shop-2\/\"},{\"@type\":\"ListItem\",\"position\":3,\"name\":\"CH\u00c2N \u01af\u1edaT CH\u00c2N R\u00c1O\"}]},{\"@type\":\"WebSite\",\"@id\":\"http:\/\/vietbooks.org\/#website\",\"url\":\"http:\/\/vietbooks.org\/\",\"name\":\"vietbooks.org\",\"description\":\"\",\"potentialAction\":[{\"@type\":\"SearchAction\",\"target\":{\"@type\":\"EntryPoint\",\"urlTemplate\":\"http:\/\/vietbooks.org\/?s={search_term_string}\"},\"query-input\":\"required name=search_term_string\"}],\"inLanguage\":\"vi\"}]}<\/script>\n<!-- \/ Yoast SEO plugin. -->","yoast_head_json":{"title":"CH\u00c2N \u01af\u1edaT CH\u00c2N R\u00c1O - vietbooks.org","robots":{"index":"index","follow":"follow","max-snippet":"max-snippet:-1","max-image-preview":"max-image-preview:large","max-video-preview":"max-video-preview:-1"},"canonical":"https:\/\/vietbooks.org\/vi\/san-pham\/chan-uot-chan-rao\/","og_locale":"vi_VN","og_type":"article","og_title":"CH\u00c2N \u01af\u1edaT CH\u00c2N R\u00c1O - vietbooks.org","og_description":"CH\u00c2N \u01af\u1edaT CH\u00c2N R\u00c1O T\u00e1c gi\u1ea3: L\u00ea Thi\u1ec7p L\u00ea Thi\u1ec7p sinh n\u0103m 1944 t\u1ea1i S\u01a1n T\u00e2y, B\u1eafc Vi\u1ec7t Tr\u01b0\u1edbc n\u0103m 1975 l\u00e0 ph\u00f3ng vi\u00ean v\u00e0 bi\u00ean t\u1eadp vi\u00ean c\u1ee7a hai nh\u1eadt b\u00e1o Ch\u00ednh Lu\u1eadn v\u00e0 S\u00f3ng Th\u1ea7n xu\u1ea5t b\u1ea3n t\u1ea1i S\u00e0i G\u00f2n. N\u0103m 1979 v\u01b0\u1ee3t bi\u00ean qua Nh\u1eadt r\u1ed3i sau \u0111\u00f3 qua \u0111\u1ecbnh c\u01b0 t\u1ea1ii [&hellip;]","og_url":"https:\/\/vietbooks.org\/vi\/san-pham\/chan-uot-chan-rao\/","og_site_name":"vietbooks.org","article_modified_time":"2024-03-23T06:32:46+00:00","og_image":[{"width":412,"height":640,"url":"https:\/\/vietbooks.org\/wp-content\/uploads\/2016\/08\/ChanUotChanRao.jpg","type":"image\/jpeg"}],"twitter_card":"summary_large_image","twitter_misc":{"\u01af\u1edbc t\u00ednh th\u1eddi gian \u0111\u1ecdc":"1 ph\u00fat"},"schema":{"@context":"https:\/\/schema.org","@graph":[{"@type":"WebPage","@id":"https:\/\/vietbooks.org\/product\/chan-uot-chan-rao\/","url":"https:\/\/vietbooks.org\/product\/chan-uot-chan-rao\/","name":"CH\u00c2N \u01af\u1edaT CH\u00c2N R\u00c1O - vietbooks.org","isPartOf":{"@id":"http:\/\/vietbooks.org\/#website"},"primaryImageOfPage":{"@id":"https:\/\/vietbooks.org\/product\/chan-uot-chan-rao\/#primaryimage"},"image":{"@id":"https:\/\/vietbooks.org\/product\/chan-uot-chan-rao\/#primaryimage"},"thumbnailUrl":"https:\/\/vietbooks.org\/wp-content\/uploads\/2016\/08\/ChanUotChanRao.jpg","datePublished":"2016-08-22T21:34:17+00:00","dateModified":"2024-03-23T06:32:46+00:00","breadcrumb":{"@id":"https:\/\/vietbooks.org\/product\/chan-uot-chan-rao\/#breadcrumb"},"inLanguage":"vi","potentialAction":[{"@type":"ReadAction","target":["https:\/\/vietbooks.org\/product\/chan-uot-chan-rao\/"]}]},{"@type":"ImageObject","inLanguage":"vi","@id":"https:\/\/vietbooks.org\/product\/chan-uot-chan-rao\/#primaryimage","url":"https:\/\/vietbooks.org\/wp-content\/uploads\/2016\/08\/ChanUotChanRao.jpg","contentUrl":"https:\/\/vietbooks.org\/wp-content\/uploads\/2016\/08\/ChanUotChanRao.jpg","width":412,"height":640},{"@type":"BreadcrumbList","@id":"https:\/\/vietbooks.org\/product\/chan-uot-chan-rao\/#breadcrumb","itemListElement":[{"@type":"ListItem","position":1,"name":"Home","item":"https:\/\/vietbooks.org\/"},{"@type":"ListItem","position":2,"name":"Shop","item":"https:\/\/vietbooks.org\/shop-2\/"},{"@type":"ListItem","position":3,"name":"CH\u00c2N \u01af\u1edaT CH\u00c2N R\u00c1O"}]},{"@type":"WebSite","@id":"http:\/\/vietbooks.org\/#website","url":"http:\/\/vietbooks.org\/","name":"vietbooks.org","description":"","potentialAction":[{"@type":"SearchAction","target":{"@type":"EntryPoint","urlTemplate":"http:\/\/vietbooks.org\/?s={search_term_string}"},"query-input":"required name=search_term_string"}],"inLanguage":"vi"}]}},"jetpack_sharing_enabled":true,"_links":{"self":[{"href":"https:\/\/vietbooks.org\/vi\/wp-json\/wp\/v2\/product\/54","targetHints":{"allow":["GET"]}}],"collection":[{"href":"https:\/\/vietbooks.org\/vi\/wp-json\/wp\/v2\/product"}],"about":[{"href":"https:\/\/vietbooks.org\/vi\/wp-json\/wp\/v2\/types\/product"}],"replies":[{"embeddable":true,"href":"https:\/\/vietbooks.org\/vi\/wp-json\/wp\/v2\/comments?post=54"}],"wp:featuredmedia":[{"embeddable":true,"href":"https:\/\/vietbooks.org\/vi\/wp-json\/wp\/v2\/media\/313"}],"wp:attachment":[{"href":"https:\/\/vietbooks.org\/vi\/wp-json\/wp\/v2\/media?parent=54"}],"wp:term":[{"taxonomy":"product_cat","embeddable":true,"href":"https:\/\/vietbooks.org\/vi\/wp-json\/wp\/v2\/product_cat?post=54"},{"taxonomy":"product_tag","embeddable":true,"href":"https:\/\/vietbooks.org\/vi\/wp-json\/wp\/v2\/product_tag?post=54"}],"curies":[{"name":"wp","href":"https:\/\/api.w.org\/{rel}","templated":true}]}}