{"id":57,"date":"2016-08-22T21:37:51","date_gmt":"2016-08-22T21:37:51","guid":{"rendered":"https:\/\/oceanwp.org\/simple\/product\/gold-and-steel-watch\/"},"modified":"2024-03-23T01:34:02","modified_gmt":"2024-03-23T06:34:02","slug":"do-lenh-dung","status":"publish","type":"product","link":"https:\/\/vietbooks.org\/vi\/san-pham\/do-lenh-dung","title":{"rendered":"\u0110\u1ed6 L\u1ec6NH D\u0168NG"},"content":{"rendered":"<p>\u0110\u1ed6 L\u1ec6NH D\u0168NG<br \/>\nT\u00e1c gi\u1ea3: L\u00ea Thi\u1ec7p<br \/>\n\u0110\u1ed7 L\u1ec7nh D\u0169ng kh\u00f4ng ch\u1ec9 l\u00e0 c\u00e2u chuy\u1ec7n v\u1ec1 chi\u1ebfn tranh, d\u00f9 nh\u00e2n v\u1eadt ch\u00ednh l\u00e0<br \/>\nm\u1ed9t chi\u1ebfn binh m\u1ea5t t\u00edch gi\u1eefa chi\u1ebfn khu D, sau m\u1ed9t tr\u1eadn \u0111\u00e1nh d\u1eef d\u1ed9i. \u0110\u00e2y l\u00e0<br \/>\nc\u00e2u chuy\u1ec7n v\u1ec1 nh\u1eefng oan khi\u00ean kh\u1eafc nghi\u1ec7t m\u00e0 ng\u01b0\u1eddi d\u00e2n Vi\u1ec7t Nam ph\u1ea3i<br \/>\ntr\u1ea3i g\u1ea7n tr\u1ecdn th\u1ebf k\u1ef7 qua cho \u0111\u1ebfn ng\u00e0y nay.<br \/>\nNh\u00e2n v\u1eadt ch\u00ednh gi\u00e3 t\u1eeb cha m\u1eb9 khi tr\u00f2n 18 tu\u1ed5i v\u00e0 l\u00fac g\u1eb7p l\u1ea1i cha m\u1eb9 th\u00ec \u0111\u00e3<br \/>\ng\u1ea7n t\u1edbi tu\u1ed5i ng\u0169 tu\u1ea7n.<br \/>\nTh\u1eddi gian xa c\u00e1ch l\u00e0 l\u1eeda \u0111\u1ea1n, l\u00e0 nh\u1eefng ng\u00e0y l\u00ea g\u00f3t tr\u00ean con \u0111\u01b0\u1eddng m\u00f2n v\u01b0\u1ee3t<br \/>\nn\u00fai r\u1eebng Tr\u01b0\u1eddng S\u01a1n t\u1eeb Nam ra B\u1eafc, l\u00e0 nh\u1eefng n\u0103m th\u00e1ng \u0111\u1ecda \u0111\u00e0y t\u1ea1i c\u00e1c tr\u1ea1i<br \/>\nt\u00f9.<br \/>\nD\u00f9 ch\u1ec9 l\u00e0 m\u1ed9t g\u00f3c c\u1ea1nh gi\u1eefa mu\u00f4n v\u00e0n g\u00f3c c\u1ea1nh c\u1ee7a m\u1ed9t th\u1eddi b\u00e3o t\u00e1p, c\u00e2u<br \/>\nchuy\u1ec7n v\u1eabn l\u00e0 b\u1eb1ng c\u1edb v\u00f4 gi\u00e1 v\u1ec1 th\u1ea3m tr\u1ea1ng con ng\u01b0\u1eddi b\u1ecb t\u01b0\u1edbc \u0111o\u1ea1t tr\u1ecdn v\u1eb9n<br \/>\ntu\u1ed5i tr\u1ebb, t\u00ecnh y\u00eau, gia \u0111\u00ecnh \u00a0v\u00e0 m\u1ecdi \u0111i\u1ec1u ki\u1ec7n an b\u00ecnh c\u1ee7a cu\u1ed9c s\u1ed1ng.<\/p>\n<p>&amp;amp;&amp;amp;&amp;amp;&amp;amp;&amp;amp;&amp;amp;&amp;amp;&amp;amp;&amp;amp;&amp;amp;&amp;amp;&amp;amp;&amp;amp;&amp;amp;&amp;amp;&amp;amp;&amp;amp;&amp;amp;&amp;amp;&amp;amp;&amp;amp;&amp;amp;&amp;amp;&amp;amp;&amp;amp;&amp;amp;&amp;amp;&amp;amp;&amp;amp;&amp;amp;&amp;amp;&amp;amp;&amp;amp;&amp;amp;&amp;amp;&amp;amp;&amp;amp;&amp;amp;&amp;amp;&amp;amp;<br \/>\nDO LENH DUNG<br \/>\nAuthor: Le Thiep<\/p>\n<p>Do Lenh Dung is not just a story about war, although the main character is a<br \/>\nsoldier missing in action in combat zone D, after a fierce battle. It&amp;#39;s a story<br \/>\nabout the harsh injustices that the people of Vietnam have endured for<br \/>\nnearly a century until today.<br \/>\nThe main character was separated from his parents at the age of 18 and<br \/>\nupon reuniting with them, he was nearing his fifties. The time apart was<br \/>\nmarked by gunfire, days of trekking through the trails across the Truong Son<br \/>\nMountain range from south to north, and years of suffering in prison camps.<br \/>\nEven though just a fragment amidst countless others in a stormy era, the<br \/>\nstory remains a priceless testimony to the plight of individuals stripped of<br \/>\ntheir youth, love, family, and every condition of peaceful life.<\/p>","protected":false},"excerpt":{"rendered":"<p>\u0110\u1ed6 L\u1ec6NH D\u0168NG T\u00e1c gi\u1ea3: L\u00ea Thi\u1ec7p \u0110\u1ed7 L\u1ec7nh D\u0169ng kh\u00f4ng ch\u1ec9 l\u00e0 c\u00e2u chuy\u1ec7n v\u1ec1 chi\u1ebfn tranh, d\u00f9 nh\u00e2n v\u1eadt ch\u00ednh l\u00e0 m\u1ed9t chi\u1ebfn binh m\u1ea5t t\u00edch gi\u1eefa chi\u1ebfn khu D, sau m\u1ed9t tr\u1eadn \u0111\u00e1nh d\u1eef d\u1ed9i. \u0110\u00e2y l\u00e0 c\u00e2u chuy\u1ec7n v\u1ec1 nh\u1eefng oan khi\u00ean kh\u1eafc nghi\u1ec7t m\u00e0 ng\u01b0\u1eddi d\u00e2n Vi\u1ec7t Nam ph\u1ea3i tr\u1ea3i [&hellip;]<\/p>","protected":false},"featured_media":315,"comment_status":"open","ping_status":"closed","template":"","meta":{"ocean_post_layout":"","ocean_both_sidebars_style":"","ocean_both_sidebars_content_width":0,"ocean_both_sidebars_sidebars_width":0,"ocean_sidebar":"0","ocean_second_sidebar":"0","ocean_disable_margins":"enable","ocean_add_body_class":"","ocean_shortcode_before_top_bar":"","ocean_shortcode_after_top_bar":"","ocean_shortcode_before_header":"","ocean_shortcode_after_header":"","ocean_has_shortcode":"","ocean_shortcode_after_title":"","ocean_shortcode_before_footer_widgets":"","ocean_shortcode_after_footer_widgets":"","ocean_shortcode_before_footer_bottom":"","ocean_shortcode_after_footer_bottom":"","ocean_display_top_bar":"default","ocean_display_header":"default","ocean_header_style":"","ocean_center_header_left_menu":"0","ocean_custom_header_template":"0","ocean_custom_logo":0,"ocean_custom_retina_logo":0,"ocean_custom_logo_max_width":0,"ocean_custom_logo_tablet_max_width":0,"ocean_custom_logo_mobile_max_width":0,"ocean_custom_logo_max_height":0,"ocean_custom_logo_tablet_max_height":0,"ocean_custom_logo_mobile_max_height":0,"ocean_header_custom_menu":"0","ocean_menu_typo_font_family":"0","ocean_menu_typo_font_subset":"","ocean_menu_typo_font_size":0,"ocean_menu_typo_font_size_tablet":0,"ocean_menu_typo_font_size_mobile":0,"ocean_menu_typo_font_size_unit":"px","ocean_menu_typo_font_weight":"","ocean_menu_typo_font_weight_tablet":"","ocean_menu_typo_font_weight_mobile":"","ocean_menu_typo_transform":"","ocean_menu_typo_transform_tablet":"","ocean_menu_typo_transform_mobile":"","ocean_menu_typo_line_height":0,"ocean_menu_typo_line_height_tablet":0,"ocean_menu_typo_line_height_mobile":0,"ocean_menu_typo_line_height_unit":"","ocean_menu_typo_spacing":0,"ocean_menu_typo_spacing_tablet":0,"ocean_menu_typo_spacing_mobile":0,"ocean_menu_typo_spacing_unit":"","ocean_menu_link_color":"","ocean_menu_link_color_hover":"","ocean_menu_link_color_active":"","ocean_menu_link_background":"","ocean_menu_link_hover_background":"","ocean_menu_link_active_background":"","ocean_menu_social_links_bg":"","ocean_menu_social_hover_links_bg":"","ocean_menu_social_links_color":"","ocean_menu_social_hover_links_color":"","ocean_disable_title":"default","ocean_disable_heading":"default","ocean_post_title":"","ocean_post_subheading":"","ocean_post_title_style":"","ocean_post_title_background_color":"","ocean_post_title_background":0,"ocean_post_title_bg_image_position":"","ocean_post_title_bg_image_attachment":"","ocean_post_title_bg_image_repeat":"","ocean_post_title_bg_image_size":"","ocean_post_title_height":400,"ocean_post_title_bg_overlay":0.5,"ocean_post_title_bg_overlay_color":"","ocean_disable_breadcrumbs":"default","ocean_breadcrumbs_color":"","ocean_breadcrumbs_separator_color":"","ocean_breadcrumbs_links_color":"","ocean_breadcrumbs_links_hover_color":"","ocean_display_footer_widgets":"default","ocean_display_footer_bottom":"default","ocean_custom_footer_template":"0"},"product_cat":[28],"product_tag":[],"class_list":{"0":"post-57","1":"product","2":"type-product","3":"status-publish","4":"has-post-thumbnail","6":"product_cat-books","8":"entry","9":"has-media","11":"first","12":"instock","13":"downloadable","14":"virtual","15":"taxable","16":"purchasable","17":"product-type-simple","18":"has-product-nav","19":"col","20":"span_1_of_3","21":"owp-content-center","22":"owp-thumbs-layout-horizontal","23":"owp-btn-normal","24":"owp-tabs-layout-horizontal","25":"has-no-thumbnails"},"yoast_head":"<!-- This site is optimized with the Yoast SEO plugin v22.2 - https:\/\/yoast.com\/wordpress\/plugins\/seo\/ -->\n<title>\u0110\u1ed6 L\u1ec6NH D\u0168NG - vietbooks.org<\/title>\n<meta name=\"robots\" content=\"index, follow, max-snippet:-1, max-image-preview:large, max-video-preview:-1\" \/>\n<link rel=\"canonical\" href=\"https:\/\/vietbooks.org\/vi\/san-pham\/do-lenh-dung\/\" \/>\n<meta property=\"og:locale\" content=\"vi_VN\" \/>\n<meta property=\"og:type\" content=\"article\" \/>\n<meta property=\"og:title\" content=\"\u0110\u1ed6 L\u1ec6NH D\u0168NG - vietbooks.org\" \/>\n<meta property=\"og:description\" content=\"\u0110\u1ed6 L\u1ec6NH D\u0168NG T\u00e1c gi\u1ea3: L\u00ea Thi\u1ec7p \u0110\u1ed7 L\u1ec7nh D\u0169ng kh\u00f4ng ch\u1ec9 l\u00e0 c\u00e2u chuy\u1ec7n v\u1ec1 chi\u1ebfn tranh, d\u00f9 nh\u00e2n v\u1eadt ch\u00ednh l\u00e0 m\u1ed9t chi\u1ebfn binh m\u1ea5t t\u00edch gi\u1eefa chi\u1ebfn khu D, sau m\u1ed9t tr\u1eadn \u0111\u00e1nh d\u1eef d\u1ed9i. \u0110\u00e2y l\u00e0 c\u00e2u chuy\u1ec7n v\u1ec1 nh\u1eefng oan khi\u00ean kh\u1eafc nghi\u1ec7t m\u00e0 ng\u01b0\u1eddi d\u00e2n Vi\u1ec7t Nam ph\u1ea3i tr\u1ea3i [&hellip;]\" \/>\n<meta property=\"og:url\" content=\"https:\/\/vietbooks.org\/vi\/san-pham\/do-lenh-dung\/\" \/>\n<meta property=\"og:site_name\" content=\"vietbooks.org\" \/>\n<meta property=\"article:modified_time\" content=\"2024-03-23T06:34:02+00:00\" \/>\n<meta property=\"og:image\" content=\"https:\/\/vietbooks.org\/wp-content\/uploads\/2016\/08\/DoLenhDung.jpg\" \/>\n\t<meta property=\"og:image:width\" content=\"414\" \/>\n\t<meta property=\"og:image:height\" content=\"640\" \/>\n\t<meta property=\"og:image:type\" content=\"image\/jpeg\" \/>\n<meta name=\"twitter:card\" content=\"summary_large_image\" \/>\n<meta name=\"twitter:label1\" content=\"\u01af\u1edbc t\u00ednh th\u1eddi gian \u0111\u1ecdc\" \/>\n\t<meta name=\"twitter:data1\" content=\"2 ph\u00fat\" \/>\n<script type=\"application\/ld+json\" class=\"yoast-schema-graph\">{\"@context\":\"https:\/\/schema.org\",\"@graph\":[{\"@type\":\"WebPage\",\"@id\":\"https:\/\/vietbooks.org\/product\/do-lenh-dung\/\",\"url\":\"https:\/\/vietbooks.org\/product\/do-lenh-dung\/\",\"name\":\"\u0110\u1ed6 L\u1ec6NH D\u0168NG - vietbooks.org\",\"isPartOf\":{\"@id\":\"http:\/\/vietbooks.org\/#website\"},\"primaryImageOfPage\":{\"@id\":\"https:\/\/vietbooks.org\/product\/do-lenh-dung\/#primaryimage\"},\"image\":{\"@id\":\"https:\/\/vietbooks.org\/product\/do-lenh-dung\/#primaryimage\"},\"thumbnailUrl\":\"https:\/\/vietbooks.org\/wp-content\/uploads\/2016\/08\/DoLenhDung.jpg\",\"datePublished\":\"2016-08-22T21:37:51+00:00\",\"dateModified\":\"2024-03-23T06:34:02+00:00\",\"breadcrumb\":{\"@id\":\"https:\/\/vietbooks.org\/product\/do-lenh-dung\/#breadcrumb\"},\"inLanguage\":\"vi\",\"potentialAction\":[{\"@type\":\"ReadAction\",\"target\":[\"https:\/\/vietbooks.org\/product\/do-lenh-dung\/\"]}]},{\"@type\":\"ImageObject\",\"inLanguage\":\"vi\",\"@id\":\"https:\/\/vietbooks.org\/product\/do-lenh-dung\/#primaryimage\",\"url\":\"https:\/\/vietbooks.org\/wp-content\/uploads\/2016\/08\/DoLenhDung.jpg\",\"contentUrl\":\"https:\/\/vietbooks.org\/wp-content\/uploads\/2016\/08\/DoLenhDung.jpg\",\"width\":414,\"height\":640},{\"@type\":\"BreadcrumbList\",\"@id\":\"https:\/\/vietbooks.org\/product\/do-lenh-dung\/#breadcrumb\",\"itemListElement\":[{\"@type\":\"ListItem\",\"position\":1,\"name\":\"Home\",\"item\":\"https:\/\/vietbooks.org\/\"},{\"@type\":\"ListItem\",\"position\":2,\"name\":\"Shop\",\"item\":\"https:\/\/vietbooks.org\/shop-2\/\"},{\"@type\":\"ListItem\",\"position\":3,\"name\":\"\u0110\u1ed6 L\u1ec6NH D\u0168NG\"}]},{\"@type\":\"WebSite\",\"@id\":\"http:\/\/vietbooks.org\/#website\",\"url\":\"http:\/\/vietbooks.org\/\",\"name\":\"vietbooks.org\",\"description\":\"\",\"potentialAction\":[{\"@type\":\"SearchAction\",\"target\":{\"@type\":\"EntryPoint\",\"urlTemplate\":\"http:\/\/vietbooks.org\/?s={search_term_string}\"},\"query-input\":\"required name=search_term_string\"}],\"inLanguage\":\"vi\"}]}<\/script>\n<!-- \/ Yoast SEO plugin. -->","yoast_head_json":{"title":"\u0110\u1ed6 L\u1ec6NH D\u0168NG - vietbooks.org","robots":{"index":"index","follow":"follow","max-snippet":"max-snippet:-1","max-image-preview":"max-image-preview:large","max-video-preview":"max-video-preview:-1"},"canonical":"https:\/\/vietbooks.org\/vi\/san-pham\/do-lenh-dung\/","og_locale":"vi_VN","og_type":"article","og_title":"\u0110\u1ed6 L\u1ec6NH D\u0168NG - vietbooks.org","og_description":"\u0110\u1ed6 L\u1ec6NH D\u0168NG T\u00e1c gi\u1ea3: L\u00ea Thi\u1ec7p \u0110\u1ed7 L\u1ec7nh D\u0169ng kh\u00f4ng ch\u1ec9 l\u00e0 c\u00e2u chuy\u1ec7n v\u1ec1 chi\u1ebfn tranh, d\u00f9 nh\u00e2n v\u1eadt ch\u00ednh l\u00e0 m\u1ed9t chi\u1ebfn binh m\u1ea5t t\u00edch gi\u1eefa chi\u1ebfn khu D, sau m\u1ed9t tr\u1eadn \u0111\u00e1nh d\u1eef d\u1ed9i. \u0110\u00e2y l\u00e0 c\u00e2u chuy\u1ec7n v\u1ec1 nh\u1eefng oan khi\u00ean kh\u1eafc nghi\u1ec7t m\u00e0 ng\u01b0\u1eddi d\u00e2n Vi\u1ec7t Nam ph\u1ea3i tr\u1ea3i [&hellip;]","og_url":"https:\/\/vietbooks.org\/vi\/san-pham\/do-lenh-dung\/","og_site_name":"vietbooks.org","article_modified_time":"2024-03-23T06:34:02+00:00","og_image":[{"width":414,"height":640,"url":"https:\/\/vietbooks.org\/wp-content\/uploads\/2016\/08\/DoLenhDung.jpg","type":"image\/jpeg"}],"twitter_card":"summary_large_image","twitter_misc":{"\u01af\u1edbc t\u00ednh th\u1eddi gian \u0111\u1ecdc":"2 ph\u00fat"},"schema":{"@context":"https:\/\/schema.org","@graph":[{"@type":"WebPage","@id":"https:\/\/vietbooks.org\/product\/do-lenh-dung\/","url":"https:\/\/vietbooks.org\/product\/do-lenh-dung\/","name":"\u0110\u1ed6 L\u1ec6NH D\u0168NG - vietbooks.org","isPartOf":{"@id":"http:\/\/vietbooks.org\/#website"},"primaryImageOfPage":{"@id":"https:\/\/vietbooks.org\/product\/do-lenh-dung\/#primaryimage"},"image":{"@id":"https:\/\/vietbooks.org\/product\/do-lenh-dung\/#primaryimage"},"thumbnailUrl":"https:\/\/vietbooks.org\/wp-content\/uploads\/2016\/08\/DoLenhDung.jpg","datePublished":"2016-08-22T21:37:51+00:00","dateModified":"2024-03-23T06:34:02+00:00","breadcrumb":{"@id":"https:\/\/vietbooks.org\/product\/do-lenh-dung\/#breadcrumb"},"inLanguage":"vi","potentialAction":[{"@type":"ReadAction","target":["https:\/\/vietbooks.org\/product\/do-lenh-dung\/"]}]},{"@type":"ImageObject","inLanguage":"vi","@id":"https:\/\/vietbooks.org\/product\/do-lenh-dung\/#primaryimage","url":"https:\/\/vietbooks.org\/wp-content\/uploads\/2016\/08\/DoLenhDung.jpg","contentUrl":"https:\/\/vietbooks.org\/wp-content\/uploads\/2016\/08\/DoLenhDung.jpg","width":414,"height":640},{"@type":"BreadcrumbList","@id":"https:\/\/vietbooks.org\/product\/do-lenh-dung\/#breadcrumb","itemListElement":[{"@type":"ListItem","position":1,"name":"Home","item":"https:\/\/vietbooks.org\/"},{"@type":"ListItem","position":2,"name":"Shop","item":"https:\/\/vietbooks.org\/shop-2\/"},{"@type":"ListItem","position":3,"name":"\u0110\u1ed6 L\u1ec6NH D\u0168NG"}]},{"@type":"WebSite","@id":"http:\/\/vietbooks.org\/#website","url":"http:\/\/vietbooks.org\/","name":"vietbooks.org","description":"","potentialAction":[{"@type":"SearchAction","target":{"@type":"EntryPoint","urlTemplate":"http:\/\/vietbooks.org\/?s={search_term_string}"},"query-input":"required name=search_term_string"}],"inLanguage":"vi"}]}},"jetpack_sharing_enabled":true,"_links":{"self":[{"href":"https:\/\/vietbooks.org\/vi\/wp-json\/wp\/v2\/product\/57","targetHints":{"allow":["GET"]}}],"collection":[{"href":"https:\/\/vietbooks.org\/vi\/wp-json\/wp\/v2\/product"}],"about":[{"href":"https:\/\/vietbooks.org\/vi\/wp-json\/wp\/v2\/types\/product"}],"replies":[{"embeddable":true,"href":"https:\/\/vietbooks.org\/vi\/wp-json\/wp\/v2\/comments?post=57"}],"wp:featuredmedia":[{"embeddable":true,"href":"https:\/\/vietbooks.org\/vi\/wp-json\/wp\/v2\/media\/315"}],"wp:attachment":[{"href":"https:\/\/vietbooks.org\/vi\/wp-json\/wp\/v2\/media?parent=57"}],"wp:term":[{"taxonomy":"product_cat","embeddable":true,"href":"https:\/\/vietbooks.org\/vi\/wp-json\/wp\/v2\/product_cat?post=57"},{"taxonomy":"product_tag","embeddable":true,"href":"https:\/\/vietbooks.org\/vi\/wp-json\/wp\/v2\/product_tag?post=57"}],"curies":[{"name":"wp","href":"https:\/\/api.w.org\/{rel}","templated":true}]}}