{"id":76,"date":"2016-08-22T21:44:40","date_gmt":"2016-08-22T21:44:40","guid":{"rendered":"https:\/\/oceanwp.org\/simple\/product\/black-gold-watch\/"},"modified":"2024-03-23T01:35:44","modified_gmt":"2024-03-23T06:35:44","slug":"nho-ngay-thang-cu","status":"publish","type":"product","link":"https:\/\/vietbooks.org\/vi\/san-pham\/nho-ngay-thang-cu","title":{"rendered":"NH\u1eda NG\u00c0Y TH\u00c1NG C\u0168"},"content":{"rendered":"<p>NH\u1edc NG\u00c0Y TH\u00c1NG C\u0168<br \/>\nT\u00e1c gi\u1ea3: L\u00ea Th\u1ecb Nh\u1ecb<br \/>\nL\u00ea Th\u1ecb Nh\u1ecb sinh ng\u00e0y 25 th\u00e1ng 1 \u00a0n\u0103m 1943 t\u1ea1i B\u1eafc Ninh \u00a0v\u00e0o Saigon n\u0103m<br \/>\n1954.\u00a0 T\u1edbi Hoa K\u1ef3 n\u0103m 1981<br \/>\nS\u00e1ng l\u1eadp vi\u00ean v\u00e0 l\u00e0 C\u1ed1 V\u1ea5n H\u1ed9i V\u0103n H\u00f3a Vi\u1ec7t Nam v\u00f9ng Hoa Th\u1ecbnh \u0110\u1ed1n 1990<br \/>\n&#8211; 2000<br \/>\nS\u00e1ng l\u1eadp vi\u00ean v\u00e0 l\u00e0 Ph\u00f3 Ch\u1ee7 T\u1ecbch C\u00e2u L\u1ea1c B\u1ed9 V\u0103n H\u1ecdc v\u00e0 Ngh\u1ec7 Thu\u1eadt v\u00f9ng<br \/>\nHoa Th\u1ecbnh \u0110\u1ed1n \/ Nh\u00e0 Vi\u1ec7t Nam t\u1eeb n\u0103m 2000 cho \u0111\u1ebfn nay<br \/>\nCh\u1ee7 Nhi\u1ec7m Nguy\u1ec7t San K\u1ef7 Nguy\u00ean M\u1edbi t\u1eeb n\u0103m 2000 &#8211; 2023<br \/>\n\u0110\u00e3 xu\u1ea5t b\u1ea3n 6 t\u1eadp truy\u1ec7n ng\u1eafn<br \/>\nNh\u1edb Ng\u00e0y Th\u00e1ng C\u0169 l\u00e0 t\u00e1c ph\u1ea9m th\u1ee9 6 c\u1ee7a L\u00ea Th\u1ecb Nh\u1ecb d\u01b0\u1edbi h\u00ecnh th\u1ee9c &amp;quot;t\u1ea1p<br \/>\nghi&amp;quot; g\u1ed3m m\u1ed9t s\u1ed1 truy\u1ec7n ng\u1eafn v\u00e0 th\u01a1 v\u1edbi \u0111\u1ee7 m\u1ecdi \u0111\u1ec1 t\u00e0i.<br \/>\nTrong t\u00e1c ph\u1ea9m n\u00e0y t\u00e1c gi\u1ea3 d\u00e3 ghi l\u1ea1i nhi\u1ec1u k\u1ef7 ni\u1ec7m trong cu\u1ed9c \u0111\u1eddi m\u00ecnh:<br \/>\n&amp;quot;H\u00e0 N\u1ed9i th\u00e0nh ph\u1ed1 trong H\u1ed3i T\u01b0\u1edfng&amp;quot;, &amp;quot;mi\u1ec1n Nam Vi\u1ec7t Nam tr\u01b0\u1edbc v\u00e0 sau<br \/>\n1975&amp;quot;, &amp;quot;v\u01b0\u1ee3t bi\u1ec3n&amp;quot;, &amp;quot;vui v\u1edbi ung th\u01b0&#8230;&amp;quot;.<br \/>\nTuy ch\u01b0a k\u1ec3 h\u1ebft m\u1ecdi ho\u1ea1t \u0111\u1ed9ng x\u01b0a c\u1ee7a m\u00ecnh vui c\u0169ng nh\u01b0 bu\u1ed3n , nh\u01b0ng ch\u1ec9<br \/>\nv\u1edbi nh\u1eefng chi ti\u1ebft \u0111\u00e3 \u0111\u01b0\u1ee3c t\u01b0\u1eddng thu\u1eadt l\u1ea1i c\u00f9ng v\u0103n phong b\u00ecnh d\u1ecb v\u00e0 trong<br \/>\ns\u00e1ng, trong t\u00e1c ph\u1ea9m nh\u00e0 v\u0103n L\u00ea Th\u1ecb Nh\u1ecb \u0111\u00e3 b\u1ed9c l\u1ed9 cho \u0111\u1ed9c gi\u1ea3 th\u1ea5y c\u00e1i tinh<br \/>\nth\u1ea7n y\u00eau qu\u00ea h\u01b0\u01a1ng \u0111\u1ea5t n\u01b0\u01a1c v\u00e0 nhi\u1ec7t t\u00e2m ph\u1ee5c v\u1ee5 c\u1ed9ng \u0111\u1ed3ng c\u1ee7a ch\u00ednh<br \/>\nm\u00ecnh c\u00f9ng tinh th\u1ea7n \u00a0&amp;quot;Duy tr\u00ec v\u00e0 ph\u00e1t tri\u1ec3n di s\u1ea3n v\u0103n h\u00f3a Vi\u1ec7t t\u1ea1i h\u1ea3i ngo\u1ea1i&amp;quot;<\/p>\n<p>&amp;amp;&amp;amp;&amp;amp;&amp;amp;&amp;amp;&amp;amp;&amp;amp;&amp;amp;&amp;amp;&amp;amp;&amp;amp;&amp;amp;&amp;amp;&amp;amp;&amp;amp;&amp;amp;&amp;amp;&amp;amp;&amp;amp;&amp;amp;&amp;amp;&amp;amp;&amp;amp;&amp;amp;&amp;amp;&amp;amp;&amp;amp;&amp;amp;&amp;amp;&amp;amp;&amp;amp;&amp;amp;&amp;amp;&amp;amp;&amp;amp;&amp;amp;&amp;amp;&amp;amp;&amp;amp;&amp;amp;&amp;amp;&amp;amp;&amp;amp;&amp;amp;&amp;amp;&amp;amp;&amp;amp;<br \/>\nNH\u1eda NG\u00c0Y TH\u00c1NG C\u0168 (REMINISCING THE OLD DAYS)<br \/>\nAuthor: Le Thi Nhi<br \/>\nLe Thi Nhi was born on January 25, 1943, in Bac Ninh, moved to Saigon in 1954, and to the United States<br \/>\nin 1981.<br \/>\nShe was the founder and Cultural Advisor of the Vietnamese Cultural Association in the Hoa Thinh Don<br \/>\nregion from 1990 to 2000.<br \/>\nShe was also the founder and Vice President of the Literary and Art Club in the Hoa Thinh Don region \/<br \/>\nVietnamese House from 2000 to the present.<br \/>\nShe chaired the K\u1ef7 Nguy\u00ean M\u1edbi Magazine from 2000 to 2023.<br \/>\nShe has published 6 volumes of short stories.<br \/>\nNh\u1edb Ng\u00e0y Th\u00e1ng C\u0169 (Reminiscing the Old Days) is Le Thi Nhi&amp;#39;s sixth boks in the form of &amp;quot;&amp;quot;Miscellaneous<br \/>\nNotes&amp;quot;, consisting of short stories and poems on various themes.<\/p>\n<p>In this book, the author records many memories in her life: &amp;quot;Hanoi, a city in Memory&amp;quot;, &amp;quot;Southern<br \/>\nVietnam before and after 1975&amp;quot;, &amp;quot;Crossing the sea in search of Freedom&amp;quot;, &amp;quot;Joy with cancer&#8230;&amp;quot;.<br \/>\nAlthough not all of her past activities, whether joyful or sad, have been recounted, only with the details<br \/>\nretold in a simple and clear style, in Nh\u1edb Ng\u00e0y Th\u00e1ng C\u0169 (Reminiscing the Old Days), the writer Le Thi Nhi<br \/>\nreveals to readers the spirit of love for her homeland and the enthusiasm to serve her own community,<br \/>\nalong with the spirit of &amp;quot;Maintaining and developing the Vietnamese cultural heritage abroad&amp;quot;.<\/p>","protected":false},"excerpt":{"rendered":"<p>NH\u1edc NG\u00c0Y TH\u00c1NG C\u0168 T\u00e1c gi\u1ea3: L\u00ea Th\u1ecb Nh\u1ecb L\u00ea Th\u1ecb Nh\u1ecb sinh ng\u00e0y 25 th\u00e1ng 1 \u00a0n\u0103m 1943 t\u1ea1i B\u1eafc Ninh \u00a0v\u00e0o Saigon n\u0103m 1954.\u00a0 T\u1edbi Hoa K\u1ef3 n\u0103m 1981 S\u00e1ng l\u1eadp vi\u00ean v\u00e0 l\u00e0 C\u1ed1 V\u1ea5n H\u1ed9i V\u0103n H\u00f3a Vi\u1ec7t Nam v\u00f9ng Hoa Th\u1ecbnh \u0110\u1ed1n 1990 &#8211; 2000 S\u00e1ng l\u1eadp vi\u00ean v\u00e0 l\u00e0 [&hellip;]<\/p>","protected":false},"featured_media":318,"comment_status":"open","ping_status":"closed","template":"","meta":{"ocean_post_layout":"","ocean_both_sidebars_style":"","ocean_both_sidebars_content_width":0,"ocean_both_sidebars_sidebars_width":0,"ocean_sidebar":"0","ocean_second_sidebar":"0","ocean_disable_margins":"enable","ocean_add_body_class":"","ocean_shortcode_before_top_bar":"","ocean_shortcode_after_top_bar":"","ocean_shortcode_before_header":"","ocean_shortcode_after_header":"","ocean_has_shortcode":"","ocean_shortcode_after_title":"","ocean_shortcode_before_footer_widgets":"","ocean_shortcode_after_footer_widgets":"","ocean_shortcode_before_footer_bottom":"","ocean_shortcode_after_footer_bottom":"","ocean_display_top_bar":"default","ocean_display_header":"default","ocean_header_style":"","ocean_center_header_left_menu":"0","ocean_custom_header_template":"0","ocean_custom_logo":0,"ocean_custom_retina_logo":0,"ocean_custom_logo_max_width":0,"ocean_custom_logo_tablet_max_width":0,"ocean_custom_logo_mobile_max_width":0,"ocean_custom_logo_max_height":0,"ocean_custom_logo_tablet_max_height":0,"ocean_custom_logo_mobile_max_height":0,"ocean_header_custom_menu":"0","ocean_menu_typo_font_family":"0","ocean_menu_typo_font_subset":"","ocean_menu_typo_font_size":0,"ocean_menu_typo_font_size_tablet":0,"ocean_menu_typo_font_size_mobile":0,"ocean_menu_typo_font_size_unit":"px","ocean_menu_typo_font_weight":"","ocean_menu_typo_font_weight_tablet":"","ocean_menu_typo_font_weight_mobile":"","ocean_menu_typo_transform":"","ocean_menu_typo_transform_tablet":"","ocean_menu_typo_transform_mobile":"","ocean_menu_typo_line_height":0,"ocean_menu_typo_line_height_tablet":0,"ocean_menu_typo_line_height_mobile":0,"ocean_menu_typo_line_height_unit":"","ocean_menu_typo_spacing":0,"ocean_menu_typo_spacing_tablet":0,"ocean_menu_typo_spacing_mobile":0,"ocean_menu_typo_spacing_unit":"","ocean_menu_link_color":"","ocean_menu_link_color_hover":"","ocean_menu_link_color_active":"","ocean_menu_link_background":"","ocean_menu_link_hover_background":"","ocean_menu_link_active_background":"","ocean_menu_social_links_bg":"","ocean_menu_social_hover_links_bg":"","ocean_menu_social_links_color":"","ocean_menu_social_hover_links_color":"","ocean_disable_title":"default","ocean_disable_heading":"default","ocean_post_title":"","ocean_post_subheading":"","ocean_post_title_style":"","ocean_post_title_background_color":"","ocean_post_title_background":0,"ocean_post_title_bg_image_position":"","ocean_post_title_bg_image_attachment":"","ocean_post_title_bg_image_repeat":"","ocean_post_title_bg_image_size":"","ocean_post_title_height":400,"ocean_post_title_bg_overlay":0.5,"ocean_post_title_bg_overlay_color":"","ocean_disable_breadcrumbs":"default","ocean_breadcrumbs_color":"","ocean_breadcrumbs_separator_color":"","ocean_breadcrumbs_links_color":"","ocean_breadcrumbs_links_hover_color":"","ocean_display_footer_widgets":"default","ocean_display_footer_bottom":"default","ocean_custom_footer_template":"0"},"product_cat":[28],"product_tag":[],"class_list":{"0":"post-76","1":"product","2":"type-product","3":"status-publish","4":"has-post-thumbnail","6":"product_cat-books","8":"entry","9":"has-media","11":"first","12":"instock","13":"downloadable","14":"virtual","15":"taxable","16":"purchasable","17":"product-type-simple","18":"has-product-nav","19":"col","20":"span_1_of_3","21":"owp-content-center","22":"owp-thumbs-layout-horizontal","23":"owp-btn-normal","24":"owp-tabs-layout-horizontal","25":"has-no-thumbnails"},"yoast_head":"<!-- This site is optimized with the Yoast SEO plugin v22.2 - https:\/\/yoast.com\/wordpress\/plugins\/seo\/ -->\n<title>NH\u1eda NG\u00c0Y TH\u00c1NG C\u0168 - vietbooks.org<\/title>\n<meta name=\"robots\" content=\"index, follow, max-snippet:-1, max-image-preview:large, max-video-preview:-1\" \/>\n<link rel=\"canonical\" href=\"https:\/\/vietbooks.org\/vi\/san-pham\/nho-ngay-thang-cu\/\" \/>\n<meta property=\"og:locale\" content=\"vi_VN\" \/>\n<meta property=\"og:type\" content=\"article\" \/>\n<meta property=\"og:title\" content=\"NH\u1eda NG\u00c0Y TH\u00c1NG C\u0168 - vietbooks.org\" \/>\n<meta property=\"og:description\" content=\"NH\u1edc NG\u00c0Y TH\u00c1NG C\u0168 T\u00e1c gi\u1ea3: L\u00ea Th\u1ecb Nh\u1ecb L\u00ea Th\u1ecb Nh\u1ecb sinh ng\u00e0y 25 th\u00e1ng 1 \u00a0n\u0103m 1943 t\u1ea1i B\u1eafc Ninh \u00a0v\u00e0o Saigon n\u0103m 1954.\u00a0 T\u1edbi Hoa K\u1ef3 n\u0103m 1981 S\u00e1ng l\u1eadp vi\u00ean v\u00e0 l\u00e0 C\u1ed1 V\u1ea5n H\u1ed9i V\u0103n H\u00f3a Vi\u1ec7t Nam v\u00f9ng Hoa Th\u1ecbnh \u0110\u1ed1n 1990 &#8211; 2000 S\u00e1ng l\u1eadp vi\u00ean v\u00e0 l\u00e0 [&hellip;]\" \/>\n<meta property=\"og:url\" content=\"https:\/\/vietbooks.org\/vi\/san-pham\/nho-ngay-thang-cu\/\" \/>\n<meta property=\"og:site_name\" content=\"vietbooks.org\" \/>\n<meta property=\"article:modified_time\" content=\"2024-03-23T06:35:44+00:00\" \/>\n<meta property=\"og:image\" content=\"https:\/\/vietbooks.org\/wp-content\/uploads\/2016\/08\/BOOK-COVER_Nho-Ngay-Thang-Cu.jpg\" \/>\n\t<meta property=\"og:image:width\" content=\"640\" \/>\n\t<meta property=\"og:image:height\" content=\"464\" \/>\n\t<meta property=\"og:image:type\" content=\"image\/jpeg\" \/>\n<meta name=\"twitter:card\" content=\"summary_large_image\" \/>\n<meta name=\"twitter:label1\" content=\"\u01af\u1edbc t\u00ednh th\u1eddi gian \u0111\u1ecdc\" \/>\n\t<meta name=\"twitter:data1\" content=\"3 ph\u00fat\" \/>\n<script type=\"application\/ld+json\" class=\"yoast-schema-graph\">{\"@context\":\"https:\/\/schema.org\",\"@graph\":[{\"@type\":\"WebPage\",\"@id\":\"https:\/\/vietbooks.org\/product\/nho-ngay-thang-cu\/\",\"url\":\"https:\/\/vietbooks.org\/product\/nho-ngay-thang-cu\/\",\"name\":\"NH\u1eda NG\u00c0Y TH\u00c1NG C\u0168 - vietbooks.org\",\"isPartOf\":{\"@id\":\"http:\/\/vietbooks.org\/#website\"},\"primaryImageOfPage\":{\"@id\":\"https:\/\/vietbooks.org\/product\/nho-ngay-thang-cu\/#primaryimage\"},\"image\":{\"@id\":\"https:\/\/vietbooks.org\/product\/nho-ngay-thang-cu\/#primaryimage\"},\"thumbnailUrl\":\"https:\/\/vietbooks.org\/wp-content\/uploads\/2016\/08\/BOOK-COVER_Nho-Ngay-Thang-Cu.jpg\",\"datePublished\":\"2016-08-22T21:44:40+00:00\",\"dateModified\":\"2024-03-23T06:35:44+00:00\",\"breadcrumb\":{\"@id\":\"https:\/\/vietbooks.org\/product\/nho-ngay-thang-cu\/#breadcrumb\"},\"inLanguage\":\"vi\",\"potentialAction\":[{\"@type\":\"ReadAction\",\"target\":[\"https:\/\/vietbooks.org\/product\/nho-ngay-thang-cu\/\"]}]},{\"@type\":\"ImageObject\",\"inLanguage\":\"vi\",\"@id\":\"https:\/\/vietbooks.org\/product\/nho-ngay-thang-cu\/#primaryimage\",\"url\":\"https:\/\/vietbooks.org\/wp-content\/uploads\/2016\/08\/BOOK-COVER_Nho-Ngay-Thang-Cu.jpg\",\"contentUrl\":\"https:\/\/vietbooks.org\/wp-content\/uploads\/2016\/08\/BOOK-COVER_Nho-Ngay-Thang-Cu.jpg\",\"width\":640,\"height\":464},{\"@type\":\"BreadcrumbList\",\"@id\":\"https:\/\/vietbooks.org\/product\/nho-ngay-thang-cu\/#breadcrumb\",\"itemListElement\":[{\"@type\":\"ListItem\",\"position\":1,\"name\":\"Home\",\"item\":\"https:\/\/vietbooks.org\/\"},{\"@type\":\"ListItem\",\"position\":2,\"name\":\"Shop\",\"item\":\"https:\/\/vietbooks.org\/shop-2\/\"},{\"@type\":\"ListItem\",\"position\":3,\"name\":\"NH\u1eda NG\u00c0Y TH\u00c1NG C\u0168\"}]},{\"@type\":\"WebSite\",\"@id\":\"http:\/\/vietbooks.org\/#website\",\"url\":\"http:\/\/vietbooks.org\/\",\"name\":\"vietbooks.org\",\"description\":\"\",\"potentialAction\":[{\"@type\":\"SearchAction\",\"target\":{\"@type\":\"EntryPoint\",\"urlTemplate\":\"http:\/\/vietbooks.org\/?s={search_term_string}\"},\"query-input\":\"required name=search_term_string\"}],\"inLanguage\":\"vi\"}]}<\/script>\n<!-- \/ Yoast SEO plugin. -->","yoast_head_json":{"title":"NH\u1eda NG\u00c0Y TH\u00c1NG C\u0168 - vietbooks.org","robots":{"index":"index","follow":"follow","max-snippet":"max-snippet:-1","max-image-preview":"max-image-preview:large","max-video-preview":"max-video-preview:-1"},"canonical":"https:\/\/vietbooks.org\/vi\/san-pham\/nho-ngay-thang-cu\/","og_locale":"vi_VN","og_type":"article","og_title":"NH\u1eda NG\u00c0Y TH\u00c1NG C\u0168 - vietbooks.org","og_description":"NH\u1edc NG\u00c0Y TH\u00c1NG C\u0168 T\u00e1c gi\u1ea3: L\u00ea Th\u1ecb Nh\u1ecb L\u00ea Th\u1ecb Nh\u1ecb sinh ng\u00e0y 25 th\u00e1ng 1 \u00a0n\u0103m 1943 t\u1ea1i B\u1eafc Ninh \u00a0v\u00e0o Saigon n\u0103m 1954.\u00a0 T\u1edbi Hoa K\u1ef3 n\u0103m 1981 S\u00e1ng l\u1eadp vi\u00ean v\u00e0 l\u00e0 C\u1ed1 V\u1ea5n H\u1ed9i V\u0103n H\u00f3a Vi\u1ec7t Nam v\u00f9ng Hoa Th\u1ecbnh \u0110\u1ed1n 1990 &#8211; 2000 S\u00e1ng l\u1eadp vi\u00ean v\u00e0 l\u00e0 [&hellip;]","og_url":"https:\/\/vietbooks.org\/vi\/san-pham\/nho-ngay-thang-cu\/","og_site_name":"vietbooks.org","article_modified_time":"2024-03-23T06:35:44+00:00","og_image":[{"width":640,"height":464,"url":"https:\/\/vietbooks.org\/wp-content\/uploads\/2016\/08\/BOOK-COVER_Nho-Ngay-Thang-Cu.jpg","type":"image\/jpeg"}],"twitter_card":"summary_large_image","twitter_misc":{"\u01af\u1edbc t\u00ednh th\u1eddi gian \u0111\u1ecdc":"3 ph\u00fat"},"schema":{"@context":"https:\/\/schema.org","@graph":[{"@type":"WebPage","@id":"https:\/\/vietbooks.org\/product\/nho-ngay-thang-cu\/","url":"https:\/\/vietbooks.org\/product\/nho-ngay-thang-cu\/","name":"NH\u1eda NG\u00c0Y TH\u00c1NG C\u0168 - vietbooks.org","isPartOf":{"@id":"http:\/\/vietbooks.org\/#website"},"primaryImageOfPage":{"@id":"https:\/\/vietbooks.org\/product\/nho-ngay-thang-cu\/#primaryimage"},"image":{"@id":"https:\/\/vietbooks.org\/product\/nho-ngay-thang-cu\/#primaryimage"},"thumbnailUrl":"https:\/\/vietbooks.org\/wp-content\/uploads\/2016\/08\/BOOK-COVER_Nho-Ngay-Thang-Cu.jpg","datePublished":"2016-08-22T21:44:40+00:00","dateModified":"2024-03-23T06:35:44+00:00","breadcrumb":{"@id":"https:\/\/vietbooks.org\/product\/nho-ngay-thang-cu\/#breadcrumb"},"inLanguage":"vi","potentialAction":[{"@type":"ReadAction","target":["https:\/\/vietbooks.org\/product\/nho-ngay-thang-cu\/"]}]},{"@type":"ImageObject","inLanguage":"vi","@id":"https:\/\/vietbooks.org\/product\/nho-ngay-thang-cu\/#primaryimage","url":"https:\/\/vietbooks.org\/wp-content\/uploads\/2016\/08\/BOOK-COVER_Nho-Ngay-Thang-Cu.jpg","contentUrl":"https:\/\/vietbooks.org\/wp-content\/uploads\/2016\/08\/BOOK-COVER_Nho-Ngay-Thang-Cu.jpg","width":640,"height":464},{"@type":"BreadcrumbList","@id":"https:\/\/vietbooks.org\/product\/nho-ngay-thang-cu\/#breadcrumb","itemListElement":[{"@type":"ListItem","position":1,"name":"Home","item":"https:\/\/vietbooks.org\/"},{"@type":"ListItem","position":2,"name":"Shop","item":"https:\/\/vietbooks.org\/shop-2\/"},{"@type":"ListItem","position":3,"name":"NH\u1eda NG\u00c0Y TH\u00c1NG C\u0168"}]},{"@type":"WebSite","@id":"http:\/\/vietbooks.org\/#website","url":"http:\/\/vietbooks.org\/","name":"vietbooks.org","description":"","potentialAction":[{"@type":"SearchAction","target":{"@type":"EntryPoint","urlTemplate":"http:\/\/vietbooks.org\/?s={search_term_string}"},"query-input":"required name=search_term_string"}],"inLanguage":"vi"}]}},"jetpack_sharing_enabled":true,"_links":{"self":[{"href":"https:\/\/vietbooks.org\/vi\/wp-json\/wp\/v2\/product\/76","targetHints":{"allow":["GET"]}}],"collection":[{"href":"https:\/\/vietbooks.org\/vi\/wp-json\/wp\/v2\/product"}],"about":[{"href":"https:\/\/vietbooks.org\/vi\/wp-json\/wp\/v2\/types\/product"}],"replies":[{"embeddable":true,"href":"https:\/\/vietbooks.org\/vi\/wp-json\/wp\/v2\/comments?post=76"}],"wp:featuredmedia":[{"embeddable":true,"href":"https:\/\/vietbooks.org\/vi\/wp-json\/wp\/v2\/media\/318"}],"wp:attachment":[{"href":"https:\/\/vietbooks.org\/vi\/wp-json\/wp\/v2\/media?parent=76"}],"wp:term":[{"taxonomy":"product_cat","embeddable":true,"href":"https:\/\/vietbooks.org\/vi\/wp-json\/wp\/v2\/product_cat?post=76"},{"taxonomy":"product_tag","embeddable":true,"href":"https:\/\/vietbooks.org\/vi\/wp-json\/wp\/v2\/product_tag?post=76"}],"curies":[{"name":"wp","href":"https:\/\/api.w.org\/{rel}","templated":true}]}}