{"id":77,"date":"2016-08-22T21:46:39","date_gmt":"2016-08-22T21:46:39","guid":{"rendered":"https:\/\/oceanwp.org\/simple\/product\/steel-watch-leather-strap\/"},"modified":"2024-03-23T02:27:17","modified_gmt":"2024-03-23T07:27:17","slug":"hoi-ky-cua-mot-thang-hen","status":"publish","type":"product","link":"https:\/\/vietbooks.org\/vi\/san-pham\/hoi-ky-cua-mot-thang-hen","title":{"rendered":"H\u1ed2I K\u00dd C\u1ee6A M\u1ed8T TH\u1eb0NG H\u00c8N"},"content":{"rendered":"<p>H\u1ed2I K\u00dd C\u1ee6A M\u1ed8T TH\u1eb0NG H\u00c8N<br \/>\nT\u00e1c gi\u1ea3: Nh\u1ea1c s\u0129 T\u00f4 H\u1ea3i<br \/>\nT\u00f4 H\u1ea3i t\u00ean th\u1eadt l\u00e0 T\u00f4 \u0110\u00ecnh H\u1ea3i, sinh ng\u00e0y 24-9-1927 t\u1ea1i H\u00e0 N\u1ed9i, nguy\u00ean qu\u00e1n Ti\u1ec1n H\u1ea3i, Th\u00e1i B\u00ecnh.<br \/>\nM\u00f9a Thu 1945, v\u1eeba \u0111\u1eadu xong T\u00fa t\u00e0i ch\u01b0\u01a1ng tr\u00ecnh Ph\u00e1p th\u00ec gia nh\u1eadp V\u1ec7 Qu\u1ed1c \u0110o\u00e0n.<br \/>\nT\u1eeb 1947, T\u00f4 H\u1ea3i \u0111\u00e3 \u0111\u01b0\u1ee3c bi\u1ebft \u0111\u1ebfn v\u1edbi c\u00e1c ca kh\u00fac N\u1ee5 C\u01b0\u1eddi S\u01a1n C\u01b0\u1edbc, Tr\u1edf L\u1ea1i \u0110\u00f4 Th\u00e0nh\u2026<br \/>\n\u0110\u1ea7u th\u1eadp ni\u00ean 1960 \u00f4ng \u0111\u00e3 t\u00ecm c\u00e1ch t\u1eeb b\u1ecf t\u01b0 c\u00e1ch \u0111\u1ea3ng vi\u00ean, ra kh\u1ecfi Qu\u00e2n \u0111\u1ed9i.<br \/>\nN\u0103m 1975 \u00f4ng \u0111\u01b0\u1ee3c \u0111i\u1ec1u v\u00e0o Saigon. \u00d4ng v\u1ec1 h\u01b0u non, \u1edf \u1ea9n t\u1ea1i ngo\u1ea1i \u00f4 Nha Trang t\u1eeb 1986 \u0111\u1ec3 tr\u00e1nh<br \/>\nph\u1ea3i nh\u1eadn ch\u1ec9 th\u1ecb bu\u1ed9c vi\u1ebft c\u00e1i g\u00ec, vi\u1ebft th\u1ebf n\u00e0o, vi\u1ebft cho ai\u2026<br \/>\n\u2026N\u1ed7i \u0111au m\u00e0 T\u00f4 H\u1ea3i g\u00e1nh ch\u1ecbu kh\u00f4ng ph\u1ea3i n\u1ed7i \u0111au ri\u00eang c\u1ee7a T\u00f4 H\u1ea3i, kh\u00f4ng ph\u1ea3i h\u1eadu qu\u1ea3 ch\u1ec9 \u0111\u1ebfn v\u1edbi m\u1ed9t<br \/>\nc\u00e1 nh\u00e2n do nh\u1eefng ch\u1ecdn l\u1ef1a c\u1ee7a b\u1ea3n th\u00e2n m\u00e0 ch\u00ednh l\u00e0 m\u1ed9t th\u1ef1c t\u1ebf bi\u1ec3u hi\u1ec7n c\u00e1i th\u00e2n ph\u1eadn oan khi\u00ean m\u00e0<br \/>\nd\u00e2n t\u1ed9c Vi\u1ec7t Nam \u0111ang g\u00e1nh ch\u1ecbu.<br \/>\nTh\u1ef1c t\u1ebf n\u00e0y khi\u1ebfn n\u1ed7i \u0111au t\u0103ng g\u1ea5p ng\u00e0n v\u1ea1n l\u1ea7n so v\u1edbi n\u1ed7i \u0111au b\u1ecb d\u1eadp v\u00f9i, khi kh\u00f4ng th\u1ec3 ch\u1ed1i c\u00e3i r\u1eb1ng c\u00e1i<br \/>\nth\u00e2n ph\u1eadn oan khi\u00ean s\u1edf d\u0129 \u0111\u00e3 c\u00f3 ch\u1ec9 do c\u00e1i H\u00c8N v\u00e0 NGU c\u1ee7a nhi\u1ec1u th\u1ebf h\u1ec7. C\u00e1i NGU \u0111\u00e3 m\u1edf \u0111\u01b0\u1eddng x\u00e2m<br \/>\nnh\u1eadp cho m\u1ed9t t\u00e0 thuy\u1ebft trong khi c\u00e1i H\u00c8N \u0111\u00e3 gi\u00fap t\u00e0 thuy\u1ebft \u0111\u00f3 m\u1eb7c t\u00ecnh thao t\u00fang v\u00e0 v\u1eabn v\u1ea1ch \u0111\u01b0\u1eddng ch\u1ec9<br \/>\nl\u1ed1i bu\u1ed9c c\u1ea3 d\u00e2n t\u1ed9c ph\u1ea3i noi theo \u0111\u1ebfn gi\u1edd n\u00e0y. Th\u1ef1c t\u1ebf kh\u00f4ng th\u1ec3 ph\u1ee7 nh\u1eadn l\u00e0 kh\u00f4ng ri\u00eang c\u00e1 nh\u00e2n n\u00e0y<br \/>\nhay c\u00e1 nh\u00e2n kh\u00e1c l\u00e2m c\u1ea3nh tr\u1ea7m lu\u00e2n, t\u1ee7i nh\u1ee5c m\u00e0 l\u00e0 to\u00e0n th\u1ec3 d\u00e2n t\u1ed9c \u0111\u00e3 r\u01a1i v\u00e0o m\u1ed9t ng\u00f5 c\u1ee5t th\u1ea3m<br \/>\nth\u01b0\u01a1ng do c\u00e1i l\u1ed7i l\u1ea7m H\u00c8N v\u00e0 NGU m\u00e0 nhi\u1ec1u th\u1ebf h\u1ec7 \u0111\u00e3 m\u1eafc.<\/p>\n<p>&amp;amp;&amp;amp;&amp;amp;&amp;amp;&amp;amp;&amp;amp;&amp;amp;&amp;amp;&amp;amp;&amp;amp;&amp;amp;&amp;amp;&amp;amp;&amp;amp;&amp;amp;&amp;amp;&amp;amp;&amp;amp;&amp;amp;&amp;amp;&amp;amp;&amp;amp;&amp;amp;&amp;amp;&amp;amp;&amp;amp;&amp;amp;&amp;amp;&amp;amp;&amp;amp;&amp;amp;&amp;amp;&amp;amp;&amp;amp;&amp;amp;&amp;amp;&amp;amp;&amp;amp;&amp;amp;&amp;amp;&amp;amp;&amp;amp;&amp;amp;&amp;amp;&amp;amp;&amp;amp;&amp;amp;&amp;amp;&amp;amp;&amp;amp;&amp;amp;<br \/>\nH\u1ed2I K\u00dd C\u1ee6A M\u1ed8T TH\u1eb0NG H\u00c8N (MEMOIRS OF A COWARD)<br \/>\nAuthor: Composer T\u00f4 H\u1ea3i<br \/>\nT\u00f4 H\u1ea3i&amp;#39;s real name is T\u00f4 \u0110\u00ecnh H\u1ea3i, born on September 24, 1927, in Hanoi, originating from Ti\u1ec1n H\u1ea3i, Th\u00e1i<br \/>\nB\u00ecnh.<br \/>\nIn the autumn of 1945, having just graduated from the T\u00fa T\u00e0i (High School) program under French rule,<br \/>\nhe joined the Viet Minh (National Salvation Army).<br \/>\nSince 1947, T\u00f4 H\u1ea3i has been known for songs such as &amp;quot;N\u1ee5 C\u01b0\u1eddi S\u01a1n C\u01b0\u1edbc&amp;quot; (Smile of S\u01a1n C\u01b0\u1edbc) and &amp;quot;Tr\u1edf<br \/>\nL\u1ea1i \u0110\u00f4 Th\u00e0nh&amp;quot; (Returning to the Capital) \u2026<br \/>\nIn the early 1960s, he sought ways to renounce his party membership and leave the military.<br \/>\nIn 1975, he was transferred to Saigon. He retired early, living in seclusion on the outskirts of Nha Trang<br \/>\nfrom 1986 to avoid having to receive directives on what to write, how to write, and for whom to write\u2026<br \/>\n\u2026 The pain that T\u00f4 H\u1ea3i endured was not his alone, not the consequences borne by an individual due to<br \/>\nhis own choices, but rather a tangible manifestation of the unjust fate that the Vietnamese people are<br \/>\nenduring.<\/p>\n<p>This reality intensified the pain a million times more than the pain of being suppressed, when one<br \/>\ncannot deny that the unjust fate is due to the cowardice and stupidity of many generations. The<br \/>\nstupidity paved the way for an evil doctrine, while the cowardice helped that doctrine manipulate<br \/>\nemotions and still dictate the path for the nation to follow to this day. The undeniable fact is that it is<br \/>\nnot just this individual or that individual who has fallen into a state of despair and humiliation, but the<br \/>\nentire nation has fallen into a tragic dead end due to the cowardice and stupidity that many generations<br \/>\nhave fallen into.<\/p>","protected":false},"excerpt":{"rendered":"<p>H\u1ed2I K\u00dd C\u1ee6A M\u1ed8T TH\u1eb0NG H\u00c8N T\u00e1c gi\u1ea3: Nh\u1ea1c s\u0129 T\u00f4 H\u1ea3i T\u00f4 H\u1ea3i t\u00ean th\u1eadt l\u00e0 T\u00f4 \u0110\u00ecnh H\u1ea3i, sinh ng\u00e0y 24-9-1927 t\u1ea1i H\u00e0 N\u1ed9i, nguy\u00ean qu\u00e1n Ti\u1ec1n H\u1ea3i, Th\u00e1i B\u00ecnh. M\u00f9a Thu 1945, v\u1eeba \u0111\u1eadu xong T\u00fa t\u00e0i ch\u01b0\u01a1ng tr\u00ecnh Ph\u00e1p th\u00ec gia nh\u1eadp V\u1ec7 Qu\u1ed1c \u0110o\u00e0n. T\u1eeb 1947, T\u00f4 H\u1ea3i \u0111\u00e3 \u0111\u01b0\u1ee3c [&hellip;]<\/p>","protected":false},"featured_media":321,"comment_status":"open","ping_status":"closed","template":"","meta":{"ocean_post_layout":"","ocean_both_sidebars_style":"","ocean_both_sidebars_content_width":0,"ocean_both_sidebars_sidebars_width":0,"ocean_sidebar":"0","ocean_second_sidebar":"0","ocean_disable_margins":"enable","ocean_add_body_class":"","ocean_shortcode_before_top_bar":"","ocean_shortcode_after_top_bar":"","ocean_shortcode_before_header":"","ocean_shortcode_after_header":"","ocean_has_shortcode":"","ocean_shortcode_after_title":"","ocean_shortcode_before_footer_widgets":"","ocean_shortcode_after_footer_widgets":"","ocean_shortcode_before_footer_bottom":"","ocean_shortcode_after_footer_bottom":"","ocean_display_top_bar":"default","ocean_display_header":"default","ocean_header_style":"","ocean_center_header_left_menu":"0","ocean_custom_header_template":"0","ocean_custom_logo":0,"ocean_custom_retina_logo":0,"ocean_custom_logo_max_width":0,"ocean_custom_logo_tablet_max_width":0,"ocean_custom_logo_mobile_max_width":0,"ocean_custom_logo_max_height":0,"ocean_custom_logo_tablet_max_height":0,"ocean_custom_logo_mobile_max_height":0,"ocean_header_custom_menu":"0","ocean_menu_typo_font_family":"0","ocean_menu_typo_font_subset":"","ocean_menu_typo_font_size":0,"ocean_menu_typo_font_size_tablet":0,"ocean_menu_typo_font_size_mobile":0,"ocean_menu_typo_font_size_unit":"px","ocean_menu_typo_font_weight":"","ocean_menu_typo_font_weight_tablet":"","ocean_menu_typo_font_weight_mobile":"","ocean_menu_typo_transform":"","ocean_menu_typo_transform_tablet":"","ocean_menu_typo_transform_mobile":"","ocean_menu_typo_line_height":0,"ocean_menu_typo_line_height_tablet":0,"ocean_menu_typo_line_height_mobile":0,"ocean_menu_typo_line_height_unit":"","ocean_menu_typo_spacing":0,"ocean_menu_typo_spacing_tablet":0,"ocean_menu_typo_spacing_mobile":0,"ocean_menu_typo_spacing_unit":"","ocean_menu_link_color":"","ocean_menu_link_color_hover":"","ocean_menu_link_color_active":"","ocean_menu_link_background":"","ocean_menu_link_hover_background":"","ocean_menu_link_active_background":"","ocean_menu_social_links_bg":"","ocean_menu_social_hover_links_bg":"","ocean_menu_social_links_color":"","ocean_menu_social_hover_links_color":"","ocean_disable_title":"default","ocean_disable_heading":"default","ocean_post_title":"","ocean_post_subheading":"","ocean_post_title_style":"","ocean_post_title_background_color":"","ocean_post_title_background":0,"ocean_post_title_bg_image_position":"","ocean_post_title_bg_image_attachment":"","ocean_post_title_bg_image_repeat":"","ocean_post_title_bg_image_size":"","ocean_post_title_height":400,"ocean_post_title_bg_overlay":0.5,"ocean_post_title_bg_overlay_color":"","ocean_disable_breadcrumbs":"default","ocean_breadcrumbs_color":"","ocean_breadcrumbs_separator_color":"","ocean_breadcrumbs_links_color":"","ocean_breadcrumbs_links_hover_color":"","ocean_display_footer_widgets":"default","ocean_display_footer_bottom":"default","ocean_custom_footer_template":"0"},"product_cat":[28],"product_tag":[],"class_list":{"0":"post-77","1":"product","2":"type-product","3":"status-publish","4":"has-post-thumbnail","6":"product_cat-books","8":"entry","9":"has-media","11":"first","12":"instock","13":"downloadable","14":"virtual","15":"taxable","16":"purchasable","17":"product-type-simple","18":"has-rating","19":"has-product-nav","20":"col","21":"span_1_of_3","22":"owp-content-center","23":"owp-thumbs-layout-horizontal","24":"owp-btn-normal","25":"owp-tabs-layout-horizontal","26":"has-no-thumbnails"},"yoast_head":"<!-- This site is optimized with the Yoast SEO plugin v22.2 - https:\/\/yoast.com\/wordpress\/plugins\/seo\/ -->\n<title>H\u1ed2I K\u00dd C\u1ee6A M\u1ed8T TH\u1eb0NG H\u00c8N - vietbooks.org<\/title>\n<meta name=\"robots\" content=\"index, follow, max-snippet:-1, max-image-preview:large, max-video-preview:-1\" \/>\n<link rel=\"canonical\" href=\"https:\/\/vietbooks.org\/vi\/san-pham\/hoi-ky-cua-mot-thang-hen\/\" \/>\n<meta property=\"og:locale\" content=\"vi_VN\" \/>\n<meta property=\"og:type\" content=\"article\" \/>\n<meta property=\"og:title\" content=\"H\u1ed2I K\u00dd C\u1ee6A M\u1ed8T TH\u1eb0NG H\u00c8N - vietbooks.org\" \/>\n<meta property=\"og:description\" content=\"H\u1ed2I K\u00dd C\u1ee6A M\u1ed8T TH\u1eb0NG H\u00c8N T\u00e1c gi\u1ea3: Nh\u1ea1c s\u0129 T\u00f4 H\u1ea3i T\u00f4 H\u1ea3i t\u00ean th\u1eadt l\u00e0 T\u00f4 \u0110\u00ecnh H\u1ea3i, sinh ng\u00e0y 24-9-1927 t\u1ea1i H\u00e0 N\u1ed9i, nguy\u00ean qu\u00e1n Ti\u1ec1n H\u1ea3i, Th\u00e1i B\u00ecnh. M\u00f9a Thu 1945, v\u1eeba \u0111\u1eadu xong T\u00fa t\u00e0i ch\u01b0\u01a1ng tr\u00ecnh Ph\u00e1p th\u00ec gia nh\u1eadp V\u1ec7 Qu\u1ed1c \u0110o\u00e0n. T\u1eeb 1947, T\u00f4 H\u1ea3i \u0111\u00e3 \u0111\u01b0\u1ee3c [&hellip;]\" \/>\n<meta property=\"og:url\" content=\"https:\/\/vietbooks.org\/vi\/san-pham\/hoi-ky-cua-mot-thang-hen\/\" \/>\n<meta property=\"og:site_name\" content=\"vietbooks.org\" \/>\n<meta property=\"article:modified_time\" content=\"2024-03-23T07:27:17+00:00\" \/>\n<meta property=\"og:image\" content=\"https:\/\/vietbooks.org\/wp-content\/uploads\/2016\/08\/Cover-HoiKyCuaMotThangHen.jpg\" \/>\n\t<meta property=\"og:image:width\" content=\"420\" \/>\n\t<meta property=\"og:image:height\" content=\"640\" \/>\n\t<meta property=\"og:image:type\" content=\"image\/jpeg\" \/>\n<meta name=\"twitter:card\" content=\"summary_large_image\" \/>\n<meta name=\"twitter:label1\" content=\"\u01af\u1edbc t\u00ednh th\u1eddi gian \u0111\u1ecdc\" \/>\n\t<meta name=\"twitter:data1\" content=\"3 ph\u00fat\" \/>\n<script type=\"application\/ld+json\" class=\"yoast-schema-graph\">{\"@context\":\"https:\/\/schema.org\",\"@graph\":[{\"@type\":\"WebPage\",\"@id\":\"https:\/\/vietbooks.org\/product\/hoi-ky-cua-mot-thang-hen\/\",\"url\":\"https:\/\/vietbooks.org\/product\/hoi-ky-cua-mot-thang-hen\/\",\"name\":\"H\u1ed2I K\u00dd C\u1ee6A M\u1ed8T TH\u1eb0NG H\u00c8N - vietbooks.org\",\"isPartOf\":{\"@id\":\"http:\/\/vietbooks.org\/#website\"},\"primaryImageOfPage\":{\"@id\":\"https:\/\/vietbooks.org\/product\/hoi-ky-cua-mot-thang-hen\/#primaryimage\"},\"image\":{\"@id\":\"https:\/\/vietbooks.org\/product\/hoi-ky-cua-mot-thang-hen\/#primaryimage\"},\"thumbnailUrl\":\"https:\/\/vietbooks.org\/wp-content\/uploads\/2016\/08\/Cover-HoiKyCuaMotThangHen.jpg\",\"datePublished\":\"2016-08-22T21:46:39+00:00\",\"dateModified\":\"2024-03-23T07:27:17+00:00\",\"breadcrumb\":{\"@id\":\"https:\/\/vietbooks.org\/product\/hoi-ky-cua-mot-thang-hen\/#breadcrumb\"},\"inLanguage\":\"vi\",\"potentialAction\":[{\"@type\":\"ReadAction\",\"target\":[\"https:\/\/vietbooks.org\/product\/hoi-ky-cua-mot-thang-hen\/\"]}]},{\"@type\":\"ImageObject\",\"inLanguage\":\"vi\",\"@id\":\"https:\/\/vietbooks.org\/product\/hoi-ky-cua-mot-thang-hen\/#primaryimage\",\"url\":\"https:\/\/vietbooks.org\/wp-content\/uploads\/2016\/08\/Cover-HoiKyCuaMotThangHen.jpg\",\"contentUrl\":\"https:\/\/vietbooks.org\/wp-content\/uploads\/2016\/08\/Cover-HoiKyCuaMotThangHen.jpg\",\"width\":420,\"height\":640},{\"@type\":\"BreadcrumbList\",\"@id\":\"https:\/\/vietbooks.org\/product\/hoi-ky-cua-mot-thang-hen\/#breadcrumb\",\"itemListElement\":[{\"@type\":\"ListItem\",\"position\":1,\"name\":\"Home\",\"item\":\"https:\/\/vietbooks.org\/\"},{\"@type\":\"ListItem\",\"position\":2,\"name\":\"Shop\",\"item\":\"https:\/\/vietbooks.org\/shop-2\/\"},{\"@type\":\"ListItem\",\"position\":3,\"name\":\"H\u1ed2I K\u00dd C\u1ee6A M\u1ed8T TH\u1eb0NG H\u00c8N\"}]},{\"@type\":\"WebSite\",\"@id\":\"http:\/\/vietbooks.org\/#website\",\"url\":\"http:\/\/vietbooks.org\/\",\"name\":\"vietbooks.org\",\"description\":\"\",\"potentialAction\":[{\"@type\":\"SearchAction\",\"target\":{\"@type\":\"EntryPoint\",\"urlTemplate\":\"http:\/\/vietbooks.org\/?s={search_term_string}\"},\"query-input\":\"required name=search_term_string\"}],\"inLanguage\":\"vi\"}]}<\/script>\n<!-- \/ Yoast SEO plugin. -->","yoast_head_json":{"title":"H\u1ed2I K\u00dd C\u1ee6A M\u1ed8T TH\u1eb0NG H\u00c8N - vietbooks.org","robots":{"index":"index","follow":"follow","max-snippet":"max-snippet:-1","max-image-preview":"max-image-preview:large","max-video-preview":"max-video-preview:-1"},"canonical":"https:\/\/vietbooks.org\/vi\/san-pham\/hoi-ky-cua-mot-thang-hen\/","og_locale":"vi_VN","og_type":"article","og_title":"H\u1ed2I K\u00dd C\u1ee6A M\u1ed8T TH\u1eb0NG H\u00c8N - vietbooks.org","og_description":"H\u1ed2I K\u00dd C\u1ee6A M\u1ed8T TH\u1eb0NG H\u00c8N T\u00e1c gi\u1ea3: Nh\u1ea1c s\u0129 T\u00f4 H\u1ea3i T\u00f4 H\u1ea3i t\u00ean th\u1eadt l\u00e0 T\u00f4 \u0110\u00ecnh H\u1ea3i, sinh ng\u00e0y 24-9-1927 t\u1ea1i H\u00e0 N\u1ed9i, nguy\u00ean qu\u00e1n Ti\u1ec1n H\u1ea3i, Th\u00e1i B\u00ecnh. M\u00f9a Thu 1945, v\u1eeba \u0111\u1eadu xong T\u00fa t\u00e0i ch\u01b0\u01a1ng tr\u00ecnh Ph\u00e1p th\u00ec gia nh\u1eadp V\u1ec7 Qu\u1ed1c \u0110o\u00e0n. T\u1eeb 1947, T\u00f4 H\u1ea3i \u0111\u00e3 \u0111\u01b0\u1ee3c [&hellip;]","og_url":"https:\/\/vietbooks.org\/vi\/san-pham\/hoi-ky-cua-mot-thang-hen\/","og_site_name":"vietbooks.org","article_modified_time":"2024-03-23T07:27:17+00:00","og_image":[{"width":420,"height":640,"url":"https:\/\/vietbooks.org\/wp-content\/uploads\/2016\/08\/Cover-HoiKyCuaMotThangHen.jpg","type":"image\/jpeg"}],"twitter_card":"summary_large_image","twitter_misc":{"\u01af\u1edbc t\u00ednh th\u1eddi gian \u0111\u1ecdc":"3 ph\u00fat"},"schema":{"@context":"https:\/\/schema.org","@graph":[{"@type":"WebPage","@id":"https:\/\/vietbooks.org\/product\/hoi-ky-cua-mot-thang-hen\/","url":"https:\/\/vietbooks.org\/product\/hoi-ky-cua-mot-thang-hen\/","name":"H\u1ed2I K\u00dd C\u1ee6A M\u1ed8T TH\u1eb0NG H\u00c8N - vietbooks.org","isPartOf":{"@id":"http:\/\/vietbooks.org\/#website"},"primaryImageOfPage":{"@id":"https:\/\/vietbooks.org\/product\/hoi-ky-cua-mot-thang-hen\/#primaryimage"},"image":{"@id":"https:\/\/vietbooks.org\/product\/hoi-ky-cua-mot-thang-hen\/#primaryimage"},"thumbnailUrl":"https:\/\/vietbooks.org\/wp-content\/uploads\/2016\/08\/Cover-HoiKyCuaMotThangHen.jpg","datePublished":"2016-08-22T21:46:39+00:00","dateModified":"2024-03-23T07:27:17+00:00","breadcrumb":{"@id":"https:\/\/vietbooks.org\/product\/hoi-ky-cua-mot-thang-hen\/#breadcrumb"},"inLanguage":"vi","potentialAction":[{"@type":"ReadAction","target":["https:\/\/vietbooks.org\/product\/hoi-ky-cua-mot-thang-hen\/"]}]},{"@type":"ImageObject","inLanguage":"vi","@id":"https:\/\/vietbooks.org\/product\/hoi-ky-cua-mot-thang-hen\/#primaryimage","url":"https:\/\/vietbooks.org\/wp-content\/uploads\/2016\/08\/Cover-HoiKyCuaMotThangHen.jpg","contentUrl":"https:\/\/vietbooks.org\/wp-content\/uploads\/2016\/08\/Cover-HoiKyCuaMotThangHen.jpg","width":420,"height":640},{"@type":"BreadcrumbList","@id":"https:\/\/vietbooks.org\/product\/hoi-ky-cua-mot-thang-hen\/#breadcrumb","itemListElement":[{"@type":"ListItem","position":1,"name":"Home","item":"https:\/\/vietbooks.org\/"},{"@type":"ListItem","position":2,"name":"Shop","item":"https:\/\/vietbooks.org\/shop-2\/"},{"@type":"ListItem","position":3,"name":"H\u1ed2I K\u00dd C\u1ee6A M\u1ed8T TH\u1eb0NG H\u00c8N"}]},{"@type":"WebSite","@id":"http:\/\/vietbooks.org\/#website","url":"http:\/\/vietbooks.org\/","name":"vietbooks.org","description":"","potentialAction":[{"@type":"SearchAction","target":{"@type":"EntryPoint","urlTemplate":"http:\/\/vietbooks.org\/?s={search_term_string}"},"query-input":"required name=search_term_string"}],"inLanguage":"vi"}]}},"jetpack_sharing_enabled":true,"_links":{"self":[{"href":"https:\/\/vietbooks.org\/vi\/wp-json\/wp\/v2\/product\/77","targetHints":{"allow":["GET"]}}],"collection":[{"href":"https:\/\/vietbooks.org\/vi\/wp-json\/wp\/v2\/product"}],"about":[{"href":"https:\/\/vietbooks.org\/vi\/wp-json\/wp\/v2\/types\/product"}],"replies":[{"embeddable":true,"href":"https:\/\/vietbooks.org\/vi\/wp-json\/wp\/v2\/comments?post=77"}],"wp:featuredmedia":[{"embeddable":true,"href":"https:\/\/vietbooks.org\/vi\/wp-json\/wp\/v2\/media\/321"}],"wp:attachment":[{"href":"https:\/\/vietbooks.org\/vi\/wp-json\/wp\/v2\/media?parent=77"}],"wp:term":[{"taxonomy":"product_cat","embeddable":true,"href":"https:\/\/vietbooks.org\/vi\/wp-json\/wp\/v2\/product_cat?post=77"},{"taxonomy":"product_tag","embeddable":true,"href":"https:\/\/vietbooks.org\/vi\/wp-json\/wp\/v2\/product_tag?post=77"}],"curies":[{"name":"wp","href":"https:\/\/api.w.org\/{rel}","templated":true}]}}