{"id":78,"date":"2016-08-22T21:48:33","date_gmt":"2016-08-22T21:48:33","guid":{"rendered":"https:\/\/oceanwp.org\/simple\/product\/mens-chronograph-watch\/"},"modified":"2024-03-23T01:28:15","modified_gmt":"2024-03-23T06:28:15","slug":"guom-thieng-tran-quoc","status":"publish","type":"product","link":"https:\/\/vietbooks.org\/vi\/san-pham\/guom-thieng-tran-quoc","title":{"rendered":"G\u01af\u01a0M THIENG TRAN QUOC"},"content":{"rendered":"<p>G\u01b0\u01a1m Thi\u00eang Tr\u1ea5n Qu\u1ed1c<br \/>\nT\u00e1c gi\u1ea3: Uy\u00ean Thao<\/p>\n<p>Uy\u00ean Thao t\u00ean th\u1eadt l\u00e0 V\u0169 Qu\u1ed1c Ch\u00e2u. \u00d4ng l\u00e0 m\u1ed9t Nh\u00e0 V\u0103n, Nh\u00e0 B\u00e1o. T\u1ed5ng Th\u01b0 K\u00fd nh\u1eadt b\u00e1o S\u00f3ng Th\u1ea7n t\u1ea1i<br \/>\nSaigon. Sau n\u0103m 1975, \u00f4ng b\u1ecb t\u00f9 \u0111\u1ea7y 12 n\u0103m. \u00d4ng qua M\u1ef9 \u0111\u1ecbnh c\u01b0 t\u1ea1i ti\u1ec3u bang Virginia n\u0103m 1999. N\u0103m<br \/>\n2000, \u00f4ng th\u00e0nh l\u1eadp v\u00e0 \u0111i\u1ec1u h\u00e0nh t\u1ee7 s\u00e1ch Ti\u1ebfng Qu\u00ea H\u01b0\u01a1ng cho \u0111\u1ebfn ng\u00e0y nay (2024). \u00d4ng c\u0169ng l\u00e0 Ch\u1ee7<br \/>\nT\u1ecbch C\u00e2u L\u1ea1c B\u1ed9 V\u0103n H\u1ecdc V\u00e0 Ngh\u1ec7 Thu\u1eadt V\u00f9ng Hoa Th\u1ecbnh \u0111\u1ed1n t\u1eeb n\u0103m 2012.<br \/>\nT\u1ee7 s\u00e1ch Ti\u1ebfng Qu\u00ea H\u01b0\u01a1ng in \u1ea5n v\u00e0 ph\u1ed5 bi\u1ebfn nh\u1eefng t\u00e1c ph\u1ea9m c\u1ee7a c\u00e1c t\u00e1c gi\u1ea3 trong v\u00e0 ngo\u00e0i n\u01b0\u1edbc. \u0110\u1eb7c<br \/>\nbi\u1ec7t l\u00e0 nh\u1eefng t\u00e1c ph\u1ea9m b\u1ecb c\u1ea5m ph\u00e1t h\u00e0nh \u1edf Vi\u1ec7t Nam. Cho \u0111\u1ebfn nay, T\u1ee7 s\u00e1ch Ti\u1ebfng Qu\u00ea H\u01b0\u01a1ng \u0111\u00e3 ph\u00e1t<br \/>\nh\u00e0nh \u0111\u01b0\u1ee3c kho\u1ea3ng 100 \u0111\u1ea7u s\u00e1ch.<br \/>\nThanh G\u01b0\u01a1m \u0111\u01b0\u1ee3c nh\u1eafc t\u1edbi trong huy\u1ec1n s\u1eed Vi\u1ec7t Nam t\u1eeb thu\u1edf An D\u01b0\u01a1ng V\u01b0\u01a1ng kh\u1edfi c\u00f4ng x\u00e2y d\u1ef1ng C\u1ed5<br \/>\nLoa Th\u00e0nh. T\u01b0\u01a1ng truy\u1ec1n \u201c C\u00e1c lo\u00e0i ma qu\u00e1i s\u1ee3 h\u1ebft \u0111\u1ea5t dung th\u00e2n khi th\u00e0nh x\u00e2y xong n\u00ean h\u1ecdp nhau c\u1ea3n<br \/>\nph\u00e1 c\u00f4ng vi\u1ec7c c\u1ee7a nh\u00e0 Vua.<br \/>\nT\u1eebng \u0111o\u1ea1n th\u00e0nh d\u1ef1ng l\u00ean l\u00fac ban ng\u00e0y \u0111\u1ec1u b\u1ecb ma qu\u00e1i x\u00f4 \u0111\u1ed5 v\u00e0o \u0111\u00eam khuya khi\u1ebfn c\u00f4ng vi\u1ec7c k\u00e9o d\u00e0i<br \/>\nm\u00e3i trong c\u1ea3nh d\u1edf dang. Cu\u1ed1i c\u00f9ng, vua An D\u01b0\u01a1ng V\u01b0\u01a1ng ph\u1ea3i c\u1ea7u xin Th\u1ea7n linh gi\u00fap s\u1ee9c. Th\u1ea7n Kim Quy<br \/>\nli\u1ec1n hi\u1ec7n ra \u0111\u00e1nh b\u1ea1t h\u1ebft ma qu\u00e1i, gi\u00fap ho\u00e0n t\u1ea5t vi\u1ec7c x\u00e2y th\u00e0nh. Tr\u01b0\u1edbc khi chia tay, Th\u1ea7n t\u1eb7ng nh\u00e0 Vua<br \/>\nm\u1ed9t chi\u1ebfc m\u00f3ng, d\u1eb7n d\u00f9ng l\u00e0m n\u1eaby n\u1ecf v\u00e0 ch\u1ec9 d\u1eabn c\u00e1ch l\u00e0m n\u1ecf li\u00ean ch\u00e2u, m\u1ed7i l\u1ea7n c\u00f3 th\u1ec3 b\u1eafn ra h\u00e0ng v\u1ea1n<br \/>\nm\u0169i t\u00ean.<br \/>\nNh\u01b0ng vi\u1ec7c gi\u1eef n\u01b0\u1edbc kh\u00f4ng th\u1ec3 ch\u1ec9 d\u1ef1a v\u00e0o m\u1ed9t c\u00e2y n\u1ecf li\u00ean ch\u00e2u n\u00ean nh\u00e0 Vua v\u1eabn lo l\u1eafng xin \u0111\u01b0\u1ee3c Th\u1ea7n<br \/>\ngi\u00fap \u0111\u1ee1. Th\u1ea7n b\u00e8n trao cho nh\u00e0 Vua m\u1ed9t thanh g\u01b0\u01a1m.<\/p>\n<p>G\u01af\u01a0M THI\u00caNG TR\u1ea4N QU\u1ed0C (The Sacred Sword of Tr\u1ea5n Qu\u1ed1c)<br \/>\nAuthor: Uy\u00ean Thao<br \/>\nUy\u00ean Thao&amp;#39;s real name is V\u0169 Qu\u1ed1c Ch\u00e2u. He is an Author and Journalist. He was the Editor-in-Chief of the<br \/>\nSong Than newspaper in Saigon. After 1975, he was imprisoned by the Communists government for 12<br \/>\nyears. He immigrated to the United States and settled in Virginia in 1999. In 2000, he founded and has<br \/>\nbeen managing the Homeland Language Bookcase until now (2024). He is also the Chairman of the<br \/>\nLiterature and Arts Club of Hoa Thinh Region since 2012.<br \/>\nThe Ti\u1ebfng Qu\u00ea H\u01b0\u01a1ng Bookcase publishes and disseminates works by authors from both inside and<br \/>\noutside the country, especially those banned from distribution in Vietnam. To date, the Ti\u1ebfng Qu\u00ea<br \/>\nH\u01b0\u01a1ng Bookcase has published about 100 books.<br \/>\n&amp;quot;The Sword of Thanh G\u01b0\u01a1m has been mentioned in Vietnamese mythology since the time when King An<br \/>\nD\u01b0\u01a1ng V\u01b0\u01a1ng commenced the construction of C\u1ed5 Loa Citadel.&amp;quot;. According to legend, &amp;quot;All evil spirits<br \/>\nfeared to set foot on the land upon completion of the construction, so they gathered to sabotage the<br \/>\nKing&amp;#39;s work.<\/p>\n<p>Each section built during the day was toppled by evil spirits at night, prolonging the construction in a<br \/>\nperilous situation. Finally, King An D\u01b0\u01a1ng V\u01b0\u01a1ng had to pray for divine assistance. The Golden Turtle<br \/>\nDeity appeared and drove away all the evil spirits, helping to complete the construction of the citadel.<br \/>\nBefore departing, the Deity gifted the King with a nail, instructing him to use it as an arrowhead and<br \/>\nteaching him how to make crossbows, each capable of shooting tens of thousands of arrows at once.<br \/>\nHowever, safeguarding the country could not rely solely on a crossbow, so the King still worriedly sought<br \/>\nthe Deity&amp;#39;s assistance. The Deity then gave the King a sacred sword.<\/p>","protected":false},"excerpt":{"rendered":"<p>G\u01b0\u01a1m Thi\u00eang Tr\u1ea5n Qu\u1ed1c T\u00e1c gi\u1ea3: Uy\u00ean Thao Uy\u00ean Thao t\u00ean th\u1eadt l\u00e0 V\u0169 Qu\u1ed1c Ch\u00e2u. \u00d4ng l\u00e0 m\u1ed9t Nh\u00e0 V\u0103n, Nh\u00e0 B\u00e1o. T\u1ed5ng Th\u01b0 K\u00fd nh\u1eadt b\u00e1o S\u00f3ng Th\u1ea7n t\u1ea1i Saigon. Sau n\u0103m 1975, \u00f4ng b\u1ecb t\u00f9 \u0111\u1ea7y 12 n\u0103m. \u00d4ng qua M\u1ef9 \u0111\u1ecbnh c\u01b0 t\u1ea1i ti\u1ec3u bang Virginia n\u0103m 1999. N\u0103m 2000, \u00f4ng [&hellip;]<\/p>","protected":false},"featured_media":327,"comment_status":"open","ping_status":"closed","template":"","meta":{"ocean_post_layout":"","ocean_both_sidebars_style":"","ocean_both_sidebars_content_width":0,"ocean_both_sidebars_sidebars_width":0,"ocean_sidebar":"0","ocean_second_sidebar":"0","ocean_disable_margins":"enable","ocean_add_body_class":"","ocean_shortcode_before_top_bar":"","ocean_shortcode_after_top_bar":"","ocean_shortcode_before_header":"","ocean_shortcode_after_header":"","ocean_has_shortcode":"","ocean_shortcode_after_title":"","ocean_shortcode_before_footer_widgets":"","ocean_shortcode_after_footer_widgets":"","ocean_shortcode_before_footer_bottom":"","ocean_shortcode_after_footer_bottom":"","ocean_display_top_bar":"default","ocean_display_header":"default","ocean_header_style":"","ocean_center_header_left_menu":"0","ocean_custom_header_template":"0","ocean_custom_logo":0,"ocean_custom_retina_logo":0,"ocean_custom_logo_max_width":0,"ocean_custom_logo_tablet_max_width":0,"ocean_custom_logo_mobile_max_width":0,"ocean_custom_logo_max_height":0,"ocean_custom_logo_tablet_max_height":0,"ocean_custom_logo_mobile_max_height":0,"ocean_header_custom_menu":"0","ocean_menu_typo_font_family":"0","ocean_menu_typo_font_subset":"","ocean_menu_typo_font_size":0,"ocean_menu_typo_font_size_tablet":0,"ocean_menu_typo_font_size_mobile":0,"ocean_menu_typo_font_size_unit":"px","ocean_menu_typo_font_weight":"","ocean_menu_typo_font_weight_tablet":"","ocean_menu_typo_font_weight_mobile":"","ocean_menu_typo_transform":"","ocean_menu_typo_transform_tablet":"","ocean_menu_typo_transform_mobile":"","ocean_menu_typo_line_height":0,"ocean_menu_typo_line_height_tablet":0,"ocean_menu_typo_line_height_mobile":0,"ocean_menu_typo_line_height_unit":"","ocean_menu_typo_spacing":0,"ocean_menu_typo_spacing_tablet":0,"ocean_menu_typo_spacing_mobile":0,"ocean_menu_typo_spacing_unit":"","ocean_menu_link_color":"","ocean_menu_link_color_hover":"","ocean_menu_link_color_active":"","ocean_menu_link_background":"","ocean_menu_link_hover_background":"","ocean_menu_link_active_background":"","ocean_menu_social_links_bg":"","ocean_menu_social_hover_links_bg":"","ocean_menu_social_links_color":"","ocean_menu_social_hover_links_color":"","ocean_disable_title":"default","ocean_disable_heading":"default","ocean_post_title":"","ocean_post_subheading":"","ocean_post_title_style":"","ocean_post_title_background_color":"","ocean_post_title_background":0,"ocean_post_title_bg_image_position":"","ocean_post_title_bg_image_attachment":"","ocean_post_title_bg_image_repeat":"","ocean_post_title_bg_image_size":"","ocean_post_title_height":400,"ocean_post_title_bg_overlay":0.5,"ocean_post_title_bg_overlay_color":"","ocean_disable_breadcrumbs":"default","ocean_breadcrumbs_color":"","ocean_breadcrumbs_separator_color":"","ocean_breadcrumbs_links_color":"","ocean_breadcrumbs_links_hover_color":"","ocean_display_footer_widgets":"default","ocean_display_footer_bottom":"default","ocean_custom_footer_template":"0"},"product_cat":[28],"product_tag":[],"class_list":{"0":"post-78","1":"product","2":"type-product","3":"status-publish","4":"has-post-thumbnail","6":"product_cat-books","8":"entry","9":"has-media","11":"first","12":"instock","13":"downloadable","14":"virtual","15":"taxable","16":"purchasable","17":"product-type-simple","18":"has-product-nav","19":"col","20":"span_1_of_3","21":"owp-content-center","22":"owp-thumbs-layout-horizontal","23":"owp-btn-normal","24":"owp-tabs-layout-horizontal","25":"has-no-thumbnails"},"yoast_head":"<!-- This site is optimized with the Yoast SEO plugin v22.2 - https:\/\/yoast.com\/wordpress\/plugins\/seo\/ -->\n<title>G\u01af\u01a0M THIENG TRAN QUOC - vietbooks.org<\/title>\n<meta name=\"robots\" content=\"index, follow, max-snippet:-1, max-image-preview:large, max-video-preview:-1\" \/>\n<link rel=\"canonical\" href=\"https:\/\/vietbooks.org\/vi\/san-pham\/guom-thieng-tran-quoc\/\" \/>\n<meta property=\"og:locale\" content=\"vi_VN\" \/>\n<meta property=\"og:type\" content=\"article\" \/>\n<meta property=\"og:title\" content=\"G\u01af\u01a0M THIENG TRAN QUOC - vietbooks.org\" \/>\n<meta property=\"og:description\" content=\"G\u01b0\u01a1m Thi\u00eang Tr\u1ea5n Qu\u1ed1c T\u00e1c gi\u1ea3: Uy\u00ean Thao Uy\u00ean Thao t\u00ean th\u1eadt l\u00e0 V\u0169 Qu\u1ed1c Ch\u00e2u. \u00d4ng l\u00e0 m\u1ed9t Nh\u00e0 V\u0103n, Nh\u00e0 B\u00e1o. T\u1ed5ng Th\u01b0 K\u00fd nh\u1eadt b\u00e1o S\u00f3ng Th\u1ea7n t\u1ea1i Saigon. Sau n\u0103m 1975, \u00f4ng b\u1ecb t\u00f9 \u0111\u1ea7y 12 n\u0103m. \u00d4ng qua M\u1ef9 \u0111\u1ecbnh c\u01b0 t\u1ea1i ti\u1ec3u bang Virginia n\u0103m 1999. N\u0103m 2000, \u00f4ng [&hellip;]\" \/>\n<meta property=\"og:url\" content=\"https:\/\/vietbooks.org\/vi\/san-pham\/guom-thieng-tran-quoc\/\" \/>\n<meta property=\"og:site_name\" content=\"vietbooks.org\" \/>\n<meta property=\"article:modified_time\" content=\"2024-03-23T06:28:15+00:00\" \/>\n<meta property=\"og:image\" content=\"https:\/\/vietbooks.org\/wp-content\/uploads\/2016\/08\/GuomThiedngTranQuoc.jpg\" \/>\n\t<meta property=\"og:image:width\" content=\"418\" \/>\n\t<meta property=\"og:image:height\" content=\"640\" \/>\n\t<meta property=\"og:image:type\" content=\"image\/jpeg\" \/>\n<meta name=\"twitter:card\" content=\"summary_large_image\" \/>\n<meta name=\"twitter:label1\" content=\"\u01af\u1edbc t\u00ednh th\u1eddi gian \u0111\u1ecdc\" \/>\n\t<meta name=\"twitter:data1\" content=\"3 ph\u00fat\" \/>\n<script type=\"application\/ld+json\" class=\"yoast-schema-graph\">{\"@context\":\"https:\/\/schema.org\",\"@graph\":[{\"@type\":\"WebPage\",\"@id\":\"https:\/\/vietbooks.org\/product\/guom-thieng-tran-quoc\/\",\"url\":\"https:\/\/vietbooks.org\/product\/guom-thieng-tran-quoc\/\",\"name\":\"G\u01af\u01a0M THIENG TRAN QUOC - vietbooks.org\",\"isPartOf\":{\"@id\":\"http:\/\/vietbooks.org\/#website\"},\"primaryImageOfPage\":{\"@id\":\"https:\/\/vietbooks.org\/product\/guom-thieng-tran-quoc\/#primaryimage\"},\"image\":{\"@id\":\"https:\/\/vietbooks.org\/product\/guom-thieng-tran-quoc\/#primaryimage\"},\"thumbnailUrl\":\"https:\/\/vietbooks.org\/wp-content\/uploads\/2016\/08\/GuomThiedngTranQuoc.jpg\",\"datePublished\":\"2016-08-22T21:48:33+00:00\",\"dateModified\":\"2024-03-23T06:28:15+00:00\",\"breadcrumb\":{\"@id\":\"https:\/\/vietbooks.org\/product\/guom-thieng-tran-quoc\/#breadcrumb\"},\"inLanguage\":\"vi\",\"potentialAction\":[{\"@type\":\"ReadAction\",\"target\":[\"https:\/\/vietbooks.org\/product\/guom-thieng-tran-quoc\/\"]}]},{\"@type\":\"ImageObject\",\"inLanguage\":\"vi\",\"@id\":\"https:\/\/vietbooks.org\/product\/guom-thieng-tran-quoc\/#primaryimage\",\"url\":\"https:\/\/vietbooks.org\/wp-content\/uploads\/2016\/08\/GuomThiedngTranQuoc.jpg\",\"contentUrl\":\"https:\/\/vietbooks.org\/wp-content\/uploads\/2016\/08\/GuomThiedngTranQuoc.jpg\",\"width\":418,\"height\":640},{\"@type\":\"BreadcrumbList\",\"@id\":\"https:\/\/vietbooks.org\/product\/guom-thieng-tran-quoc\/#breadcrumb\",\"itemListElement\":[{\"@type\":\"ListItem\",\"position\":1,\"name\":\"Home\",\"item\":\"https:\/\/vietbooks.org\/\"},{\"@type\":\"ListItem\",\"position\":2,\"name\":\"Shop\",\"item\":\"https:\/\/vietbooks.org\/shop-2\/\"},{\"@type\":\"ListItem\",\"position\":3,\"name\":\"G\u01af\u01a0M THIENG TRAN QUOC\"}]},{\"@type\":\"WebSite\",\"@id\":\"http:\/\/vietbooks.org\/#website\",\"url\":\"http:\/\/vietbooks.org\/\",\"name\":\"vietbooks.org\",\"description\":\"\",\"potentialAction\":[{\"@type\":\"SearchAction\",\"target\":{\"@type\":\"EntryPoint\",\"urlTemplate\":\"http:\/\/vietbooks.org\/?s={search_term_string}\"},\"query-input\":\"required name=search_term_string\"}],\"inLanguage\":\"vi\"}]}<\/script>\n<!-- \/ Yoast SEO plugin. -->","yoast_head_json":{"title":"G\u01af\u01a0M THIENG TRAN QUOC - vietbooks.org","robots":{"index":"index","follow":"follow","max-snippet":"max-snippet:-1","max-image-preview":"max-image-preview:large","max-video-preview":"max-video-preview:-1"},"canonical":"https:\/\/vietbooks.org\/vi\/san-pham\/guom-thieng-tran-quoc\/","og_locale":"vi_VN","og_type":"article","og_title":"G\u01af\u01a0M THIENG TRAN QUOC - vietbooks.org","og_description":"G\u01b0\u01a1m Thi\u00eang Tr\u1ea5n Qu\u1ed1c T\u00e1c gi\u1ea3: Uy\u00ean Thao Uy\u00ean Thao t\u00ean th\u1eadt l\u00e0 V\u0169 Qu\u1ed1c Ch\u00e2u. \u00d4ng l\u00e0 m\u1ed9t Nh\u00e0 V\u0103n, Nh\u00e0 B\u00e1o. T\u1ed5ng Th\u01b0 K\u00fd nh\u1eadt b\u00e1o S\u00f3ng Th\u1ea7n t\u1ea1i Saigon. Sau n\u0103m 1975, \u00f4ng b\u1ecb t\u00f9 \u0111\u1ea7y 12 n\u0103m. \u00d4ng qua M\u1ef9 \u0111\u1ecbnh c\u01b0 t\u1ea1i ti\u1ec3u bang Virginia n\u0103m 1999. N\u0103m 2000, \u00f4ng [&hellip;]","og_url":"https:\/\/vietbooks.org\/vi\/san-pham\/guom-thieng-tran-quoc\/","og_site_name":"vietbooks.org","article_modified_time":"2024-03-23T06:28:15+00:00","og_image":[{"width":418,"height":640,"url":"https:\/\/vietbooks.org\/wp-content\/uploads\/2016\/08\/GuomThiedngTranQuoc.jpg","type":"image\/jpeg"}],"twitter_card":"summary_large_image","twitter_misc":{"\u01af\u1edbc t\u00ednh th\u1eddi gian \u0111\u1ecdc":"3 ph\u00fat"},"schema":{"@context":"https:\/\/schema.org","@graph":[{"@type":"WebPage","@id":"https:\/\/vietbooks.org\/product\/guom-thieng-tran-quoc\/","url":"https:\/\/vietbooks.org\/product\/guom-thieng-tran-quoc\/","name":"G\u01af\u01a0M THIENG TRAN QUOC - vietbooks.org","isPartOf":{"@id":"http:\/\/vietbooks.org\/#website"},"primaryImageOfPage":{"@id":"https:\/\/vietbooks.org\/product\/guom-thieng-tran-quoc\/#primaryimage"},"image":{"@id":"https:\/\/vietbooks.org\/product\/guom-thieng-tran-quoc\/#primaryimage"},"thumbnailUrl":"https:\/\/vietbooks.org\/wp-content\/uploads\/2016\/08\/GuomThiedngTranQuoc.jpg","datePublished":"2016-08-22T21:48:33+00:00","dateModified":"2024-03-23T06:28:15+00:00","breadcrumb":{"@id":"https:\/\/vietbooks.org\/product\/guom-thieng-tran-quoc\/#breadcrumb"},"inLanguage":"vi","potentialAction":[{"@type":"ReadAction","target":["https:\/\/vietbooks.org\/product\/guom-thieng-tran-quoc\/"]}]},{"@type":"ImageObject","inLanguage":"vi","@id":"https:\/\/vietbooks.org\/product\/guom-thieng-tran-quoc\/#primaryimage","url":"https:\/\/vietbooks.org\/wp-content\/uploads\/2016\/08\/GuomThiedngTranQuoc.jpg","contentUrl":"https:\/\/vietbooks.org\/wp-content\/uploads\/2016\/08\/GuomThiedngTranQuoc.jpg","width":418,"height":640},{"@type":"BreadcrumbList","@id":"https:\/\/vietbooks.org\/product\/guom-thieng-tran-quoc\/#breadcrumb","itemListElement":[{"@type":"ListItem","position":1,"name":"Home","item":"https:\/\/vietbooks.org\/"},{"@type":"ListItem","position":2,"name":"Shop","item":"https:\/\/vietbooks.org\/shop-2\/"},{"@type":"ListItem","position":3,"name":"G\u01af\u01a0M THIENG TRAN QUOC"}]},{"@type":"WebSite","@id":"http:\/\/vietbooks.org\/#website","url":"http:\/\/vietbooks.org\/","name":"vietbooks.org","description":"","potentialAction":[{"@type":"SearchAction","target":{"@type":"EntryPoint","urlTemplate":"http:\/\/vietbooks.org\/?s={search_term_string}"},"query-input":"required name=search_term_string"}],"inLanguage":"vi"}]}},"jetpack_sharing_enabled":true,"_links":{"self":[{"href":"https:\/\/vietbooks.org\/vi\/wp-json\/wp\/v2\/product\/78","targetHints":{"allow":["GET"]}}],"collection":[{"href":"https:\/\/vietbooks.org\/vi\/wp-json\/wp\/v2\/product"}],"about":[{"href":"https:\/\/vietbooks.org\/vi\/wp-json\/wp\/v2\/types\/product"}],"replies":[{"embeddable":true,"href":"https:\/\/vietbooks.org\/vi\/wp-json\/wp\/v2\/comments?post=78"}],"wp:featuredmedia":[{"embeddable":true,"href":"https:\/\/vietbooks.org\/vi\/wp-json\/wp\/v2\/media\/327"}],"wp:attachment":[{"href":"https:\/\/vietbooks.org\/vi\/wp-json\/wp\/v2\/media?parent=78"}],"wp:term":[{"taxonomy":"product_cat","embeddable":true,"href":"https:\/\/vietbooks.org\/vi\/wp-json\/wp\/v2\/product_cat?post=78"},{"taxonomy":"product_tag","embeddable":true,"href":"https:\/\/vietbooks.org\/vi\/wp-json\/wp\/v2\/product_tag?post=78"}],"curies":[{"name":"wp","href":"https:\/\/api.w.org\/{rel}","templated":true}]}}