{"id":79,"date":"2016-08-22T21:52:27","date_gmt":"2016-08-22T21:52:27","guid":{"rendered":"https:\/\/oceanwp.org\/simple\/product\/speedmaster-moon-watch\/"},"modified":"2024-03-23T02:12:05","modified_gmt":"2024-03-23T07:12:05","slug":"mot-thoi-oan-trai","status":"publish","type":"product","link":"https:\/\/vietbooks.org\/vi\/san-pham\/mot-thoi-oan-trai","title":{"rendered":"M\u1ed8T TH\u1edcI OAN TR\u00c1I"},"content":{"rendered":"<p>M\u1ed8T TH\u1edcI OAN TR\u00c1I<br \/>\nT\u00e1c gi\u1ea3: Phan L\u1ea1c Ti\u1ebfp<br \/>\nPhan L\u1ea1c Ti\u1ebfp sinh n\u0103m 1933 t\u1ea1i S\u01a1n T\u00e2y, B\u1eafc Vi\u1ec7t, nguy\u00ean qu\u00e1n l\u00e0 l\u00e0ng H\u1eefu B\u1eb1ng, huy\u1ec7n Th\u1ea1ch Th\u1ea5t<br \/>\nth\u01b0\u1eddng \u0111\u01b0\u1ee3c g\u1ecdi l\u00e0 l\u00e0ng N\u1ee7a ho\u1eb7c N\u1ee7a Ch\u1ee3. Phan L\u1ea1c Ti\u1ebfp l\u00e0 con th\u1ee9 ba trong m\u1ed9t gia \u0111\u00ecnh c\u00f3 5 anh ch\u1ecb<br \/>\nem. Ng\u01b0\u1eddi anh th\u1ee9 hai l\u00e0 Phan L\u1ea1c Ph\u00fac.<br \/>\nN\u0103m 1954 khi \u0111\u1ea5t n\u01b0\u1edbc chia \u0111\u00f4i, hai anh em -Phan L\u1ea1c Ti\u1ebfp v\u00e0 Phan L\u1ea1c Ph\u00fac di c\u01b0 v\u00e0o Nam. Phan L\u1ea1c<br \/>\nPh\u00fac xu\u1ea5t th\u00e2n tr\u01b0\u1eddng S\u0129 Quan H\u1ea3i Qu\u00e2n Nha Trang.<br \/>\n\u0110\u00eam 29 th\u00e1ng 4 n\u0103m 1975 Phan L\u1ea1c Ti\u1ebfp c\u1ed9ng t\u00e1c v\u1edbi H\u1ea1m Tr\u01b0\u1edfng D\u01b0\u01a1ng V\u1eadn H\u1ea1m HQ502 \u0111i\u1ec1u \u0111\u1ed9ng<br \/>\ncon t\u00e0u r\u1eddi Saigon \u0111em theo 5,000 ng\u01b0\u1eddi ra bi\u1ec3n. N\u0103m 1980 Phan L\u1ea1c Ti\u1ebfp c\u00f9ng Gi\u00e1o S\u01b0 Nguy\u1ec5n H\u1eefu<br \/>\nX\u01b0\u01a1ng th\u00e0nh l\u1eadp \u1ee6y Ban B\u00e1o Nguy Gi\u00fap Ng\u01b0\u1eddi V\u01b0\u1ee3t Bi\u1ec3n.<br \/>\nT\u00ednh t\u1eeb 1969 Phan L\u1ea1c Ti\u1ebfp \u0111\u00e3 xu\u1ea5t b\u1ea3n c\u00e1c t\u00e1c ph\u1ea9m nh\u01b0 sau: B\u1edd S\u00f4ng L\u00e1 M\u1ee5c, N\u1ed7i Nh\u1edb, Qu\u00ea Nh\u00e0, 40<br \/>\nN\u0103m Tr\u1edf L\u1ea1i, C\u00e1nh V\u1ea1c L\u01b0ng Tr\u1eddi.<br \/>\nV\u1edbi h\u01a1n hai m\u01b0\u01a1i \u0111o\u1ea3n v\u0103n, t\u00e1c gi\u1ea3 \u0111\u00e3 ch\u1eaft chiu, t\u1ec9 m\u1ec9 ghi l\u1ea1i nhi\u1ec1u h\u00ecnh \u1ea3nh, k\u1ef7 ni\u1ec7m c\u00f2n m\u1ea5t c\u1ee7a m\u1ed9t<br \/>\nth\u1eddi \u0111\u00e3 \u0111i qua \u0111\u1eddi \u00f4ng. N\u00f3 g\u1eafn b\u00f3 v\u1edbi \u00f4ng t\u1eeb thu\u1edf \u1ea5u th\u01a1 nh\u01b0 b\u00f3ng v\u1edbi h\u00ecnh. N\u00f3 theo \u00f4ng v\u00e0o mi\u1ec1n<br \/>\nNam sau ng\u00e0y \u0111\u1ea5t n\u01b0\u1edbc b\u1ecb chia \u0111\u00f4i th\u00e1ng 7 n\u0103m 1954. N\u00f3 c\u00f9ng \u00f4ng v\u01b0\u1ee3t \u0111\u1ea1i d\u01b0\u01a1ng \u0111i t\u1edbi m\u1ed9t ch\u00e2n tr\u1eddi<br \/>\nkh\u00e1c-ho\u00e0n to\u00e0n kh\u00e1c.<br \/>\nT\u1ef1a nh\u01b0 m\u1ed9t th\u00e2n c\u00e2y tr\u1ed1c g\u1ed1c b\u1ecb b\u1ee9ng ra kh\u1ecfi v\u00f9ng \u0111\u1ea5t qu\u00ea h\u01b0\u01a1ng quen thu\u1ed9c c\u00f3 t\u00ean N\u1ee7a Ch\u1ee3.<br \/>\nN\u0103m 1994, sau 40 n\u0103m bi\u1ec1n bi\u1ec7t, t\u1eeb ph\u01b0\u01a1ng tr\u1eddi kh\u00e1c \u0111\u00e3 tr\u1edf th\u00e0nh qu\u00ea h\u01b0\u01a1ng th\u1ee9 hai c\u1ee7a \u00f4ng, l\u1ea7n \u0111\u1ea7u<br \/>\nti\u00ean nh\u00e0 v\u0103n h\u1ecd Phan tr\u1edf v\u1ec1 nh\u00ecn l\u1ea1i n\u01a1i ch\u00f4n nhau c\u1eaft r\u1ed1n.<br \/>\nG\u1eafn k\u1ebft nh\u1eefng k\u1ef7 ni\u1ec7m \u00eam \u0111\u1ec1m qu\u00e1 kh\u1ee9 v\u1edbi nh\u1eefng tang th\u01b0\u01a1ng hi\u1ec7n t\u1ea1i, \u00f4ng ch\u1ee3t nghe h\u1ed3n r\u01b0\u1edbm m\u00e1u.<br \/>\nV\u00e0 M\u1ed9t Th\u1eddi Oan Tr\u00e1i \u0111\u00e3 h\u00ecnh th\u00e0nh trong t\u00e2m hu\u1ed1ng \u1ea5y.<br \/>\nH\u01a1n hai m\u01b0\u01a1i \u0111o\u1ea3n v\u0103n trong M\u1ed9t Th\u1eddi Oan Tr\u00e1i l\u00e0 h\u01a1n hai m\u01b0\u01a1i ch\u1ee9ng t\u1eeb s\u00e2u l\u1eafng, s\u1ed1ng \u0111\u1ed9ng qua 9<br \/>\nm\u1ea3nh \u0111\u1eddi trong Ph\u1ea7n Th\u1ee9 Nh\u1ea5t- \u0110\u1ea5t C\u0169 Ng\u01b0\u1eddi X\u01b0a-v\u00e0 h\u01a1n 10 k\u00fd s\u1ef1 trong Ph\u1ea7n Th\u1ee9 Hai-Nh\u1eefng M\u1ea3nh<br \/>\n\u0110\u1eddi L\u01b0u L\u1ea1c. Oan Tr\u00e1i, qu\u1ea3 l\u00e0 kh\u00f4ng c\u00f2n c\u00f3 t\u1eeb n\u00e0o \u0111\u1eafc \u0111\u1ecba-\u0111\u00fang v\u00e0 ch\u1ec9nh x\u00e1c h\u01a1n, \u0111\u1ec3 di\u1ec5n t\u1ea3 c\u00e1i th\u1eddi<br \/>\nch\u1ea5t ch\u1ed3ng nh\u1eefng oan khi\u00ean, cay nghi\u1ec7t \u1ea5y<br \/>\nTr\u1ea7n Phong V\u0169<br \/>\n&amp;amp;&amp;amp;&amp;amp;&amp;amp;&amp;amp;&amp;amp;&amp;amp;&amp;amp;&amp;amp;&amp;amp;&amp;amp;&amp;amp;&amp;amp;&amp;amp;&amp;amp;&amp;amp;&amp;amp;&amp;amp;&amp;amp;&amp;amp;&amp;amp;&amp;amp;&amp;amp;&amp;amp;&amp;amp;&amp;amp;&amp;amp;&amp;amp;&amp;amp;&amp;amp;&amp;amp;&amp;amp;&amp;amp;&amp;amp;&amp;amp;&amp;amp;&amp;amp;&amp;amp;&amp;amp;&amp;amp;&amp;amp;&amp;amp;&amp;amp;&amp;amp;&amp;amp;&amp;amp;&amp;amp;&amp;amp;&amp;amp;&amp;amp;&amp;amp;<br \/>\nM\u1ed8T TH\u1edcI OAN TR\u00c1I Title (A TIME OF INJUSTICE)<br \/>\nAuthor: Phan L\u1ea1c Ti\u1ebfp<br \/>\nPhan L\u1ea1c Ti\u1ebfp was born in 1933 in S\u01a1n T\u00e2y, North Vietnam, originating from H\u1eefu B\u1eb1ng village, Th\u1ea1ch<br \/>\nTh\u1ea5t district, commonly known as N\u1ee7a or N\u1ee7a Ch\u1ee3 village. Phan L\u1ea1c Ti\u1ebfp is the third child in a family of 5<br \/>\nsiblings. His older brother is Phan L\u1ea1c Ph\u00fac.<\/p>\n<p>In 1954, when the country was divided, both Phan L\u1ea1c Ti\u1ebfp and Phan L\u1ea1c Ph\u00fac migrated to the South.<br \/>\nPhan L\u1ea1c Ph\u00fac came from the Naval Academy in Nha Trang.<br \/>\nOn the night of April 29, 1975, Phan L\u1ea1c Ti\u1ebfp collaborated with Captain Naval Vessel of HQ502 to<br \/>\nevacuate a ship from Saigon, carrying 5,000 people to the sea. In 1980, Phan L\u1ea1c Ti\u1ebfp, along with<br \/>\nProfessor Nguy\u1ec5n H\u1eefu X\u01b0\u01a1ng, established the \u1ee6Y Ban C\u1ee9u Nguy Gi\u00fap Ng\u01b0\u1eddi V\u01b0\u1ee3t Bi\u1ec3n (Boat People<br \/>\nSOS Committee).<br \/>\nStarting from 1969, Phan L\u1ea1c Ti\u1ebfp has published the following works: B\u1edd S\u00f4ng L\u00e1 M\u1ee5c (The Riverbank of<br \/>\nthe Rotten Leave), N\u1ed7i Nh\u1edb (Remembrance), Qu\u00ea Nh\u00e0 (Homeland), 40 N\u0103m Tr\u1edf L\u1ea1i (The Return After 40<br \/>\nYears) and C\u00e1nh V\u1ea1c L\u01b0ng Tr\u1eddi (Heron Wings on The Sky).<br \/>\nWith over twenty short stories, the author meticulously records numerous images and lost memories of<br \/>\na bygone era. They have been with him since childhood, like shadows with figures. They accompanied<br \/>\nhim to the South after the country was divided in July 1954. They traversed the ocean with him to a<br \/>\ncompletely different horizon.<br \/>\nLike a tree uprooted from the familiar homeland named N\u1ee7a Ch\u1ee3.<br \/>\nIn 1994, after 40 years of separation, the distant land became his second homeland, and for the first<br \/>\ntime, the Phan family returned to revisit the place where they buried their roots.<br \/>\nLinking the serene memories of the past with the present sorrows, he suddenly felt his soul bleeding.<br \/>\nAnd &amp;quot;A Time of Injustice&amp;quot; was formed in that emotional turmoil.<br \/>\nMore than twenty short stories in &amp;quot;A Time of Injustice&amp;quot; are more than twenty profound testimonies,<br \/>\nvividly depicted through 9 life fragments in Part One &#8211; &amp;quot;Old Land, Old People,&amp;quot; and over 10 chronicles in<br \/>\nPart Two &#8211; &amp;quot;Wandering Lives.&amp;quot; &amp;quot;Injustice&amp;quot; is indeed no more fitting and precise term to describe that era<br \/>\nof stacked injustices and bitterness.<br \/>\nTr\u1ea7n Phong V\u0169<\/p>","protected":false},"excerpt":{"rendered":"<p>Aenean lectus elit, fermentum non, convallis id, sagittis at, neque. Nullam mauris orci, aliquet et, iaculis et, viverra vitae, ligula. Nulla ut felis in purus aliquam imperdiet. Maecenas aliquet mollis lectus. Vivamus consectetuer risus et tortor. Lorem ipsum dolor sit amet, consectetur adipiscing elit. Integer nec odio. Praesent libero.<\/p>\n<ul class=\"woo-ul\">\n<li>Single button blazer<\/li>\n<li>Made of 88% Polyester, 10% Viscose and 2% Elastane<\/li>\n<li>Three front pockets, one at chest<\/li>\n<li>Four decorative buttons at cuffs<\/li>\n<li>Double split at back and two inner pockets<\/li>\n<li>Fully canvassed design<\/li>\n<li>Skinny fit<\/li>\n<\/ul>","protected":false},"featured_media":329,"comment_status":"open","ping_status":"closed","template":"","meta":{"ocean_post_layout":"","ocean_both_sidebars_style":"","ocean_both_sidebars_content_width":0,"ocean_both_sidebars_sidebars_width":0,"ocean_sidebar":"0","ocean_second_sidebar":"0","ocean_disable_margins":"enable","ocean_add_body_class":"","ocean_shortcode_before_top_bar":"","ocean_shortcode_after_top_bar":"","ocean_shortcode_before_header":"","ocean_shortcode_after_header":"","ocean_has_shortcode":"","ocean_shortcode_after_title":"","ocean_shortcode_before_footer_widgets":"","ocean_shortcode_after_footer_widgets":"","ocean_shortcode_before_footer_bottom":"","ocean_shortcode_after_footer_bottom":"","ocean_display_top_bar":"default","ocean_display_header":"default","ocean_header_style":"","ocean_center_header_left_menu":"0","ocean_custom_header_template":"0","ocean_custom_logo":0,"ocean_custom_retina_logo":0,"ocean_custom_logo_max_width":0,"ocean_custom_logo_tablet_max_width":0,"ocean_custom_logo_mobile_max_width":0,"ocean_custom_logo_max_height":0,"ocean_custom_logo_tablet_max_height":0,"ocean_custom_logo_mobile_max_height":0,"ocean_header_custom_menu":"0","ocean_menu_typo_font_family":"0","ocean_menu_typo_font_subset":"","ocean_menu_typo_font_size":0,"ocean_menu_typo_font_size_tablet":0,"ocean_menu_typo_font_size_mobile":0,"ocean_menu_typo_font_size_unit":"px","ocean_menu_typo_font_weight":"","ocean_menu_typo_font_weight_tablet":"","ocean_menu_typo_font_weight_mobile":"","ocean_menu_typo_transform":"","ocean_menu_typo_transform_tablet":"","ocean_menu_typo_transform_mobile":"","ocean_menu_typo_line_height":0,"ocean_menu_typo_line_height_tablet":0,"ocean_menu_typo_line_height_mobile":0,"ocean_menu_typo_line_height_unit":"","ocean_menu_typo_spacing":0,"ocean_menu_typo_spacing_tablet":0,"ocean_menu_typo_spacing_mobile":0,"ocean_menu_typo_spacing_unit":"","ocean_menu_link_color":"","ocean_menu_link_color_hover":"","ocean_menu_link_color_active":"","ocean_menu_link_background":"","ocean_menu_link_hover_background":"","ocean_menu_link_active_background":"","ocean_menu_social_links_bg":"","ocean_menu_social_hover_links_bg":"","ocean_menu_social_links_color":"","ocean_menu_social_hover_links_color":"","ocean_disable_title":"default","ocean_disable_heading":"default","ocean_post_title":"","ocean_post_subheading":"","ocean_post_title_style":"","ocean_post_title_background_color":"","ocean_post_title_background":0,"ocean_post_title_bg_image_position":"","ocean_post_title_bg_image_attachment":"","ocean_post_title_bg_image_repeat":"","ocean_post_title_bg_image_size":"","ocean_post_title_height":400,"ocean_post_title_bg_overlay":0.5,"ocean_post_title_bg_overlay_color":"","ocean_disable_breadcrumbs":"default","ocean_breadcrumbs_color":"","ocean_breadcrumbs_separator_color":"","ocean_breadcrumbs_links_color":"","ocean_breadcrumbs_links_hover_color":"","ocean_display_footer_widgets":"default","ocean_display_footer_bottom":"default","ocean_custom_footer_template":"0"},"product_cat":[28],"product_tag":[],"class_list":{"0":"post-79","1":"product","2":"type-product","3":"status-publish","4":"has-post-thumbnail","6":"product_cat-books","8":"entry","9":"has-media","11":"first","12":"instock","13":"downloadable","14":"virtual","15":"taxable","16":"purchasable","17":"product-type-simple","18":"has-product-nav","19":"col","20":"span_1_of_3","21":"owp-content-center","22":"owp-thumbs-layout-horizontal","23":"owp-btn-normal","24":"owp-tabs-layout-horizontal","25":"has-no-thumbnails"},"yoast_head":"<!-- This site is optimized with the Yoast SEO plugin v22.2 - https:\/\/yoast.com\/wordpress\/plugins\/seo\/ -->\n<title>M\u1ed8T TH\u1edcI OAN TR\u00c1I - vietbooks.org<\/title>\n<meta name=\"robots\" content=\"index, follow, max-snippet:-1, max-image-preview:large, max-video-preview:-1\" \/>\n<link rel=\"canonical\" href=\"https:\/\/vietbooks.org\/vi\/san-pham\/mot-thoi-oan-trai\/\" \/>\n<meta property=\"og:locale\" content=\"vi_VN\" \/>\n<meta property=\"og:type\" content=\"article\" \/>\n<meta property=\"og:title\" content=\"M\u1ed8T TH\u1edcI OAN TR\u00c1I - vietbooks.org\" \/>\n<meta property=\"og:description\" content=\"Aenean lectus elit, fermentum non, convallis id, sagittis at, neque. Nullam mauris orci, aliquet et, iaculis et, viverra vitae, ligula. Nulla ut felis in purus aliquam imperdiet. Maecenas aliquet mollis lectus. Vivamus consectetuer risus et tortor. Lorem ipsum dolor sit amet, consectetur adipiscing elit. Integer nec odio. Praesent libero.   Single button blazer  Made of 88% Polyester, 10% Viscose and 2% Elastane  Three front pockets, one at chest  Four decorative buttons at cuffs  Double split at back and two inner pockets  Fully canvassed design  Skinny fit\" \/>\n<meta property=\"og:url\" content=\"https:\/\/vietbooks.org\/vi\/san-pham\/mot-thoi-oan-trai\/\" \/>\n<meta property=\"og:site_name\" content=\"vietbooks.org\" \/>\n<meta property=\"article:modified_time\" content=\"2024-03-23T07:12:05+00:00\" \/>\n<meta property=\"og:image\" content=\"https:\/\/vietbooks.org\/wp-content\/uploads\/2016\/08\/Cover-MotThoiOanTrai.jpg\" \/>\n\t<meta property=\"og:image:width\" content=\"426\" \/>\n\t<meta property=\"og:image:height\" content=\"640\" \/>\n\t<meta property=\"og:image:type\" content=\"image\/jpeg\" \/>\n<meta name=\"twitter:card\" content=\"summary_large_image\" \/>\n<meta name=\"twitter:label1\" content=\"\u01af\u1edbc t\u00ednh th\u1eddi gian \u0111\u1ecdc\" \/>\n\t<meta name=\"twitter:data1\" content=\"4 ph\u00fat\" \/>\n<script type=\"application\/ld+json\" class=\"yoast-schema-graph\">{\"@context\":\"https:\/\/schema.org\",\"@graph\":[{\"@type\":\"WebPage\",\"@id\":\"https:\/\/vietbooks.org\/product\/mot-thoi-oan-trai\/\",\"url\":\"https:\/\/vietbooks.org\/product\/mot-thoi-oan-trai\/\",\"name\":\"M\u1ed8T TH\u1edcI OAN TR\u00c1I - vietbooks.org\",\"isPartOf\":{\"@id\":\"http:\/\/vietbooks.org\/#website\"},\"primaryImageOfPage\":{\"@id\":\"https:\/\/vietbooks.org\/product\/mot-thoi-oan-trai\/#primaryimage\"},\"image\":{\"@id\":\"https:\/\/vietbooks.org\/product\/mot-thoi-oan-trai\/#primaryimage\"},\"thumbnailUrl\":\"https:\/\/vietbooks.org\/wp-content\/uploads\/2016\/08\/Cover-MotThoiOanTrai.jpg\",\"datePublished\":\"2016-08-22T21:52:27+00:00\",\"dateModified\":\"2024-03-23T07:12:05+00:00\",\"breadcrumb\":{\"@id\":\"https:\/\/vietbooks.org\/product\/mot-thoi-oan-trai\/#breadcrumb\"},\"inLanguage\":\"vi\",\"potentialAction\":[{\"@type\":\"ReadAction\",\"target\":[\"https:\/\/vietbooks.org\/product\/mot-thoi-oan-trai\/\"]}]},{\"@type\":\"ImageObject\",\"inLanguage\":\"vi\",\"@id\":\"https:\/\/vietbooks.org\/product\/mot-thoi-oan-trai\/#primaryimage\",\"url\":\"https:\/\/vietbooks.org\/wp-content\/uploads\/2016\/08\/Cover-MotThoiOanTrai.jpg\",\"contentUrl\":\"https:\/\/vietbooks.org\/wp-content\/uploads\/2016\/08\/Cover-MotThoiOanTrai.jpg\",\"width\":426,\"height\":640},{\"@type\":\"BreadcrumbList\",\"@id\":\"https:\/\/vietbooks.org\/product\/mot-thoi-oan-trai\/#breadcrumb\",\"itemListElement\":[{\"@type\":\"ListItem\",\"position\":1,\"name\":\"Home\",\"item\":\"https:\/\/vietbooks.org\/\"},{\"@type\":\"ListItem\",\"position\":2,\"name\":\"Shop\",\"item\":\"https:\/\/vietbooks.org\/shop-2\/\"},{\"@type\":\"ListItem\",\"position\":3,\"name\":\"M\u1ed8T TH\u1edcI OAN TR\u00c1I\"}]},{\"@type\":\"WebSite\",\"@id\":\"http:\/\/vietbooks.org\/#website\",\"url\":\"http:\/\/vietbooks.org\/\",\"name\":\"vietbooks.org\",\"description\":\"\",\"potentialAction\":[{\"@type\":\"SearchAction\",\"target\":{\"@type\":\"EntryPoint\",\"urlTemplate\":\"http:\/\/vietbooks.org\/?s={search_term_string}\"},\"query-input\":\"required name=search_term_string\"}],\"inLanguage\":\"vi\"}]}<\/script>\n<!-- \/ Yoast SEO plugin. -->","yoast_head_json":{"title":"M\u1ed8T TH\u1edcI OAN TR\u00c1I - vietbooks.org","robots":{"index":"index","follow":"follow","max-snippet":"max-snippet:-1","max-image-preview":"max-image-preview:large","max-video-preview":"max-video-preview:-1"},"canonical":"https:\/\/vietbooks.org\/vi\/san-pham\/mot-thoi-oan-trai\/","og_locale":"vi_VN","og_type":"article","og_title":"M\u1ed8T TH\u1edcI OAN TR\u00c1I - vietbooks.org","og_description":"Aenean lectus elit, fermentum non, convallis id, sagittis at, neque. Nullam mauris orci, aliquet et, iaculis et, viverra vitae, ligula. Nulla ut felis in purus aliquam imperdiet. Maecenas aliquet mollis lectus. Vivamus consectetuer risus et tortor. Lorem ipsum dolor sit amet, consectetur adipiscing elit. Integer nec odio. Praesent libero.   Single button blazer  Made of 88% Polyester, 10% Viscose and 2% Elastane  Three front pockets, one at chest  Four decorative buttons at cuffs  Double split at back and two inner pockets  Fully canvassed design  Skinny fit","og_url":"https:\/\/vietbooks.org\/vi\/san-pham\/mot-thoi-oan-trai\/","og_site_name":"vietbooks.org","article_modified_time":"2024-03-23T07:12:05+00:00","og_image":[{"width":426,"height":640,"url":"https:\/\/vietbooks.org\/wp-content\/uploads\/2016\/08\/Cover-MotThoiOanTrai.jpg","type":"image\/jpeg"}],"twitter_card":"summary_large_image","twitter_misc":{"\u01af\u1edbc t\u00ednh th\u1eddi gian \u0111\u1ecdc":"4 ph\u00fat"},"schema":{"@context":"https:\/\/schema.org","@graph":[{"@type":"WebPage","@id":"https:\/\/vietbooks.org\/product\/mot-thoi-oan-trai\/","url":"https:\/\/vietbooks.org\/product\/mot-thoi-oan-trai\/","name":"M\u1ed8T TH\u1edcI OAN TR\u00c1I - vietbooks.org","isPartOf":{"@id":"http:\/\/vietbooks.org\/#website"},"primaryImageOfPage":{"@id":"https:\/\/vietbooks.org\/product\/mot-thoi-oan-trai\/#primaryimage"},"image":{"@id":"https:\/\/vietbooks.org\/product\/mot-thoi-oan-trai\/#primaryimage"},"thumbnailUrl":"https:\/\/vietbooks.org\/wp-content\/uploads\/2016\/08\/Cover-MotThoiOanTrai.jpg","datePublished":"2016-08-22T21:52:27+00:00","dateModified":"2024-03-23T07:12:05+00:00","breadcrumb":{"@id":"https:\/\/vietbooks.org\/product\/mot-thoi-oan-trai\/#breadcrumb"},"inLanguage":"vi","potentialAction":[{"@type":"ReadAction","target":["https:\/\/vietbooks.org\/product\/mot-thoi-oan-trai\/"]}]},{"@type":"ImageObject","inLanguage":"vi","@id":"https:\/\/vietbooks.org\/product\/mot-thoi-oan-trai\/#primaryimage","url":"https:\/\/vietbooks.org\/wp-content\/uploads\/2016\/08\/Cover-MotThoiOanTrai.jpg","contentUrl":"https:\/\/vietbooks.org\/wp-content\/uploads\/2016\/08\/Cover-MotThoiOanTrai.jpg","width":426,"height":640},{"@type":"BreadcrumbList","@id":"https:\/\/vietbooks.org\/product\/mot-thoi-oan-trai\/#breadcrumb","itemListElement":[{"@type":"ListItem","position":1,"name":"Home","item":"https:\/\/vietbooks.org\/"},{"@type":"ListItem","position":2,"name":"Shop","item":"https:\/\/vietbooks.org\/shop-2\/"},{"@type":"ListItem","position":3,"name":"M\u1ed8T TH\u1edcI OAN TR\u00c1I"}]},{"@type":"WebSite","@id":"http:\/\/vietbooks.org\/#website","url":"http:\/\/vietbooks.org\/","name":"vietbooks.org","description":"","potentialAction":[{"@type":"SearchAction","target":{"@type":"EntryPoint","urlTemplate":"http:\/\/vietbooks.org\/?s={search_term_string}"},"query-input":"required name=search_term_string"}],"inLanguage":"vi"}]}},"jetpack_sharing_enabled":true,"_links":{"self":[{"href":"https:\/\/vietbooks.org\/vi\/wp-json\/wp\/v2\/product\/79","targetHints":{"allow":["GET"]}}],"collection":[{"href":"https:\/\/vietbooks.org\/vi\/wp-json\/wp\/v2\/product"}],"about":[{"href":"https:\/\/vietbooks.org\/vi\/wp-json\/wp\/v2\/types\/product"}],"replies":[{"embeddable":true,"href":"https:\/\/vietbooks.org\/vi\/wp-json\/wp\/v2\/comments?post=79"}],"wp:featuredmedia":[{"embeddable":true,"href":"https:\/\/vietbooks.org\/vi\/wp-json\/wp\/v2\/media\/329"}],"wp:attachment":[{"href":"https:\/\/vietbooks.org\/vi\/wp-json\/wp\/v2\/media?parent=79"}],"wp:term":[{"taxonomy":"product_cat","embeddable":true,"href":"https:\/\/vietbooks.org\/vi\/wp-json\/wp\/v2\/product_cat?post=79"},{"taxonomy":"product_tag","embeddable":true,"href":"https:\/\/vietbooks.org\/vi\/wp-json\/wp\/v2\/product_tag?post=79"}],"curies":[{"name":"wp","href":"https:\/\/api.w.org\/{rel}","templated":true}]}}