{"id":80,"date":"2016-08-22T21:53:54","date_gmt":"2016-08-22T21:53:54","guid":{"rendered":"https:\/\/oceanwp.org\/simple\/product\/electric-leather-watch\/"},"modified":"2024-03-23T02:21:24","modified_gmt":"2024-03-23T07:21:24","slug":"bong-may-tinh-yeu","status":"publish","type":"product","link":"https:\/\/vietbooks.org\/vi\/san-pham\/bong-may-tinh-yeu","title":{"rendered":"B\u00f3ng M\u00e2y T\u00ecnh Y\u00eau"},"content":{"rendered":"<p>B\u00d3NG M\u00c2Y T\u00ccNH Y\u00caU<br \/>\nT\u00e1c gi\u1ea3: Kim Vui<br \/>\nPhan L\u00ea D\u0169ng chuy\u1ec3n ng\u1eef<br \/>\nN\u1ebfu mu\u1ed1n h\u1ecda l\u1ea1i nh\u1eefng b\u1ee9c tranh qu\u00e1 kh\u1ee9, \u0111\u1ec3 t\u00ecm v\u1ec1 con ng\u01b0\u1eddi m\u00ecnh \u1edf c\u00e1c ch\u00e2n tr\u1eddi c\u0169, m\u1ed9t ngh\u1ec7 s\u0129<br \/>\ns\u1ebd ch\u1ecdn l\u1ef1a c\u00e1ch n\u00e0o?<br \/>\nV\u1edbi Kim Vui, \u00e2m nh\u1ea1c v\u00e0 t\u00ecnh y\u00eau l\u00e0 ch\u1ecdn l\u1ef1a hi\u1ec3n nhi\u00ean. B\u00f3ng M\u00e2y T\u00ecnh Y\u00eau m\u1edf \u0111\u1ea7u b\u1eb1ng hai t\u00ecnh y\u00eau<br \/>\ns\u00e2u \u0111\u1eadm, \u0111\u00e3 m\u1ea5t khi Kim Vui nh\u00ecn l\u1ea1i l\u00fac cu\u1ed1i \u0111\u1eddi.<br \/>\nL\u1eddi m\u1edf \u0111\u1ea7u B\u00f3ng M\u00e2y T\u00ecnh y\u00eau l\u00e0 n\u1ed1t nh\u1ea1c d\u1ea1o rung \u0111\u1ed9ng, s\u00e2u l\u1eafng nh\u1ea5t t\u1ea1o b\u1ed1i c\u1ea3nh c\u1ea3m x\u00fac v\u00e0 m\u1edf<br \/>\nl\u1ed1i cho nh\u1eefng rung c\u1ea3m s\u00e2u h\u01a1n, m\u1ea1nh m\u1ebd h\u01a1n, khai m\u1edf nh\u1eefng g\u00ec ti\u1ec1m \u1ea9n trong su\u1ed1t cu\u1ed9c \u0111\u1eddi ngh\u1ec7 s\u0129.<br \/>\nB\u00f3ng M\u00e2y T\u00ecnh Y\u00eau kh\u00f4ng ch\u1ec9 l\u00e0 h\u1ed3i k\u00fd c\u1ee7a m\u1ed9t ngh\u1ec7 s\u0129 thao th\u1ee9c v\u1edbi \u0111am m\u00ea ngh\u1ec7 thu\u1eadt. Kim Vui \u0111\u00e3 ghi<br \/>\nl\u1ea1i nhi\u1ec1u c\u1ea3nh b\u1ea1o lo\u1ea1n c\u1ee7a bu\u1ed5i giao th\u1eddi. K\u00fd \u1ee9c s\u1edbm nh\u1ea5t \u0111\u01b0\u1ee3c k\u1ec3 t\u1eeb c\u00f4 b\u00e9 Kim Vui l\u00e0 cu\u1ed9c ch\u1ea1y lo\u1ea1n t\u1eeb<br \/>\nSaigon v\u1ec1 Tr\u00e0 Vinh tr\u00ean con t\u00e0u t\u1ecb n\u1ea1n theo d\u00f2ng C\u1eedu Long bao la, ti\u1ebfn d\u1ea7n v\u1ec1 v\u00f9ng qu\u00ea kh\u00f4ng ai ti\u1ebfp<br \/>\n\u0111\u00f3n, ng\u1ee7 \u0111\u00eam \u1edf ch\u1ee3 hoang, ti\u1ebfp x\u00fac v\u1edbi nh\u1eefng k\u1ebb c\u01b0\u1edbp m\u01b0\u1ee3n danh y\u00eau n\u01b0\u1edbc ch\u1ed1ng Ph\u00e1p \u0111\u1ec3 c\u01b0\u1edbp c\u1ee7a,<br \/>\ngi\u1ebft ng\u01b0\u1eddi, v\u1edbi c\u00e1c th\u1ed5 ph\u1ec9 Mi\u00ean man r\u1ee3 gi\u1ebft ng\u01b0\u1eddi b\u1eb1ng dao r\u1ef1a. Ngo\u00e0i k\u00fd \u1ee9c r\u00f9ng r\u1ee3n v\u1ec1 chuy\u1ebfn \u0111i t\u1ecb<br \/>\nn\u1ea1n, Kim Vui c\u00f2n ch\u00ednh m\u1eaft ch\u1ee9ng ki\u1ebfn c\u1ea3nh l\u00ednh Ph\u00e1p ti\u1ebfn v\u00e0o l\u00e0ng qu\u00ea Tr\u00e0 Vinh gi\u1ebft ng\u01b0\u1eddi, h\u00e3m hi\u1ebfp,<br \/>\nc\u1ea3nh C\u1ed9ng s\u1ea3n ti\u1ebfn v\u00e0o l\u00e0ng l\u00f4i k\u00e9o d\u00e2n l\u00e0ng \u1ee7ng h\u1ed9.<br \/>\nB\u00f3ng M\u00e2y T\u00ecnh Y\u00eau c\u0169ng vi\u1ebft v\u1ec1 Ch\u00e2n Tr\u1eddi T\u00edm, m\u1ed9t th\u1ebf gi\u1edbi g\u1ea7n nh\u01b0 ph\u1ea3n \u1ea3nh cu\u1ed9c s\u1ed1ng th\u1ef1c ngo\u00e0i \u0111\u1eddi<br \/>\nKim Vui. Ng\u01b0\u1eddi y\u00eau c\u1ee7a Kim Vui c\u0169ng x\u00f4ng pha b\u1ed1n v\u00f9ng chi\u1ebfn thu\u1eadt, ch\u1ee3t \u0111\u1ebfn, ch\u1ee3t \u0111i, nhi\u1ec1u l\u1ea7n ngay<br \/>\nl\u00fac Kim Vui \u0111ang tr\u00ecnh di\u1ec5n.<br \/>\nB\u00f3ng M\u00e2y T\u00ecnh y\u00eau l\u00e0 m\u1ed9t b\u1ea3n tr\u01b0\u1eddng ca n\u00f3i l\u00ean N\u1ed7i L\u00f2ng c\u1ee7a \u0111\u1ee9a b\u00e9 th\u01a1 ng\u00e2y tr\u00ean \u0111\u01b0\u1eddng t\u1ecb n\u1ea1n chi\u1ebfn<br \/>\ntranh v\u1edbi \u0111i\u1ec7p kh\u00fac bu\u1ed3n b\u00e3 \u0111au th\u01b0\u01a1ng v\u00e0 k\u1ebft th\u00fac b\u1eb1ng \u0111\u00f4i m\u1eaft bu\u1ed3n c\u1ee7a m\u1ed9t ng\u01b0\u1eddi di t\u1ea3n l\u01b0u vong<br \/>\nnh\u00ecn qua \u0111\u1ea1i d\u01b0\u01a1ng t\u00e2m h\u1ed3n \u0111\u1ec3 t\u00ecm l\u1ea1i nh\u1eefng g\u00ec \u0111\u00e3 m\u1ea5t.<br \/>\nPhan L\u00ea D\u0169ng<br \/>\n&amp;amp;&amp;amp;&amp;amp;&amp;amp;&amp;amp;&amp;amp;&amp;amp;&amp;amp;&amp;amp;&amp;amp;&amp;amp;&amp;amp;&amp;amp;&amp;amp;&amp;amp;&amp;amp;&amp;amp;&amp;amp;&amp;amp;&amp;amp;&amp;amp;&amp;amp;&amp;amp;&amp;amp;&amp;amp;&amp;amp;&amp;amp;&amp;amp;&amp;amp;&amp;amp;&amp;amp;&amp;amp;&amp;amp;&amp;amp;&amp;amp;&amp;amp;&amp;amp;&amp;amp;&amp;amp;&amp;amp;&amp;amp;&amp;amp;&amp;amp;&amp;amp;&amp;amp;&amp;amp;&amp;amp;<br \/>\nTitle: B\u00d3NG M\u00c2Y T\u00ccNH Y\u00caU (Love Found and Lost)<br \/>\nAuthor: Kim Vui<br \/>\nTranslated by Phan L\u00ea D\u0169ng<br \/>\nIf an artist wishes to depict scenes from the past and immerse himself in old horizons, what choice<br \/>\nwould he or she make?<br \/>\nFor Kim Vui, music and love are the obvious choices. &amp;quot;Love Found and Lost&amp;quot; begins with two profound<br \/>\nloves lost as Kim Vui reminisces about the end of their life.<br \/>\nThe opening of &amp;quot;Love Found and Lost&amp;quot; is a trembling note, the deepest, creating an emotional backdrop<br \/>\nand paving the way for deeper, stronger emotions, unfolding what lies latent throughout the artist&amp;#39;s life.<br \/>\n&amp;quot;Love Found and Lost&amp;quot; is not just the memoir of an artist passionate about art. Kim Vui recounts many<br \/>\nscenes of turmoil during transitional periods. The earliest memory recounted by young Kim Vui is the<br \/>\nchaotic escape from Saigon to Tr\u00e0 Vinh on a refugee boat along the vast Mekong Delta, gradually<\/p>\n<p>moving towards a countryside where no one welcomed them, spending nights in deserted markets,<br \/>\nencountering robbers who falsely claimed patriotism to loot and kill, with cruel mercenaries gruesomely<br \/>\nmurdering people with knives and machetes. Besides the horrifying memories of the refugee journey,<br \/>\nKim Vui also witnessed French soldiers entering Tr\u00e0 Vinh village, killing people, raping, and Communist<br \/>\nforces entering the town to mobilize villagers&amp;#39; support.<br \/>\n&amp;quot;Love Found and Lost&amp;quot; also writes about &amp;quot;Purple Horizon,&amp;quot; a world almost reflecting Kim Vui&amp;#39;s real life.<br \/>\nKim Vui&amp;#39;s lover also traverses four tactical zones, suddenly appearing and suddenly disappearing, often<br \/>\nwhile Kim Vui is performing.<br \/>\n&amp;quot;Love Found and Lost&amp;quot; is an epic poem that expresses the Innocent Child&amp;#39;s Heartache on the war refugee<br \/>\njourney with a sad, poignant melody. It ends with the melancholic eyes of a displaced person looking<br \/>\nacross the ocean of the soul to regain what has been lost.<br \/>\nPhan L\u00ea D\u0169ng<\/p>\n<p><a href=\"https:\/\/nlyman.com\/\" target=\"_blank\" rel=\"noopener\">nlyman.com<\/a><\/p>","protected":false},"excerpt":{"rendered":"<p>Aenean lectus elit, fermentum non, convallis id, sagittis at, neque. Nullam mauris orci, aliquet et, iaculis et, viverra vitae, ligula. Nulla ut felis in purus aliquam imperdiet. Maecenas aliquet mollis lectus. Vivamus consectetuer risus et tortor. Lorem ipsum dolor sit amet, consectetur adipiscing elit. Integer nec odio. Praesent libero.<\/p>\n<ul class=\"woo-ul\">\n<li>Single button blazer<\/li>\n<li>Made of 88% Polyester, 10% Viscose and 2% Elastane<\/li>\n<li>Three front pockets, one at chest<\/li>\n<li>Four decorative buttons at cuffs<\/li>\n<li>Double split at back and two inner pockets<\/li>\n<li>Fully canvassed design<\/li>\n<li>Skinny fit<\/li>\n<\/ul>","protected":false},"featured_media":332,"comment_status":"open","ping_status":"closed","template":"","meta":{"ocean_post_layout":"","ocean_both_sidebars_style":"","ocean_both_sidebars_content_width":0,"ocean_both_sidebars_sidebars_width":0,"ocean_sidebar":"0","ocean_second_sidebar":"0","ocean_disable_margins":"enable","ocean_add_body_class":"","ocean_shortcode_before_top_bar":"","ocean_shortcode_after_top_bar":"","ocean_shortcode_before_header":"","ocean_shortcode_after_header":"","ocean_has_shortcode":"","ocean_shortcode_after_title":"","ocean_shortcode_before_footer_widgets":"","ocean_shortcode_after_footer_widgets":"","ocean_shortcode_before_footer_bottom":"","ocean_shortcode_after_footer_bottom":"","ocean_display_top_bar":"default","ocean_display_header":"default","ocean_header_style":"","ocean_center_header_left_menu":"0","ocean_custom_header_template":"0","ocean_custom_logo":0,"ocean_custom_retina_logo":0,"ocean_custom_logo_max_width":0,"ocean_custom_logo_tablet_max_width":0,"ocean_custom_logo_mobile_max_width":0,"ocean_custom_logo_max_height":0,"ocean_custom_logo_tablet_max_height":0,"ocean_custom_logo_mobile_max_height":0,"ocean_header_custom_menu":"0","ocean_menu_typo_font_family":"0","ocean_menu_typo_font_subset":"","ocean_menu_typo_font_size":0,"ocean_menu_typo_font_size_tablet":0,"ocean_menu_typo_font_size_mobile":0,"ocean_menu_typo_font_size_unit":"px","ocean_menu_typo_font_weight":"","ocean_menu_typo_font_weight_tablet":"","ocean_menu_typo_font_weight_mobile":"","ocean_menu_typo_transform":"","ocean_menu_typo_transform_tablet":"","ocean_menu_typo_transform_mobile":"","ocean_menu_typo_line_height":0,"ocean_menu_typo_line_height_tablet":0,"ocean_menu_typo_line_height_mobile":0,"ocean_menu_typo_line_height_unit":"","ocean_menu_typo_spacing":0,"ocean_menu_typo_spacing_tablet":0,"ocean_menu_typo_spacing_mobile":0,"ocean_menu_typo_spacing_unit":"","ocean_menu_link_color":"","ocean_menu_link_color_hover":"","ocean_menu_link_color_active":"","ocean_menu_link_background":"","ocean_menu_link_hover_background":"","ocean_menu_link_active_background":"","ocean_menu_social_links_bg":"","ocean_menu_social_hover_links_bg":"","ocean_menu_social_links_color":"","ocean_menu_social_hover_links_color":"","ocean_disable_title":"default","ocean_disable_heading":"default","ocean_post_title":"","ocean_post_subheading":"","ocean_post_title_style":"","ocean_post_title_background_color":"","ocean_post_title_background":0,"ocean_post_title_bg_image_position":"","ocean_post_title_bg_image_attachment":"","ocean_post_title_bg_image_repeat":"","ocean_post_title_bg_image_size":"","ocean_post_title_height":400,"ocean_post_title_bg_overlay":0.5,"ocean_post_title_bg_overlay_color":"","ocean_disable_breadcrumbs":"default","ocean_breadcrumbs_color":"","ocean_breadcrumbs_separator_color":"","ocean_breadcrumbs_links_color":"","ocean_breadcrumbs_links_hover_color":"","ocean_display_footer_widgets":"default","ocean_display_footer_bottom":"default","ocean_custom_footer_template":"0"},"product_cat":[28],"product_tag":[],"class_list":{"0":"post-80","1":"product","2":"type-product","3":"status-publish","4":"has-post-thumbnail","6":"product_cat-books","8":"entry","9":"has-media","11":"first","12":"instock","13":"downloadable","14":"virtual","15":"taxable","16":"purchasable","17":"product-type-simple","18":"has-product-nav","19":"col","20":"span_1_of_3","21":"owp-content-center","22":"owp-thumbs-layout-horizontal","23":"owp-btn-normal","24":"owp-tabs-layout-horizontal","25":"has-no-thumbnails"},"yoast_head":"<!-- This site is optimized with the Yoast SEO plugin v22.2 - https:\/\/yoast.com\/wordpress\/plugins\/seo\/ -->\n<title>B\u00f3ng M\u00e2y T\u00ecnh Y\u00eau - vietbooks.org<\/title>\n<meta name=\"robots\" content=\"index, follow, max-snippet:-1, max-image-preview:large, max-video-preview:-1\" \/>\n<link rel=\"canonical\" href=\"https:\/\/vietbooks.org\/vi\/san-pham\/bong-may-tinh-yeu\/\" \/>\n<meta property=\"og:locale\" content=\"vi_VN\" \/>\n<meta property=\"og:type\" content=\"article\" \/>\n<meta property=\"og:title\" content=\"B\u00f3ng M\u00e2y T\u00ecnh Y\u00eau - vietbooks.org\" \/>\n<meta property=\"og:description\" content=\"Aenean lectus elit, fermentum non, convallis id, sagittis at, neque. Nullam mauris orci, aliquet et, iaculis et, viverra vitae, ligula. Nulla ut felis in purus aliquam imperdiet. Maecenas aliquet mollis lectus. Vivamus consectetuer risus et tortor. Lorem ipsum dolor sit amet, consectetur adipiscing elit. Integer nec odio. Praesent libero.   Single button blazer  Made of 88% Polyester, 10% Viscose and 2% Elastane  Three front pockets, one at chest  Four decorative buttons at cuffs  Double split at back and two inner pockets  Fully canvassed design  Skinny fit\" \/>\n<meta property=\"og:url\" content=\"https:\/\/vietbooks.org\/vi\/san-pham\/bong-may-tinh-yeu\/\" \/>\n<meta property=\"og:site_name\" content=\"vietbooks.org\" \/>\n<meta property=\"article:modified_time\" content=\"2024-03-23T07:21:24+00:00\" \/>\n<meta property=\"og:image\" content=\"https:\/\/vietbooks.org\/wp-content\/uploads\/2016\/08\/BongMayTinhYeu.jpg\" \/>\n\t<meta property=\"og:image:width\" content=\"414\" \/>\n\t<meta property=\"og:image:height\" content=\"640\" \/>\n\t<meta property=\"og:image:type\" content=\"image\/jpeg\" \/>\n<meta name=\"twitter:card\" content=\"summary_large_image\" \/>\n<meta name=\"twitter:label1\" content=\"\u01af\u1edbc t\u00ednh th\u1eddi gian \u0111\u1ecdc\" \/>\n\t<meta name=\"twitter:data1\" content=\"4 ph\u00fat\" \/>\n<script type=\"application\/ld+json\" class=\"yoast-schema-graph\">{\"@context\":\"https:\/\/schema.org\",\"@graph\":[{\"@type\":\"WebPage\",\"@id\":\"https:\/\/vietbooks.org\/product\/bong-may-tinh-yeu\/\",\"url\":\"https:\/\/vietbooks.org\/product\/bong-may-tinh-yeu\/\",\"name\":\"B\u00f3ng M\u00e2y T\u00ecnh Y\u00eau - vietbooks.org\",\"isPartOf\":{\"@id\":\"http:\/\/vietbooks.org\/#website\"},\"primaryImageOfPage\":{\"@id\":\"https:\/\/vietbooks.org\/product\/bong-may-tinh-yeu\/#primaryimage\"},\"image\":{\"@id\":\"https:\/\/vietbooks.org\/product\/bong-may-tinh-yeu\/#primaryimage\"},\"thumbnailUrl\":\"https:\/\/vietbooks.org\/wp-content\/uploads\/2016\/08\/BongMayTinhYeu.jpg\",\"datePublished\":\"2016-08-22T21:53:54+00:00\",\"dateModified\":\"2024-03-23T07:21:24+00:00\",\"breadcrumb\":{\"@id\":\"https:\/\/vietbooks.org\/product\/bong-may-tinh-yeu\/#breadcrumb\"},\"inLanguage\":\"vi\",\"potentialAction\":[{\"@type\":\"ReadAction\",\"target\":[\"https:\/\/vietbooks.org\/product\/bong-may-tinh-yeu\/\"]}]},{\"@type\":\"ImageObject\",\"inLanguage\":\"vi\",\"@id\":\"https:\/\/vietbooks.org\/product\/bong-may-tinh-yeu\/#primaryimage\",\"url\":\"https:\/\/vietbooks.org\/wp-content\/uploads\/2016\/08\/BongMayTinhYeu.jpg\",\"contentUrl\":\"https:\/\/vietbooks.org\/wp-content\/uploads\/2016\/08\/BongMayTinhYeu.jpg\",\"width\":414,\"height\":640},{\"@type\":\"BreadcrumbList\",\"@id\":\"https:\/\/vietbooks.org\/product\/bong-may-tinh-yeu\/#breadcrumb\",\"itemListElement\":[{\"@type\":\"ListItem\",\"position\":1,\"name\":\"Home\",\"item\":\"https:\/\/vietbooks.org\/\"},{\"@type\":\"ListItem\",\"position\":2,\"name\":\"Shop\",\"item\":\"https:\/\/vietbooks.org\/shop-2\/\"},{\"@type\":\"ListItem\",\"position\":3,\"name\":\"B\u00f3ng M\u00e2y T\u00ecnh Y\u00eau\"}]},{\"@type\":\"WebSite\",\"@id\":\"http:\/\/vietbooks.org\/#website\",\"url\":\"http:\/\/vietbooks.org\/\",\"name\":\"vietbooks.org\",\"description\":\"\",\"potentialAction\":[{\"@type\":\"SearchAction\",\"target\":{\"@type\":\"EntryPoint\",\"urlTemplate\":\"http:\/\/vietbooks.org\/?s={search_term_string}\"},\"query-input\":\"required name=search_term_string\"}],\"inLanguage\":\"vi\"}]}<\/script>\n<!-- \/ Yoast SEO plugin. -->","yoast_head_json":{"title":"B\u00f3ng M\u00e2y T\u00ecnh Y\u00eau - vietbooks.org","robots":{"index":"index","follow":"follow","max-snippet":"max-snippet:-1","max-image-preview":"max-image-preview:large","max-video-preview":"max-video-preview:-1"},"canonical":"https:\/\/vietbooks.org\/vi\/san-pham\/bong-may-tinh-yeu\/","og_locale":"vi_VN","og_type":"article","og_title":"B\u00f3ng M\u00e2y T\u00ecnh Y\u00eau - vietbooks.org","og_description":"Aenean lectus elit, fermentum non, convallis id, sagittis at, neque. Nullam mauris orci, aliquet et, iaculis et, viverra vitae, ligula. Nulla ut felis in purus aliquam imperdiet. Maecenas aliquet mollis lectus. Vivamus consectetuer risus et tortor. Lorem ipsum dolor sit amet, consectetur adipiscing elit. Integer nec odio. Praesent libero.   Single button blazer  Made of 88% Polyester, 10% Viscose and 2% Elastane  Three front pockets, one at chest  Four decorative buttons at cuffs  Double split at back and two inner pockets  Fully canvassed design  Skinny fit","og_url":"https:\/\/vietbooks.org\/vi\/san-pham\/bong-may-tinh-yeu\/","og_site_name":"vietbooks.org","article_modified_time":"2024-03-23T07:21:24+00:00","og_image":[{"width":414,"height":640,"url":"https:\/\/vietbooks.org\/wp-content\/uploads\/2016\/08\/BongMayTinhYeu.jpg","type":"image\/jpeg"}],"twitter_card":"summary_large_image","twitter_misc":{"\u01af\u1edbc t\u00ednh th\u1eddi gian \u0111\u1ecdc":"4 ph\u00fat"},"schema":{"@context":"https:\/\/schema.org","@graph":[{"@type":"WebPage","@id":"https:\/\/vietbooks.org\/product\/bong-may-tinh-yeu\/","url":"https:\/\/vietbooks.org\/product\/bong-may-tinh-yeu\/","name":"B\u00f3ng M\u00e2y T\u00ecnh Y\u00eau - vietbooks.org","isPartOf":{"@id":"http:\/\/vietbooks.org\/#website"},"primaryImageOfPage":{"@id":"https:\/\/vietbooks.org\/product\/bong-may-tinh-yeu\/#primaryimage"},"image":{"@id":"https:\/\/vietbooks.org\/product\/bong-may-tinh-yeu\/#primaryimage"},"thumbnailUrl":"https:\/\/vietbooks.org\/wp-content\/uploads\/2016\/08\/BongMayTinhYeu.jpg","datePublished":"2016-08-22T21:53:54+00:00","dateModified":"2024-03-23T07:21:24+00:00","breadcrumb":{"@id":"https:\/\/vietbooks.org\/product\/bong-may-tinh-yeu\/#breadcrumb"},"inLanguage":"vi","potentialAction":[{"@type":"ReadAction","target":["https:\/\/vietbooks.org\/product\/bong-may-tinh-yeu\/"]}]},{"@type":"ImageObject","inLanguage":"vi","@id":"https:\/\/vietbooks.org\/product\/bong-may-tinh-yeu\/#primaryimage","url":"https:\/\/vietbooks.org\/wp-content\/uploads\/2016\/08\/BongMayTinhYeu.jpg","contentUrl":"https:\/\/vietbooks.org\/wp-content\/uploads\/2016\/08\/BongMayTinhYeu.jpg","width":414,"height":640},{"@type":"BreadcrumbList","@id":"https:\/\/vietbooks.org\/product\/bong-may-tinh-yeu\/#breadcrumb","itemListElement":[{"@type":"ListItem","position":1,"name":"Home","item":"https:\/\/vietbooks.org\/"},{"@type":"ListItem","position":2,"name":"Shop","item":"https:\/\/vietbooks.org\/shop-2\/"},{"@type":"ListItem","position":3,"name":"B\u00f3ng M\u00e2y T\u00ecnh Y\u00eau"}]},{"@type":"WebSite","@id":"http:\/\/vietbooks.org\/#website","url":"http:\/\/vietbooks.org\/","name":"vietbooks.org","description":"","potentialAction":[{"@type":"SearchAction","target":{"@type":"EntryPoint","urlTemplate":"http:\/\/vietbooks.org\/?s={search_term_string}"},"query-input":"required name=search_term_string"}],"inLanguage":"vi"}]}},"jetpack_sharing_enabled":true,"_links":{"self":[{"href":"https:\/\/vietbooks.org\/vi\/wp-json\/wp\/v2\/product\/80","targetHints":{"allow":["GET"]}}],"collection":[{"href":"https:\/\/vietbooks.org\/vi\/wp-json\/wp\/v2\/product"}],"about":[{"href":"https:\/\/vietbooks.org\/vi\/wp-json\/wp\/v2\/types\/product"}],"replies":[{"embeddable":true,"href":"https:\/\/vietbooks.org\/vi\/wp-json\/wp\/v2\/comments?post=80"}],"wp:featuredmedia":[{"embeddable":true,"href":"https:\/\/vietbooks.org\/vi\/wp-json\/wp\/v2\/media\/332"}],"wp:attachment":[{"href":"https:\/\/vietbooks.org\/vi\/wp-json\/wp\/v2\/media?parent=80"}],"wp:term":[{"taxonomy":"product_cat","embeddable":true,"href":"https:\/\/vietbooks.org\/vi\/wp-json\/wp\/v2\/product_cat?post=80"},{"taxonomy":"product_tag","embeddable":true,"href":"https:\/\/vietbooks.org\/vi\/wp-json\/wp\/v2\/product_tag?post=80"}],"curies":[{"name":"wp","href":"https:\/\/api.w.org\/{rel}","templated":true}]}}