{"id":81,"date":"2016-08-22T21:56:54","date_gmt":"2016-08-22T21:56:54","guid":{"rendered":"https:\/\/oceanwp.org\/simple\/product\/integral-gold-watch\/"},"modified":"2024-03-23T02:34:39","modified_gmt":"2024-03-23T07:34:39","slug":"than-hong-cuoc-chien","status":"publish","type":"product","link":"https:\/\/vietbooks.org\/vi\/san-pham\/than-hong-cuoc-chien","title":{"rendered":"Than H\u1ed3ng Cu\u1ed9c Chi\u1ebfn"},"content":{"rendered":"<p><span style=\"font-weight: 400;\">THAN H\u1ed2NG CHI\u1ebeN CU\u1ed8C<\/span><\/p>\n<p><span style=\"font-weight: 400;\">T\u00e1c gi\u1ea3: Fredrik Logevall<\/span><\/p>\n<p><span style=\"font-weight: 400;\">Phan L\u00ea D\u0169ng chuy\u1ec3n ng\u1eef<\/span><\/p>\n<p>&nbsp;<\/p>\n<p><span style=\"font-weight: 400;\">Vi\u1ebft s\u1eed, d\u00f9 k\u1ef9 l\u01b0\u1ee1ng \u0111\u1ebfn m\u1ea5y v\u1eabn c\u00f3 th\u1ec3 c\u00f3 nh\u1eefng nh\u1eadn \u0111\u1ecbnh sai l\u1ea7m, do thi\u1ebfu t\u00e0i li\u1ec7u, thi\u1ebfu ki\u1ebfn th\u1ee9c. \u0110\u1ed1i v\u1edbi cu\u1ed9c chi\u1ebfn Vi\u1ec7t Nam, m\u1ed9t cu\u1ed9c chi\u1ebfn k\u1ebft th\u00fac ch\u01b0a \u0111\u01b0\u1ee3c n\u1eeda th\u1ebf k\u1ef7, v\u00e0 c\u00e1c nh\u00e2n v\u1eadt trong cu\u1ed9c nhi\u1ec1u ng\u01b0\u1eddi v\u1eabn c\u00f2n s\u1ed1ng, t\u00e0i li\u1ec7u th\u1eadt ch\u1ec9 m\u1edbi v\u1eeba \u0111\u01b0\u1ee3c khai m\u1edf m\u1ed9t ph\u1ea7n.<\/span><\/p>\n<p><span style=\"font-weight: 400;\">X\u1eed d\u1ee5ng nh\u1eefng ph\u1ea7n t\u00e0i li\u1ec7u m\u1edbi \u0111\u01b0\u1ee3c khai m\u1edf \u0111\u00f3 v\u00e0 khai tri\u1ec3n th\u00eam t\u1eeb n\u1ec1n t\u1ea3ng c\u1ee7a nh\u1eefng t\u00e0i li\u1ec7u trong v\u0103n kh\u1ed1 M\u1ef9 t\u1eeb th\u1eadp ni\u00ean 1920, Logevall, gi\u00e1o s\u01b0 S\u1eed v\u00e0 Qu\u1ed1c T\u1ebf H\u1ecdc c\u1ee7a \u0111\u1ea1i h\u1ecdc Cornell, m\u1ea1nh d\u1ea1n ch\u1eafp n\u1ed1i, b\u1ed5 t\u00fac th\u00eam b\u1eb1ng nh\u1eefng t\u00e0i li\u1ec7u t\u00ecm \u0111\u01b0\u1ee3c trong v\u0103n kh\u1ed1 Ph\u00e1p, Nga, Trung Hoa, Anh, Vi\u1ec7t Nam, \u0111\u1ec3 d\u1ef1ng l\u1ea1i h\u00e0nh tr\u00ecnh l\u1eadp ch\u00ednh s\u00e1ch c\u1ee7a M\u1ef9 khi can thi\u1ec7p v\u00e0o Vi\u1ec7t Nam. Khi nh\u00ecn v\u00e0o qu\u00e1 tr\u00ecnh can thi\u1ec7p c\u1ee7a M\u1ef9, \u0111a s\u1ed1 ng\u01b0\u1eddi Vi\u1ec7t Nam \u0111\u1ec1u cho r\u1eb1ng c\u00e1ch can thi\u1ec7p \u0111\u00f3 l\u00e0 m\u1ed9t c\u00e1ch can thi\u1ec7p m\u00f9 qu\u00e1ng v\u00e0 l\u1ea7m l\u1eabn kh\u1ed5ng l\u1ed3.<\/span><\/p>\n<p><span style=\"font-weight: 400;\">\u0110a s\u1ed1 ng\u01b0\u1eddi M\u1ef9 c\u0169ng cho r\u1eb1ng s\u1ef1 can thi\u1ec7p c\u1ee7a M\u1ef9 v\u00e0o Vi\u1ec7t Nam l\u00e0 m\u1ed9t l\u1ea7m l\u1eabn kh\u1ed5ng l\u1ed3, nh\u01b0ng l\u1ea1i v\u00ec nh\u1eefng l\u00fd do kh\u00e1c h\u1eb3n. Nh\u01b0ng v\u01b0\u1ee3t tr\u00ean c\u00e1i nh\u00ecn c\u1ee7a c\u1ea3 hai ph\u00eda, k\u1ebft c\u1ee5c c\u1ee7a s\u1ef1 can thi\u1ec7p \u0111\u00f3 c\u00f3 th\u1ec3 kh\u00e1c kh\u00f4ng?<\/span><\/p>\n<p><span style=\"font-weight: 400;\">Logevall kh\u1eb3ng \u0111\u1ecbnh l\u00e0 \u201cC\u00f3\u201d. Ch\u1eb3ng nh\u1eefng ch\u1ec9 \u201cC\u00f3\u2019\u2019 t\u1ea1i m\u1ed9t th\u1eddi \u0111i\u1ec3m m\u00e0 c\u00f2n \u201cC\u00f3\u201d, \u201c C\u00f3\u201d v\u00e0 \u201cC\u00f3\u201d t\u1ea1i nhi\u1ec1u th\u1eddi \u0111i\u1ec3m.<\/span><\/p>\n<p><span style=\"font-weight: 400;\">N\u1ebfu c\u00f3 th\u1ec3 l\u1ea5y m\u1ed9t c\u00e1i t\u1ef1a kh\u00e1c cho cu\u1ed1n Than H\u1ed3ng Chi\u1ebfn Cu\u1ed9c, c\u00f3 l\u1ebd \u201c C\u00e1ch Ng\u01b0\u1eddi M\u1ef9 Nh\u00ecn Cu\u1ed9c Chi\u1ebfn Vi\u1ec7t Nam\u201d s\u1ebd l\u00e0 c\u00e1i t\u1ef1a \u0111\u00fang nh\u1ea5t. Logevall v\u00e0o chuy\u1ec7n qua c\u00e1i nh\u00ecn v\u00e0 nh\u1eefng \u0111i\u1ec1u ti\u00ean c\u1ea3m c\u1ee7a m\u1ed9t ch\u00ednh kh\u00e1ch M\u1ef9 n\u1ed5i b\u1eadt nh\u1ea5t, v\u00e0 k\u1ebft th\u00fac b\u1eb1ng l\u1eddi h\u1eadu lu\u1eadn v\u1edbi c\u00e1i ch\u1ebft b\u1ea5t ng\u1edd c\u1ee7a ch\u00ednh kh\u00e1ch \u0111\u00f3 khi \u0111ang \u1edf nh\u1eefng n\u1ea5c thang t\u1ed9t \u0111\u1ec9nh c\u1ee7a s\u1ef1 nghi\u00eap ch\u00ednh tr\u1ecb.\u00a0<\/span><\/p>\n<p><span style=\"font-weight: 400;\">C\u0169ng c\u00f3 th\u1ec3 n\u00f3i \u00f4ng v\u00e0o truy\u1ec7n b\u1eb1ng c\u00e1i ch\u1ebft c\u1ee7a nh\u1eefng ng\u01b0\u1eddi h\u00f9ng kh\u00e1c nh\u01b0 Peter Deway, nh\u00e2n vi\u00ean l\u1ed7i l\u1ea1c c\u1ee7a Ph\u00f2ng Ho\u1ea1t V\u1ee5 Chi\u1ebfn L\u01b0\u1ee3c Hoa K\u1ef3-OSS ho\u1eb7c James B.McGovern, phi c\u00f4ng t\u00e0i ba c\u1ee7a \u0111\u1ed9i bay Phi H\u1ed5- Flying Tiger b\u1ecb b\u1eafn r\u1edbt \u1edf \u0110i\u1ec7n Bi\u00ean Ph\u1ee7, v\u00e0 k\u1ebft th\u00fac b\u1eb1ng b\u1ee9c t\u01b0\u1eddng \u0111\u00e1 hoa c\u01b0\u01a1ng kh\u1eafc t\u00ean 58.000 ng\u01b0\u1eddi l\u00ednh Hoa K\u1ef3 t\u1eed tr\u1eadn \u1edf Vi\u1ec7t Nam.<\/span><\/p>\n<p><span style=\"font-weight: 400;\">Phan L\u00ea D\u0169ng<\/span><\/p>\n<p><span style=\"font-weight: 400;\">&amp;&amp;&amp;&amp;&amp;&amp;&amp;&amp;&amp;&amp;&amp;&amp;&amp;&amp;&amp;&amp;&amp;&amp;&amp;&amp;&amp;&amp;&amp;&amp;&amp;&amp;&amp;&amp;&amp;&amp;&amp;&amp;&amp;&amp;&amp;&amp;&amp;&amp;&amp;&amp;&amp;&amp;<\/span><\/p>\n<p><span style=\"font-weight: 400;\">Title: SACRIFICED LIVES<\/span><\/p>\n<p><span style=\"font-weight: 400;\">Author: Fredrik Logevall<\/span><\/p>\n<p><span style=\"font-weight: 400;\">Translated by Phan Le Dung<\/span><\/p>\n<p><span style=\"font-weight: 400;\">No matter how meticulous, historical writings can still contain inaccuracies due to a lack of documents or knowledge. Regarding the Vietnam War, a conflict that hasn&#8217;t reached half a century since its end, many key figures are still alive, and newly accessible documents have only been partially unveiled.<\/span><\/p>\n<p><span style=\"font-weight: 400;\">Utilizing these newly available documents and further expanding from the foundation of materials in American literature from the 1920s, Logevall, a professor of History and International Studies at Cornell University, boldly connects and supplements them with materials found in French, Russian, Chinese, British, and Vietnamese archives to reconstruct the policymaking journey of the United States during its intervention in Vietnam. When examining America&#8217;s intervention process, the majority of Vietnamese believe that it was a blind and colossal mistake.<\/span><\/p>\n<p><span style=\"font-weight: 400;\">Most Americans also view America&#8217;s intervention in Vietnam as a colossal mistake but for entirely different reasons. However, rising above the perspectives of both sides, could the outcome of that intervention have been different?<\/span><\/p>\n<p><span style=\"font-weight: 400;\">Logevall asserts &#8220;Yes.&#8221; Not only &#8220;Yes&#8221; at one point, but also &#8220;Yes,&#8221; &#8220;Yes,&#8221; and &#8220;Yes&#8221; at many points.<\/span><\/p>\n<p><span style=\"font-weight: 400;\">If another title could be chosen for the book &#8220;Sacrificed Lives,&#8221; perhaps &#8220;How Americans View the Vietnam War&#8221; would be the most accurate. Logevall delves into the perspectives and preconceptions of one of America&#8217;s most prominent politicians, concluding with an epilogue on the politician&#8217;s sudden death while at the peak of his political career.<\/span><\/p>\n<p><span style=\"font-weight: 400;\">One could also say he delves into the narrative through the deaths of other heroes like Peter Dewey, a wayward officer of the United States Office of Strategic Services (OSS), or James B. McGovern, a skilled pilot of the Flying Tigers squadron shot down at Dien Bien Phu, and concludes with the granite wall engraved with the names of 58,000 American soldiers who died in Vietnam<\/span><\/p>\n<p><span style=\"font-weight: 400;\">Phan Le Dung<\/span><\/p>","protected":false},"excerpt":{"rendered":"<p>Aenean lectus elit, fermentum non, convallis id, sagittis at, neque. Nullam mauris orci, aliquet et, iaculis et, viverra vitae, ligula. Nulla ut felis in purus aliquam imperdiet. Maecenas aliquet mollis lectus. Vivamus consectetuer risus et tortor. Lorem ipsum dolor sit amet, consectetur adipiscing elit. Integer nec odio. Praesent libero.<\/p>\n<ul class=\"woo-ul\">\n<li>Single button blazer<\/li>\n<li>Made of 88% Polyester, 10% Viscose and 2% Elastane<\/li>\n<li>Three front pockets, one at chest<\/li>\n<li>Four decorative buttons at cuffs<\/li>\n<li>Double split at back and two inner pockets<\/li>\n<li>Fully canvassed design<\/li>\n<li>Skinny fit<\/li>\n<\/ul>","protected":false},"featured_media":335,"comment_status":"open","ping_status":"closed","template":"","meta":{"ocean_post_layout":"","ocean_both_sidebars_style":"","ocean_both_sidebars_content_width":0,"ocean_both_sidebars_sidebars_width":0,"ocean_sidebar":"0","ocean_second_sidebar":"0","ocean_disable_margins":"enable","ocean_add_body_class":"","ocean_shortcode_before_top_bar":"","ocean_shortcode_after_top_bar":"","ocean_shortcode_before_header":"","ocean_shortcode_after_header":"","ocean_has_shortcode":"","ocean_shortcode_after_title":"","ocean_shortcode_before_footer_widgets":"","ocean_shortcode_after_footer_widgets":"","ocean_shortcode_before_footer_bottom":"","ocean_shortcode_after_footer_bottom":"","ocean_display_top_bar":"default","ocean_display_header":"default","ocean_header_style":"","ocean_center_header_left_menu":"0","ocean_custom_header_template":"0","ocean_custom_logo":0,"ocean_custom_retina_logo":0,"ocean_custom_logo_max_width":0,"ocean_custom_logo_tablet_max_width":0,"ocean_custom_logo_mobile_max_width":0,"ocean_custom_logo_max_height":0,"ocean_custom_logo_tablet_max_height":0,"ocean_custom_logo_mobile_max_height":0,"ocean_header_custom_menu":"0","ocean_menu_typo_font_family":"0","ocean_menu_typo_font_subset":"","ocean_menu_typo_font_size":0,"ocean_menu_typo_font_size_tablet":0,"ocean_menu_typo_font_size_mobile":0,"ocean_menu_typo_font_size_unit":"px","ocean_menu_typo_font_weight":"","ocean_menu_typo_font_weight_tablet":"","ocean_menu_typo_font_weight_mobile":"","ocean_menu_typo_transform":"","ocean_menu_typo_transform_tablet":"","ocean_menu_typo_transform_mobile":"","ocean_menu_typo_line_height":0,"ocean_menu_typo_line_height_tablet":0,"ocean_menu_typo_line_height_mobile":0,"ocean_menu_typo_line_height_unit":"","ocean_menu_typo_spacing":0,"ocean_menu_typo_spacing_tablet":0,"ocean_menu_typo_spacing_mobile":0,"ocean_menu_typo_spacing_unit":"","ocean_menu_link_color":"","ocean_menu_link_color_hover":"","ocean_menu_link_color_active":"","ocean_menu_link_background":"","ocean_menu_link_hover_background":"","ocean_menu_link_active_background":"","ocean_menu_social_links_bg":"","ocean_menu_social_hover_links_bg":"","ocean_menu_social_links_color":"","ocean_menu_social_hover_links_color":"","ocean_disable_title":"default","ocean_disable_heading":"default","ocean_post_title":"","ocean_post_subheading":"","ocean_post_title_style":"","ocean_post_title_background_color":"","ocean_post_title_background":0,"ocean_post_title_bg_image_position":"","ocean_post_title_bg_image_attachment":"","ocean_post_title_bg_image_repeat":"","ocean_post_title_bg_image_size":"","ocean_post_title_height":400,"ocean_post_title_bg_overlay":0.5,"ocean_post_title_bg_overlay_color":"","ocean_disable_breadcrumbs":"default","ocean_breadcrumbs_color":"","ocean_breadcrumbs_separator_color":"","ocean_breadcrumbs_links_color":"","ocean_breadcrumbs_links_hover_color":"","ocean_display_footer_widgets":"default","ocean_display_footer_bottom":"default","ocean_custom_footer_template":"0"},"product_cat":[28],"product_tag":[],"class_list":{"0":"post-81","1":"product","2":"type-product","3":"status-publish","4":"has-post-thumbnail","6":"product_cat-books","8":"entry","9":"has-media","11":"first","12":"instock","13":"downloadable","14":"virtual","15":"taxable","16":"purchasable","17":"product-type-simple","18":"has-product-nav","19":"col","20":"span_1_of_3","21":"owp-content-center","22":"owp-thumbs-layout-horizontal","23":"owp-btn-normal","24":"owp-tabs-layout-horizontal","25":"has-no-thumbnails"},"yoast_head":"<!-- This site is optimized with the Yoast SEO plugin v22.2 - https:\/\/yoast.com\/wordpress\/plugins\/seo\/ -->\n<title>Than H\u1ed3ng Cu\u1ed9c Chi\u1ebfn - vietbooks.org<\/title>\n<meta name=\"robots\" content=\"index, follow, max-snippet:-1, max-image-preview:large, max-video-preview:-1\" \/>\n<link rel=\"canonical\" href=\"https:\/\/vietbooks.org\/vi\/san-pham\/than-hong-cuoc-chien\/\" \/>\n<meta property=\"og:locale\" content=\"vi_VN\" \/>\n<meta property=\"og:type\" content=\"article\" \/>\n<meta property=\"og:title\" content=\"Than H\u1ed3ng Cu\u1ed9c Chi\u1ebfn - vietbooks.org\" \/>\n<meta property=\"og:description\" content=\"Aenean lectus elit, fermentum non, convallis id, sagittis at, neque. Nullam mauris orci, aliquet et, iaculis et, viverra vitae, ligula. Nulla ut felis in purus aliquam imperdiet. Maecenas aliquet mollis lectus. Vivamus consectetuer risus et tortor. Lorem ipsum dolor sit amet, consectetur adipiscing elit. Integer nec odio. Praesent libero.   Single button blazer  Made of 88% Polyester, 10% Viscose and 2% Elastane  Three front pockets, one at chest  Four decorative buttons at cuffs  Double split at back and two inner pockets  Fully canvassed design  Skinny fit\" \/>\n<meta property=\"og:url\" content=\"https:\/\/vietbooks.org\/vi\/san-pham\/than-hong-cuoc-chien\/\" \/>\n<meta property=\"og:site_name\" content=\"vietbooks.org\" \/>\n<meta property=\"article:modified_time\" content=\"2024-03-23T07:34:39+00:00\" \/>\n<meta property=\"og:image\" content=\"https:\/\/vietbooks.org\/wp-content\/uploads\/2016\/08\/Cover-ThanHongChiernCVuoc.jpg\" \/>\n\t<meta property=\"og:image:width\" content=\"436\" \/>\n\t<meta property=\"og:image:height\" content=\"640\" \/>\n\t<meta property=\"og:image:type\" content=\"image\/jpeg\" \/>\n<meta name=\"twitter:card\" content=\"summary_large_image\" \/>\n<meta name=\"twitter:label1\" content=\"\u01af\u1edbc t\u00ednh th\u1eddi gian \u0111\u1ecdc\" \/>\n\t<meta name=\"twitter:data1\" content=\"4 ph\u00fat\" \/>\n<script type=\"application\/ld+json\" class=\"yoast-schema-graph\">{\"@context\":\"https:\/\/schema.org\",\"@graph\":[{\"@type\":\"WebPage\",\"@id\":\"https:\/\/vietbooks.org\/product\/than-hong-cuoc-chien\/\",\"url\":\"https:\/\/vietbooks.org\/product\/than-hong-cuoc-chien\/\",\"name\":\"Than H\u1ed3ng Cu\u1ed9c Chi\u1ebfn - vietbooks.org\",\"isPartOf\":{\"@id\":\"http:\/\/vietbooks.org\/#website\"},\"primaryImageOfPage\":{\"@id\":\"https:\/\/vietbooks.org\/product\/than-hong-cuoc-chien\/#primaryimage\"},\"image\":{\"@id\":\"https:\/\/vietbooks.org\/product\/than-hong-cuoc-chien\/#primaryimage\"},\"thumbnailUrl\":\"https:\/\/vietbooks.org\/wp-content\/uploads\/2016\/08\/Cover-ThanHongChiernCVuoc.jpg\",\"datePublished\":\"2016-08-22T21:56:54+00:00\",\"dateModified\":\"2024-03-23T07:34:39+00:00\",\"breadcrumb\":{\"@id\":\"https:\/\/vietbooks.org\/product\/than-hong-cuoc-chien\/#breadcrumb\"},\"inLanguage\":\"vi\",\"potentialAction\":[{\"@type\":\"ReadAction\",\"target\":[\"https:\/\/vietbooks.org\/product\/than-hong-cuoc-chien\/\"]}]},{\"@type\":\"ImageObject\",\"inLanguage\":\"vi\",\"@id\":\"https:\/\/vietbooks.org\/product\/than-hong-cuoc-chien\/#primaryimage\",\"url\":\"https:\/\/vietbooks.org\/wp-content\/uploads\/2016\/08\/Cover-ThanHongChiernCVuoc.jpg\",\"contentUrl\":\"https:\/\/vietbooks.org\/wp-content\/uploads\/2016\/08\/Cover-ThanHongChiernCVuoc.jpg\",\"width\":436,\"height\":640},{\"@type\":\"BreadcrumbList\",\"@id\":\"https:\/\/vietbooks.org\/product\/than-hong-cuoc-chien\/#breadcrumb\",\"itemListElement\":[{\"@type\":\"ListItem\",\"position\":1,\"name\":\"Home\",\"item\":\"https:\/\/vietbooks.org\/\"},{\"@type\":\"ListItem\",\"position\":2,\"name\":\"Shop\",\"item\":\"https:\/\/vietbooks.org\/shop-2\/\"},{\"@type\":\"ListItem\",\"position\":3,\"name\":\"Than H\u1ed3ng Cu\u1ed9c Chi\u1ebfn\"}]},{\"@type\":\"WebSite\",\"@id\":\"http:\/\/vietbooks.org\/#website\",\"url\":\"http:\/\/vietbooks.org\/\",\"name\":\"vietbooks.org\",\"description\":\"\",\"potentialAction\":[{\"@type\":\"SearchAction\",\"target\":{\"@type\":\"EntryPoint\",\"urlTemplate\":\"http:\/\/vietbooks.org\/?s={search_term_string}\"},\"query-input\":\"required name=search_term_string\"}],\"inLanguage\":\"vi\"}]}<\/script>\n<!-- \/ Yoast SEO plugin. -->","yoast_head_json":{"title":"Than H\u1ed3ng Cu\u1ed9c Chi\u1ebfn - vietbooks.org","robots":{"index":"index","follow":"follow","max-snippet":"max-snippet:-1","max-image-preview":"max-image-preview:large","max-video-preview":"max-video-preview:-1"},"canonical":"https:\/\/vietbooks.org\/vi\/san-pham\/than-hong-cuoc-chien\/","og_locale":"vi_VN","og_type":"article","og_title":"Than H\u1ed3ng Cu\u1ed9c Chi\u1ebfn - vietbooks.org","og_description":"Aenean lectus elit, fermentum non, convallis id, sagittis at, neque. Nullam mauris orci, aliquet et, iaculis et, viverra vitae, ligula. Nulla ut felis in purus aliquam imperdiet. Maecenas aliquet mollis lectus. Vivamus consectetuer risus et tortor. Lorem ipsum dolor sit amet, consectetur adipiscing elit. Integer nec odio. Praesent libero.   Single button blazer  Made of 88% Polyester, 10% Viscose and 2% Elastane  Three front pockets, one at chest  Four decorative buttons at cuffs  Double split at back and two inner pockets  Fully canvassed design  Skinny fit","og_url":"https:\/\/vietbooks.org\/vi\/san-pham\/than-hong-cuoc-chien\/","og_site_name":"vietbooks.org","article_modified_time":"2024-03-23T07:34:39+00:00","og_image":[{"width":436,"height":640,"url":"https:\/\/vietbooks.org\/wp-content\/uploads\/2016\/08\/Cover-ThanHongChiernCVuoc.jpg","type":"image\/jpeg"}],"twitter_card":"summary_large_image","twitter_misc":{"\u01af\u1edbc t\u00ednh th\u1eddi gian \u0111\u1ecdc":"4 ph\u00fat"},"schema":{"@context":"https:\/\/schema.org","@graph":[{"@type":"WebPage","@id":"https:\/\/vietbooks.org\/product\/than-hong-cuoc-chien\/","url":"https:\/\/vietbooks.org\/product\/than-hong-cuoc-chien\/","name":"Than H\u1ed3ng Cu\u1ed9c Chi\u1ebfn - vietbooks.org","isPartOf":{"@id":"http:\/\/vietbooks.org\/#website"},"primaryImageOfPage":{"@id":"https:\/\/vietbooks.org\/product\/than-hong-cuoc-chien\/#primaryimage"},"image":{"@id":"https:\/\/vietbooks.org\/product\/than-hong-cuoc-chien\/#primaryimage"},"thumbnailUrl":"https:\/\/vietbooks.org\/wp-content\/uploads\/2016\/08\/Cover-ThanHongChiernCVuoc.jpg","datePublished":"2016-08-22T21:56:54+00:00","dateModified":"2024-03-23T07:34:39+00:00","breadcrumb":{"@id":"https:\/\/vietbooks.org\/product\/than-hong-cuoc-chien\/#breadcrumb"},"inLanguage":"vi","potentialAction":[{"@type":"ReadAction","target":["https:\/\/vietbooks.org\/product\/than-hong-cuoc-chien\/"]}]},{"@type":"ImageObject","inLanguage":"vi","@id":"https:\/\/vietbooks.org\/product\/than-hong-cuoc-chien\/#primaryimage","url":"https:\/\/vietbooks.org\/wp-content\/uploads\/2016\/08\/Cover-ThanHongChiernCVuoc.jpg","contentUrl":"https:\/\/vietbooks.org\/wp-content\/uploads\/2016\/08\/Cover-ThanHongChiernCVuoc.jpg","width":436,"height":640},{"@type":"BreadcrumbList","@id":"https:\/\/vietbooks.org\/product\/than-hong-cuoc-chien\/#breadcrumb","itemListElement":[{"@type":"ListItem","position":1,"name":"Home","item":"https:\/\/vietbooks.org\/"},{"@type":"ListItem","position":2,"name":"Shop","item":"https:\/\/vietbooks.org\/shop-2\/"},{"@type":"ListItem","position":3,"name":"Than H\u1ed3ng Cu\u1ed9c Chi\u1ebfn"}]},{"@type":"WebSite","@id":"http:\/\/vietbooks.org\/#website","url":"http:\/\/vietbooks.org\/","name":"vietbooks.org","description":"","potentialAction":[{"@type":"SearchAction","target":{"@type":"EntryPoint","urlTemplate":"http:\/\/vietbooks.org\/?s={search_term_string}"},"query-input":"required name=search_term_string"}],"inLanguage":"vi"}]}},"jetpack_sharing_enabled":true,"_links":{"self":[{"href":"https:\/\/vietbooks.org\/vi\/wp-json\/wp\/v2\/product\/81","targetHints":{"allow":["GET"]}}],"collection":[{"href":"https:\/\/vietbooks.org\/vi\/wp-json\/wp\/v2\/product"}],"about":[{"href":"https:\/\/vietbooks.org\/vi\/wp-json\/wp\/v2\/types\/product"}],"replies":[{"embeddable":true,"href":"https:\/\/vietbooks.org\/vi\/wp-json\/wp\/v2\/comments?post=81"}],"wp:featuredmedia":[{"embeddable":true,"href":"https:\/\/vietbooks.org\/vi\/wp-json\/wp\/v2\/media\/335"}],"wp:attachment":[{"href":"https:\/\/vietbooks.org\/vi\/wp-json\/wp\/v2\/media?parent=81"}],"wp:term":[{"taxonomy":"product_cat","embeddable":true,"href":"https:\/\/vietbooks.org\/vi\/wp-json\/wp\/v2\/product_cat?post=81"},{"taxonomy":"product_tag","embeddable":true,"href":"https:\/\/vietbooks.org\/vi\/wp-json\/wp\/v2\/product_tag?post=81"}],"curies":[{"name":"wp","href":"https:\/\/api.w.org\/{rel}","templated":true}]}}