{"id":82,"date":"2016-08-22T21:59:05","date_gmt":"2016-08-22T21:59:05","guid":{"rendered":"https:\/\/oceanwp.org\/simple\/product\/breitling-chronograph-watch\/"},"modified":"2024-03-23T02:58:34","modified_gmt":"2024-03-23T07:58:34","slug":"tuot-kiem-phuong-xa","status":"publish","type":"product","link":"https:\/\/vietbooks.org\/vi\/san-pham\/tuot-kiem-phuong-xa","title":{"rendered":"TU\u1ed0T KI\u1ebeM PH\u01af\u01a0NG XA"},"content":{"rendered":"<p><span style=\"font-weight: 400;\">TU\u1ed0T KI\u1ebeM PH\u01af\u01a0NG XA\u00a0<\/span><\/p>\n<p><span style=\"font-weight: 400;\">T\u00e1c gi\u1ea3: GEORGE J. VEITH<\/span><\/p>\n<p><span style=\"font-weight: 400;\">Nguy\u1ec5n L\u00ea D\u0169ng chuy\u1ec3n ng\u1eef<\/span><\/p>\n<p>&nbsp;<\/p>\n<p><span style=\"font-weight: 400;\">\u0110\u00e3 h\u01a1n 20 n\u0103m t\u00f4i thu th\u1eadp nh\u1eefng k\u00fd \u1ee9c c\u1ee7a c\u00e1c s\u0129 quan cao c\u1ea5p v\u00e0 c\u00e1c vi\u00ean ch\u1ee9c cao c\u1ea5p d\u00e2n s\u1ef1 MNVN.<\/span><\/p>\n<p><span style=\"font-weight: 400;\">\u0110\u1ed1i v\u1edbi t\u00f4i, b\u1ea3o t\u1ed3n nh\u1eefng c\u00e2u chuy\u1ec7n c\u1ee7a h\u1ecd \u0111\u1ec3 th\u1ebf gi\u1edbi bi\u1ebft \u0111\u1ebfn l\u1ecbch s\u1eed c\u1ee7a h\u1ecd l\u00e0 \u0111i\u1ec1u t\u1ed1i quan tr\u1ecdng. Tuy trong t\u00e2m kh\u1ea3m c\u1ee7a \u0111a s\u1ed1 ng\u01b0\u1eddi M\u1ef9 cu\u1ed9c chi\u1ebfn \u0111\u00e3 m\u1edd d\u1ea7n, t\u00f4i kh\u00f4ng mu\u1ed1n ti\u1ebfng n\u00f3i c\u1ee7a nh\u1eefng ng\u01b0\u1eddi MNVN bi\u1ebfn m\u1ea5t. Quan tr\u1ecdng kh\u00f4ng k\u00e9m, l\u00e0 vi\u1ec7c hi\u1ec3u c\u00e1ch quan s\u00e1t bi\u1ebfn c\u1ed1 c\u1ee7a nh\u1eefng nh\u00e2n\u00a0 v\u1eadt l\u00e3nh \u0111\u1ea1o cao c\u1ea5p n\u00e0y \u0111\u1ec3 c\u00f3 chi\u1ec1u s\u00e2u tr\u1ef1c gi\u00e1c v\u1ec1 nh\u1eefng bi\u1ebfn c\u1ed1 quan tr\u1ecdng \u0111\u00e3 x\u1ea3y ra. \u0110\u00e2y l\u00e0 \u0111i\u1ec1u c\u1ea7n thi\u1ebft v\u00ec c\u00e1c s\u1eed gia M\u1ef9 th\u01b0\u1eddng qu\u00ean kh\u00f4ng \u0111\u01b0a ng\u01b0\u1eddi MNVN v\u00e0o trong s\u00e1ch v\u1edf, v\u00e0 c\u00e1c b\u00e0i vi\u1ebft c\u1ee7a h\u1ecd.<\/span><\/p>\n<p><span style=\"font-weight: 400;\">Hai quy\u1ec3n s\u00e1ch c\u1ee7a t\u00f4i, Th\u00e1ng T\u01b0 \u0110en: S\u1ef1 g\u1ee5c ng\u00e3 c\u1ee7a Mi\u1ec1n Nam Vi\u1ec7t Nam, 1973-1975, v\u00e0 Tu\u1ed1t Ki\u1ebfm Ph\u01b0\u01a1ng Xa: Gi\u1ea5c M\u01a1 tan V\u1ee1 c\u1ee7a mi\u1ec1n Nam Vi\u1ec7t Nam, k\u1ec3 l\u1ea1i c\u00e2u chuy\u1ec7n \u0111\u1ea5u tranh gi\u00e0nh \u0111\u1ed9c l\u1eadp, t\u1ef1 do c\u1ee7a ng\u01b0\u1eddi d\u00e2n MNVN.<\/span><\/p>\n<p><span style=\"font-weight: 400;\">Th\u00e1ng T\u01b0 \u0110en, c\u0169ng \u0111\u01b0\u1ee3c, xu\u1ea5t b\u1ea3n b\u1eb1ng ti\u1ebfng Vi\u1ec7t qua nh\u00e0 xu\u1ea5t b\u1ea3n Ti\u1ebfng Qu\u00ea H\u01b0\u01a1ng, m\u00f4 t\u1ea3 l\u00f2ng can \u0111\u1ea3m v\u00e0 kh\u1ea3 n\u0103ng chi\u1ebfn \u0111\u1ea5u c\u1ee7a qu\u00e2n \u0111\u1ed9i MNVN \u0111\u1ec3 b\u1ea3o v\u1ec7 \u0111\u1ea5t n\u01b0\u1edbc, sau Hi\u1ec7p \u0110\u1ecbnh Ba L\u00ea.<\/span><\/p>\n<p><span style=\"font-weight: 400;\">Tu\u1ed1t Ki\u1ebfm v\u1ea1ch ra \u0111\u1ea1i c\u01b0\u01a1ng s\u1ef1 th\u0103ng tr\u1ea7m c\u1ee7a mi\u1ec1n Nam Vi\u1ec7t Nam. Nh\u1ea5t l\u00e0 vai tr\u00f2 T\u1ed5ng th\u1ed1ng Nguy\u1ec5n V\u0103n Thi\u1ec7u trong vi\u1ec7c x\u00e2y d\u1ef1ng \u0111\u1ea5t n\u01b0\u1edbc..<\/span><\/p>\n<p><span style=\"font-weight: 400;\">Nh\u1eefng n\u1ed7 l\u1ef1c ch\u00ednh tr\u1ecb, kinh t\u1ebf, x\u00e3 h\u1ed9i, v\u00e0 ngo\u1ea1i giao c\u1ee7a ch\u00ednh ph\u1ee7 \u0111\u1ec3 t\u1ea1o l\u00e2p m\u1ed9t n\u1ec1n d\u00e2n ch\u1ee7 v\u00e0 ph\u00e1t tri\u1ec3n \u0111\u1ea5t n\u01b0\u1edbc trong l\u00fac chi\u1ebfn tranh \u0111\u01b0\u1ee3c tr\u00ecnh b\u00e0y chi ti\u1ebft. S\u00e1ch c\u0169ng v\u1ebd ra \u0111\u1ea1i c\u01b0\u01a1ng nh\u1eefng th\u00e0nh c\u00f4ng, nh\u1eefng th\u1eafng l\u1ee3i l\u1edbn c\u1ee7a n\u1ed7 l\u1ef1c \u0111\u00f3, v\u00e0 \u0111\u1ed3ng th\u1eddi nh\u00ecn nh\u1eadn nh\u1eefng kh\u00f3 kh\u0103n, nh\u1eefng l\u1ed7i l\u1ea7m. Tuy th\u1ebf, trong c\u1ed1t l\u00f5i Tu\u1ed1t Ki\u1ebfm v\u1eabn l\u00e0 c\u00e2u chuy\u1ec7n tr\u01b0\u1eddng thi\u00ean v\u1ec1 m\u1ed9t d\u00e2n t\u1ed9c anh d\u0169ng chi\u1ebfn \u0111\u1ea5u \u0111\u1ec3 c\u1ea3i thi\u1ec7n \u0111\u1eddi s\u1ed1ng<\/span><\/p>\n<p><span style=\"font-weight: 400;\">George J. Veith<\/span><\/p>\n<p><span style=\"font-weight: 400;\">&amp;&amp;&amp;&amp;&amp;&amp;&amp;&amp;&amp;&amp;&amp;&amp;&amp;&amp;&amp;&amp;&amp;&amp;&amp;&amp;&amp;&amp;&amp;&amp;&amp;&amp;&amp;&amp;&amp;&amp;&amp;&amp;&amp;&amp;&amp;&amp;<\/span><\/p>\n<p><span style=\"font-weight: 400;\">Title: <\/span><span style=\"font-weight: 400;\">DRAWN SWORDS IN A DISTANT LAND: SOUTH VIETNAM\u2019S SHATTERED<\/span><span style=\"font-weight: 400;\">.<\/span><\/p>\n<p><span style=\"font-weight: 400;\">Author: GEORGE J. VEITH<\/span><\/p>\n<p><span style=\"font-weight: 400;\">Translated by Nguyen Le Dung<\/span><\/p>\n<p>&nbsp;<\/p>\n<p><span style=\"font-weight: 400;\">For over 20 years, I have collected memories of senior military officers and high-ranking civilian officials of South Vietnam.<\/span><\/p>\n<p><span style=\"font-weight: 400;\">Preserving their stories so that the world knows their history is of the utmost importance to me. While for most Americans, the war has faded into the background, I do not want the voices of the South Vietnamese to disappear. Equally important is understanding how these senior leaders observed the events to gain insight into the significant occurrences. This is necessary because American historians often overlook the South Vietnamese in their books and articles.<\/span><\/p>\n<p><span style=\"font-weight: 400;\">My two books, &#8220;Black April: The Fall of South Vietnam, 1973-1975,&#8221; and &#8220;Dreams Shattered Afar: The Broken Dreams of South Vietnam,&#8221; recount the struggle for independence and freedom of the South Vietnamese people.<\/span><\/p>\n<p><span style=\"font-weight: 400;\">&#8220;Black April,&#8221; also published in Vietnamese by the Homeland Language Publisher, describes the courage and fighting ability of the South Vietnamese military to defend their country after the Paris Peace Accords.<\/span><\/p>\n<p><span style=\"font-weight: 400;\">&#8220;<\/span><span style=\"font-weight: 400;\">\u00a0DRAWN SWORDS IN A DISTANT LAND: South Vietnam\u2019s Shattered<\/span><span style=\"font-weight: 400;\">&#8221; outlines the ups and downs of South Vietnam, particularly President Nguyen Van Thieu&#8217;s role in nation-building.<\/span><\/p>\n<p><span style=\"font-weight: 400;\">The government&#8217;s political, economic, social, and diplomatic efforts to establish a democratic system and develop the country during wartime are detailed. The book also outlines these efforts&#8217; successes and major victories while acknowledging the difficulties and mistakes. However, at its core, &#8220;Dreams Shattered Afar&#8221; remains a grand narrative of a brave nation fighting to improve their lives.<\/span><\/p>\n<p><span style=\"font-weight: 400;\">George J. Veith<\/span><\/p>\n<p>&nbsp;<\/p>","protected":false},"excerpt":{"rendered":"<p>Aenean lectus elit, fermentum non, convallis id, sagittis at, neque. Nullam mauris orci, aliquet et, iaculis et, viverra vitae, ligula. Nulla ut felis in purus aliquam imperdiet. Maecenas aliquet mollis lectus. Vivamus consectetuer risus et tortor. Lorem ipsum dolor sit amet, consectetur adipiscing elit. Integer nec odio. Praesent libero.<\/p>\n<ul class=\"woo-ul\">\n<li>Single button blazer<\/li>\n<li>Made of 88% Polyester, 10% Viscose and 2% Elastane<\/li>\n<li>Three front pockets, one at chest<\/li>\n<li>Four decorative buttons at cuffs<\/li>\n<li>Double split at back and two inner pockets<\/li>\n<li>Fully canvassed design<\/li>\n<li>Skinny fit<\/li>\n<\/ul>","protected":false},"featured_media":339,"comment_status":"open","ping_status":"closed","template":"","meta":{"ocean_post_layout":"","ocean_both_sidebars_style":"","ocean_both_sidebars_content_width":0,"ocean_both_sidebars_sidebars_width":0,"ocean_sidebar":"0","ocean_second_sidebar":"0","ocean_disable_margins":"enable","ocean_add_body_class":"","ocean_shortcode_before_top_bar":"","ocean_shortcode_after_top_bar":"","ocean_shortcode_before_header":"","ocean_shortcode_after_header":"","ocean_has_shortcode":"","ocean_shortcode_after_title":"","ocean_shortcode_before_footer_widgets":"","ocean_shortcode_after_footer_widgets":"","ocean_shortcode_before_footer_bottom":"","ocean_shortcode_after_footer_bottom":"","ocean_display_top_bar":"default","ocean_display_header":"default","ocean_header_style":"","ocean_center_header_left_menu":"0","ocean_custom_header_template":"0","ocean_custom_logo":0,"ocean_custom_retina_logo":0,"ocean_custom_logo_max_width":0,"ocean_custom_logo_tablet_max_width":0,"ocean_custom_logo_mobile_max_width":0,"ocean_custom_logo_max_height":0,"ocean_custom_logo_tablet_max_height":0,"ocean_custom_logo_mobile_max_height":0,"ocean_header_custom_menu":"0","ocean_menu_typo_font_family":"0","ocean_menu_typo_font_subset":"","ocean_menu_typo_font_size":0,"ocean_menu_typo_font_size_tablet":0,"ocean_menu_typo_font_size_mobile":0,"ocean_menu_typo_font_size_unit":"px","ocean_menu_typo_font_weight":"","ocean_menu_typo_font_weight_tablet":"","ocean_menu_typo_font_weight_mobile":"","ocean_menu_typo_transform":"","ocean_menu_typo_transform_tablet":"","ocean_menu_typo_transform_mobile":"","ocean_menu_typo_line_height":0,"ocean_menu_typo_line_height_tablet":0,"ocean_menu_typo_line_height_mobile":0,"ocean_menu_typo_line_height_unit":"","ocean_menu_typo_spacing":0,"ocean_menu_typo_spacing_tablet":0,"ocean_menu_typo_spacing_mobile":0,"ocean_menu_typo_spacing_unit":"","ocean_menu_link_color":"","ocean_menu_link_color_hover":"","ocean_menu_link_color_active":"","ocean_menu_link_background":"","ocean_menu_link_hover_background":"","ocean_menu_link_active_background":"","ocean_menu_social_links_bg":"","ocean_menu_social_hover_links_bg":"","ocean_menu_social_links_color":"","ocean_menu_social_hover_links_color":"","ocean_disable_title":"default","ocean_disable_heading":"default","ocean_post_title":"","ocean_post_subheading":"","ocean_post_title_style":"","ocean_post_title_background_color":"","ocean_post_title_background":0,"ocean_post_title_bg_image_position":"","ocean_post_title_bg_image_attachment":"","ocean_post_title_bg_image_repeat":"","ocean_post_title_bg_image_size":"","ocean_post_title_height":400,"ocean_post_title_bg_overlay":0.5,"ocean_post_title_bg_overlay_color":"","ocean_disable_breadcrumbs":"default","ocean_breadcrumbs_color":"","ocean_breadcrumbs_separator_color":"","ocean_breadcrumbs_links_color":"","ocean_breadcrumbs_links_hover_color":"","ocean_display_footer_widgets":"default","ocean_display_footer_bottom":"default","ocean_custom_footer_template":"0"},"product_cat":[28],"product_tag":[],"class_list":{"0":"post-82","1":"product","2":"type-product","3":"status-publish","4":"has-post-thumbnail","6":"product_cat-books","8":"entry","9":"has-media","11":"first","12":"instock","13":"downloadable","14":"virtual","15":"taxable","16":"purchasable","17":"product-type-simple","18":"has-rating","19":"has-product-nav","20":"col","21":"span_1_of_3","22":"owp-content-center","23":"owp-thumbs-layout-horizontal","24":"owp-btn-normal","25":"owp-tabs-layout-horizontal","26":"has-no-thumbnails"},"yoast_head":"<!-- This site is optimized with the Yoast SEO plugin v22.2 - https:\/\/yoast.com\/wordpress\/plugins\/seo\/ -->\n<title>TU\u1ed0T KI\u1ebeM PH\u01af\u01a0NG XA - vietbooks.org<\/title>\n<meta name=\"robots\" content=\"index, follow, max-snippet:-1, max-image-preview:large, max-video-preview:-1\" \/>\n<link rel=\"canonical\" href=\"https:\/\/vietbooks.org\/vi\/san-pham\/tuot-kiem-phuong-xa\/\" \/>\n<meta property=\"og:locale\" content=\"vi_VN\" \/>\n<meta property=\"og:type\" content=\"article\" \/>\n<meta property=\"og:title\" content=\"TU\u1ed0T KI\u1ebeM PH\u01af\u01a0NG XA - vietbooks.org\" \/>\n<meta property=\"og:description\" content=\"Aenean lectus elit, fermentum non, convallis id, sagittis at, neque. Nullam mauris orci, aliquet et, iaculis et, viverra vitae, ligula. Nulla ut felis in purus aliquam imperdiet. Maecenas aliquet mollis lectus. Vivamus consectetuer risus et tortor. Lorem ipsum dolor sit amet, consectetur adipiscing elit. Integer nec odio. Praesent libero.   Single button blazer  Made of 88% Polyester, 10% Viscose and 2% Elastane  Three front pockets, one at chest  Four decorative buttons at cuffs  Double split at back and two inner pockets  Fully canvassed design  Skinny fit\" \/>\n<meta property=\"og:url\" content=\"https:\/\/vietbooks.org\/vi\/san-pham\/tuot-kiem-phuong-xa\/\" \/>\n<meta property=\"og:site_name\" content=\"vietbooks.org\" \/>\n<meta property=\"article:modified_time\" content=\"2024-03-23T07:58:34+00:00\" \/>\n<meta property=\"og:image\" content=\"https:\/\/vietbooks.org\/wp-content\/uploads\/2016\/08\/COVER-TuotKiemPhuongXa.jpg\" \/>\n\t<meta property=\"og:image:width\" content=\"422\" \/>\n\t<meta property=\"og:image:height\" content=\"640\" \/>\n\t<meta property=\"og:image:type\" content=\"image\/jpeg\" \/>\n<meta name=\"twitter:card\" content=\"summary_large_image\" \/>\n<meta name=\"twitter:label1\" content=\"\u01af\u1edbc t\u00ednh th\u1eddi gian \u0111\u1ecdc\" \/>\n\t<meta name=\"twitter:data1\" content=\"3 ph\u00fat\" \/>\n<script type=\"application\/ld+json\" class=\"yoast-schema-graph\">{\"@context\":\"https:\/\/schema.org\",\"@graph\":[{\"@type\":\"WebPage\",\"@id\":\"https:\/\/vietbooks.org\/product\/tuot-kiem-phuong-xa\/\",\"url\":\"https:\/\/vietbooks.org\/product\/tuot-kiem-phuong-xa\/\",\"name\":\"TU\u1ed0T KI\u1ebeM PH\u01af\u01a0NG XA - vietbooks.org\",\"isPartOf\":{\"@id\":\"http:\/\/vietbooks.org\/#website\"},\"primaryImageOfPage\":{\"@id\":\"https:\/\/vietbooks.org\/product\/tuot-kiem-phuong-xa\/#primaryimage\"},\"image\":{\"@id\":\"https:\/\/vietbooks.org\/product\/tuot-kiem-phuong-xa\/#primaryimage\"},\"thumbnailUrl\":\"https:\/\/vietbooks.org\/wp-content\/uploads\/2016\/08\/COVER-TuotKiemPhuongXa.jpg\",\"datePublished\":\"2016-08-22T21:59:05+00:00\",\"dateModified\":\"2024-03-23T07:58:34+00:00\",\"breadcrumb\":{\"@id\":\"https:\/\/vietbooks.org\/product\/tuot-kiem-phuong-xa\/#breadcrumb\"},\"inLanguage\":\"vi\",\"potentialAction\":[{\"@type\":\"ReadAction\",\"target\":[\"https:\/\/vietbooks.org\/product\/tuot-kiem-phuong-xa\/\"]}]},{\"@type\":\"ImageObject\",\"inLanguage\":\"vi\",\"@id\":\"https:\/\/vietbooks.org\/product\/tuot-kiem-phuong-xa\/#primaryimage\",\"url\":\"https:\/\/vietbooks.org\/wp-content\/uploads\/2016\/08\/COVER-TuotKiemPhuongXa.jpg\",\"contentUrl\":\"https:\/\/vietbooks.org\/wp-content\/uploads\/2016\/08\/COVER-TuotKiemPhuongXa.jpg\",\"width\":422,\"height\":640},{\"@type\":\"BreadcrumbList\",\"@id\":\"https:\/\/vietbooks.org\/product\/tuot-kiem-phuong-xa\/#breadcrumb\",\"itemListElement\":[{\"@type\":\"ListItem\",\"position\":1,\"name\":\"Home\",\"item\":\"https:\/\/vietbooks.org\/\"},{\"@type\":\"ListItem\",\"position\":2,\"name\":\"Shop\",\"item\":\"https:\/\/vietbooks.org\/shop-2\/\"},{\"@type\":\"ListItem\",\"position\":3,\"name\":\"TU\u1ed0T KI\u1ebeM PH\u01af\u01a0NG XA\"}]},{\"@type\":\"WebSite\",\"@id\":\"http:\/\/vietbooks.org\/#website\",\"url\":\"http:\/\/vietbooks.org\/\",\"name\":\"vietbooks.org\",\"description\":\"\",\"potentialAction\":[{\"@type\":\"SearchAction\",\"target\":{\"@type\":\"EntryPoint\",\"urlTemplate\":\"http:\/\/vietbooks.org\/?s={search_term_string}\"},\"query-input\":\"required name=search_term_string\"}],\"inLanguage\":\"vi\"}]}<\/script>\n<!-- \/ Yoast SEO plugin. -->","yoast_head_json":{"title":"TU\u1ed0T KI\u1ebeM PH\u01af\u01a0NG XA - vietbooks.org","robots":{"index":"index","follow":"follow","max-snippet":"max-snippet:-1","max-image-preview":"max-image-preview:large","max-video-preview":"max-video-preview:-1"},"canonical":"https:\/\/vietbooks.org\/vi\/san-pham\/tuot-kiem-phuong-xa\/","og_locale":"vi_VN","og_type":"article","og_title":"TU\u1ed0T KI\u1ebeM PH\u01af\u01a0NG XA - vietbooks.org","og_description":"Aenean lectus elit, fermentum non, convallis id, sagittis at, neque. Nullam mauris orci, aliquet et, iaculis et, viverra vitae, ligula. Nulla ut felis in purus aliquam imperdiet. Maecenas aliquet mollis lectus. Vivamus consectetuer risus et tortor. Lorem ipsum dolor sit amet, consectetur adipiscing elit. Integer nec odio. Praesent libero.   Single button blazer  Made of 88% Polyester, 10% Viscose and 2% Elastane  Three front pockets, one at chest  Four decorative buttons at cuffs  Double split at back and two inner pockets  Fully canvassed design  Skinny fit","og_url":"https:\/\/vietbooks.org\/vi\/san-pham\/tuot-kiem-phuong-xa\/","og_site_name":"vietbooks.org","article_modified_time":"2024-03-23T07:58:34+00:00","og_image":[{"width":422,"height":640,"url":"https:\/\/vietbooks.org\/wp-content\/uploads\/2016\/08\/COVER-TuotKiemPhuongXa.jpg","type":"image\/jpeg"}],"twitter_card":"summary_large_image","twitter_misc":{"\u01af\u1edbc t\u00ednh th\u1eddi gian \u0111\u1ecdc":"3 ph\u00fat"},"schema":{"@context":"https:\/\/schema.org","@graph":[{"@type":"WebPage","@id":"https:\/\/vietbooks.org\/product\/tuot-kiem-phuong-xa\/","url":"https:\/\/vietbooks.org\/product\/tuot-kiem-phuong-xa\/","name":"TU\u1ed0T KI\u1ebeM PH\u01af\u01a0NG XA - vietbooks.org","isPartOf":{"@id":"http:\/\/vietbooks.org\/#website"},"primaryImageOfPage":{"@id":"https:\/\/vietbooks.org\/product\/tuot-kiem-phuong-xa\/#primaryimage"},"image":{"@id":"https:\/\/vietbooks.org\/product\/tuot-kiem-phuong-xa\/#primaryimage"},"thumbnailUrl":"https:\/\/vietbooks.org\/wp-content\/uploads\/2016\/08\/COVER-TuotKiemPhuongXa.jpg","datePublished":"2016-08-22T21:59:05+00:00","dateModified":"2024-03-23T07:58:34+00:00","breadcrumb":{"@id":"https:\/\/vietbooks.org\/product\/tuot-kiem-phuong-xa\/#breadcrumb"},"inLanguage":"vi","potentialAction":[{"@type":"ReadAction","target":["https:\/\/vietbooks.org\/product\/tuot-kiem-phuong-xa\/"]}]},{"@type":"ImageObject","inLanguage":"vi","@id":"https:\/\/vietbooks.org\/product\/tuot-kiem-phuong-xa\/#primaryimage","url":"https:\/\/vietbooks.org\/wp-content\/uploads\/2016\/08\/COVER-TuotKiemPhuongXa.jpg","contentUrl":"https:\/\/vietbooks.org\/wp-content\/uploads\/2016\/08\/COVER-TuotKiemPhuongXa.jpg","width":422,"height":640},{"@type":"BreadcrumbList","@id":"https:\/\/vietbooks.org\/product\/tuot-kiem-phuong-xa\/#breadcrumb","itemListElement":[{"@type":"ListItem","position":1,"name":"Home","item":"https:\/\/vietbooks.org\/"},{"@type":"ListItem","position":2,"name":"Shop","item":"https:\/\/vietbooks.org\/shop-2\/"},{"@type":"ListItem","position":3,"name":"TU\u1ed0T KI\u1ebeM PH\u01af\u01a0NG XA"}]},{"@type":"WebSite","@id":"http:\/\/vietbooks.org\/#website","url":"http:\/\/vietbooks.org\/","name":"vietbooks.org","description":"","potentialAction":[{"@type":"SearchAction","target":{"@type":"EntryPoint","urlTemplate":"http:\/\/vietbooks.org\/?s={search_term_string}"},"query-input":"required name=search_term_string"}],"inLanguage":"vi"}]}},"jetpack_sharing_enabled":true,"_links":{"self":[{"href":"https:\/\/vietbooks.org\/vi\/wp-json\/wp\/v2\/product\/82","targetHints":{"allow":["GET"]}}],"collection":[{"href":"https:\/\/vietbooks.org\/vi\/wp-json\/wp\/v2\/product"}],"about":[{"href":"https:\/\/vietbooks.org\/vi\/wp-json\/wp\/v2\/types\/product"}],"replies":[{"embeddable":true,"href":"https:\/\/vietbooks.org\/vi\/wp-json\/wp\/v2\/comments?post=82"}],"wp:featuredmedia":[{"embeddable":true,"href":"https:\/\/vietbooks.org\/vi\/wp-json\/wp\/v2\/media\/339"}],"wp:attachment":[{"href":"https:\/\/vietbooks.org\/vi\/wp-json\/wp\/v2\/media?parent=82"}],"wp:term":[{"taxonomy":"product_cat","embeddable":true,"href":"https:\/\/vietbooks.org\/vi\/wp-json\/wp\/v2\/product_cat?post=82"},{"taxonomy":"product_tag","embeddable":true,"href":"https:\/\/vietbooks.org\/vi\/wp-json\/wp\/v2\/product_tag?post=82"}],"curies":[{"name":"wp","href":"https:\/\/api.w.org\/{rel}","templated":true}]}}