{"id":83,"date":"2016-08-22T22:01:48","date_gmt":"2016-08-22T22:01:48","guid":{"rendered":"https:\/\/oceanwp.org\/simple\/product\/steel-aquaracer-watch\/"},"modified":"2024-03-23T03:07:30","modified_gmt":"2024-03-23T08:07:30","slug":"viet-nam-cuoc-chien-leo-doc","status":"publish","type":"product","link":"https:\/\/vietbooks.org\/vi\/san-pham\/viet-nam-cuoc-chien-leo-doc","title":{"rendered":"Vi\u1ec7t Nam Cu\u1ed9c Chi\u1ebfn Leo D\u1ed1c"},"content":{"rendered":"<p><span style=\"font-weight: 400;\">VI\u1ec6T NAM CU\u1ed8C CHI\u1ebeN LEO D\u1ed0C<\/span><\/p>\n<p><span style=\"font-weight: 400;\">T\u00e1c gi\u1ea3: Frank Scotton<\/span><\/p>\n<p><span style=\"font-weight: 400;\">Phan L\u00ea D\u0169ng chuy\u1ec3n ng\u1eef\u00a0<\/span><\/p>\n<p>&nbsp;<\/p>\n<p><span style=\"font-weight: 400;\">Frank Scotton sinh \u1edf ti\u1ec3u bang Massachusetts ng\u00e0y 17 th\u00e1ng 8 n\u0103m 1938 trong m\u1ed9t gia \u0111\u00ecnh lu\u00f4n c\u1ed1 s\u1ed1ng \u0111\u00fang theo \u0111\u00f2i h\u1ecfi tr\u00e1ch nhi\u1ec7m c\u00f4ng d\u00e2n. V\u00ec th\u1ebf, th\u1eddi \u0110\u1ec7 Nh\u1ecb Th\u1ebf Chi\u1ebfn, th\u00e2n ph\u1ee5 \u00f4ng c\u00f9ng c\u00e1c ch\u00fa, b\u00e1c \u0111\u1ec1u ph\u1ee5c v\u1ee5 qu\u00e2n \u0111\u1ed9i, v\u00e0 trong cu\u1ed9c chi\u1ebfn Vi\u1ec7t Nam, tham gia c\u00f9ng v\u1edbi \u00f4ng l\u00e0 hai anh em h\u1ecd ph\u1ee5c v\u1ee5 \u1edf H\u1ea3i Qu\u00e2n v\u00e0 ng\u01b0\u1eddi em ru\u1ed9t l\u00e0 b\u00e1c s\u0129 c\u0169ng l\u00e0 th\u00e0nh vi\u00ean L\u1ef1c L\u01b0\u1ee3ng \u0110\u1eb7c bi\u1ec7t Nh\u00f3m 3.<\/span><\/p>\n<p><span style=\"font-weight: 400;\">T\u1eeb n\u0103m 1962 \u0111\u1ebfn 1975, g\u1ea7n nh\u01b0 m\u1ed7i n\u0103m Frank Scotton \u0111\u1ec1u c\u00f3 m\u1eb7t t\u1ea1i Vi\u1ec7t Nam \u00d4ng kh\u00f4ng ch\u1ec9 th\u1ea1o ti\u1ebfng Vi\u1ec7t, bi\u1ebft ti\u1ebfng Hoa m\u00e0 c\u00f2n s\u1ed1ng t\u1ea1i c\u00e1c th\u00f4n \u1ea5p h\u1ebbo l\u00e1nh t\u1eeb cao nguy\u00ean Trung Ph\u1ea7n t\u1edbi \u0111\u1ed3ng b\u1eb1ng C\u1eedu Long, nh\u1ea5t l\u00e0 can d\u1ef1 nhi\u1ec1u ho\u1ea1t \u0111\u1ed9ng t\u1ea1i Vi\u00eat Nam nh\u01b0 h\u00ecnh th\u00e0nh c\u00e1c nh\u00f3m B\u00ecnh \u0110\u1ecbnh, l\u1ef1c l\u01b0\u1ee3ng D\u00e2n V\u1ec7, Ngh\u0129a Qu\u00e2n, \u0110\u1ecba Ph\u01b0\u01a1ng Qu\u00e2n, c\u00e1n b\u1ed9 X\u00e2y D\u1ef1ng N\u00f4ng Th\u00f4n, t\u1ed5 ch\u1ee9c Ph\u01b0\u1ee3ng Ho\u00e0ng\u2026<\/span><\/p>\n<p><span style=\"font-weight: 400;\">T\u00e1c ph\u1ea9m c\u1ee7a Frank Scotton v\u1edbi n\u1ed9i dung nh\u00ecn l\u1ea1i \u0111o\u1ea1n \u0111\u01b0\u1eddng th\u1ef1c t\u1ebf \u0111\u00e3 qua \u0111\u01b0\u1ee3c coi nh\u01b0 c\u00e2u tr\u1ea3 l\u1eddi ch\u00ednh x\u00e1c v\u1ec1 l\u00fd do ng\u01b0\u1eddi M\u1ef9 th\u1ea5t b\u1ea1i t\u1ea1i Vi\u1ec7t Nam.<\/span><\/p>\n<p><span style=\"font-weight: 400;\">Frank Scotton nh\u1eafc nh\u1edf m\u1ed9t kinh nghi\u1ec7m \u0111au x\u00f3t v\u1edbi ng\u01b0\u1eddi M\u1ef9, nh\u01b0ng t\u1eebng trang s\u00e1ch \u0111\u00e3 b\u1ea7y t\u1ecf t\u00e2m tr\u1ea1ng ph\u1eabn n\u1ed9 c\u00f9ng c\u1ef1c v\u1ec1 s\u1ef1 s\u1ee5p \u0111\u1ed5 c\u1ee7a mi\u1ec1n Nam Vi\u1ec7t Nam m\u00e0 v\u1edbi \u00f4ng l\u00e0 \u201cV\u00f9ng \u0111\u1ea5t th\u00e2n y\u00eau kh\u00f4ng bao gi\u1edd r\u1eddi kh\u1ecfi t\u00e2m tr\u00ed\u201d\u00a0<\/span><\/p>\n<p><span style=\"font-weight: 400;\">Frank Scotton v\u00e0o cu\u1ed9c \u1edf Vi\u00eat Nam \u1edf l\u1ee9a tu\u1ed5i 20 v\u00e0 r\u1eddi Vi\u1ec7t Nam \u1edf l\u1ee9a tu\u1ed5i 30. \u00d4ng v\u00e0o Vi\u1ec7t Nam v\u1edbi l\u00fd t\u01b0\u1edfng\u00a0 c\u1ee7a m\u1ed9t ng\u01b0\u1eddi tr\u1ebb \u0111i t\u00ecm m\u1ee5c \u0111\u00edch v\u00e0 r\u1eddi Vi\u1ec7t Nam v\u1edbi ki\u1ebfn th\u1ee9c cay \u0111\u1eafng v\u00ec s\u1ef1 th\u1ea5t b\u1ea1i c\u1ee7a Hoa K\u1ef3 v\u00e0 c\u1ee7a b\u1ea3n th\u00e2n \u1edf Vi\u1ec7t Nam.\u00a0<\/span><\/p>\n<p><span style=\"font-weight: 400;\">Phan L\u00ea D\u0169ng<\/span><\/p>\n<p><span style=\"font-weight: 400;\">&amp;&amp;&amp;&amp;&amp;&amp;&amp;&amp;&amp;&amp;&amp;&amp;&amp;&amp;&amp;&amp;&amp;&amp;&amp;&amp;&amp;&amp;&amp;&amp;&amp;&amp;<\/span><\/p>\n<p><span style=\"font-weight: 400;\">Title: Uphill Battle <\/span><span style=\"font-weight: 400;\"><br \/>\n<\/span><span style=\"font-weight: 400;\"><br \/>\n<\/span><span style=\"font-weight: 400;\">Author: Frank Scotton<\/span><span style=\"font-weight: 400;\"><br \/>\n<\/span><span style=\"font-weight: 400;\">Translated by Phan L\u00ea D\u0169ng<\/span><span style=\"font-weight: 400;\"><br \/>\n<\/span><span style=\"font-weight: 400;\"><br \/>\n<\/span><span style=\"font-weight: 400;\">Frank Scotton was born in Massachusetts on August 17, 1938, into a family always committed to fulfilling civic responsibilities. Therefore, during World War II, his father and uncles all served in the military. During the Vietnam War, he joined his two cousins in the Navy, and his younger brother, a doctor, was also a member of Special Forces Team 3.<\/span><span style=\"font-weight: 400;\"><br \/>\n<\/span><span style=\"font-weight: 400;\"><br \/>\n<\/span><span style=\"font-weight: 400;\">From 1962 to 1975, Frank Scotton was present in Vietnam almost every year. He was proficient in Vietnamese and knew Chinese, and he lived in remote villages from the Central Highlands to the Mekong Delta. He participated in many activities in Vietnam, such as forming Binh Dinh groups, People&#8217;s Self-Defense Forces, Civilian Irregular Defense Groups, Local Forces, and Rural Construction Cadres, and organizing Phoenix Programs.<\/span><span style=\"font-weight: 400;\"><br \/>\n<\/span><span style=\"font-weight: 400;\"><br \/>\n<\/span><span style=\"font-weight: 400;\">Frank Scotton&#8217;s works, reflecting on the journey, have been regarded as the accurate answer to why Americans failed in Vietnam.<\/span><span style=\"font-weight: 400;\"><br \/>\n<\/span><span style=\"font-weight: 400;\"><br \/>\n<\/span><span style=\"font-weight: 400;\">Frank Scotton recalls a painful experience for Americans. Still, every page of his book reveals a deep sense of anger and frustration about the collapse of South Vietnam, which, to him, is &#8220;A beloved land that never leaves the mind.&#8221;<\/span><span style=\"font-weight: 400;\"><br \/>\n<\/span><span style=\"font-weight: 400;\"><br \/>\n<\/span><span style=\"font-weight: 400;\">Frank Scotton entered Vietnam at the age of 20 and left Vietnam at the age of 30. He entered Vietnam with the ideals of a young person seeking purpose and left Vietnam with bitter knowledge of America&#8217;s failure and his failure in Vietnam.<\/span><span style=\"font-weight: 400;\"><br \/>\n<\/span><span style=\"font-weight: 400;\"><br \/>\n<\/span><span style=\"font-weight: 400;\">Phan L\u00ea D\u0169ng<\/span><span style=\"font-weight: 400;\"><\/p>\n<p><\/span><\/p>","protected":false},"excerpt":{"rendered":"<p>Aenean lectus elit, fermentum non, convallis id, sagittis at, neque. Nullam mauris orci, aliquet et, iaculis et, viverra vitae, ligula. Nulla ut felis in purus aliquam imperdiet. Maecenas aliquet mollis lectus. Vivamus consectetuer risus et tortor. Lorem ipsum dolor sit amet, consectetur adipiscing elit. Integer nec odio. Praesent libero.<\/p>\n<ul class=\"woo-ul\">\n<li>Single button blazer<\/li>\n<li>Made of 88% Polyester, 10% Viscose and 2% Elastane<\/li>\n<li>Three front pockets, one at chest<\/li>\n<li>Four decorative buttons at cuffs<\/li>\n<li>Double split at back and two inner pockets<\/li>\n<li>Fully canvassed design<\/li>\n<li>Skinny fit<\/li>\n<\/ul>","protected":false},"featured_media":340,"comment_status":"open","ping_status":"closed","template":"","meta":{"ocean_post_layout":"","ocean_both_sidebars_style":"","ocean_both_sidebars_content_width":0,"ocean_both_sidebars_sidebars_width":0,"ocean_sidebar":"0","ocean_second_sidebar":"0","ocean_disable_margins":"enable","ocean_add_body_class":"","ocean_shortcode_before_top_bar":"","ocean_shortcode_after_top_bar":"","ocean_shortcode_before_header":"","ocean_shortcode_after_header":"","ocean_has_shortcode":"","ocean_shortcode_after_title":"","ocean_shortcode_before_footer_widgets":"","ocean_shortcode_after_footer_widgets":"","ocean_shortcode_before_footer_bottom":"","ocean_shortcode_after_footer_bottom":"","ocean_display_top_bar":"default","ocean_display_header":"default","ocean_header_style":"","ocean_center_header_left_menu":"0","ocean_custom_header_template":"0","ocean_custom_logo":0,"ocean_custom_retina_logo":0,"ocean_custom_logo_max_width":0,"ocean_custom_logo_tablet_max_width":0,"ocean_custom_logo_mobile_max_width":0,"ocean_custom_logo_max_height":0,"ocean_custom_logo_tablet_max_height":0,"ocean_custom_logo_mobile_max_height":0,"ocean_header_custom_menu":"0","ocean_menu_typo_font_family":"0","ocean_menu_typo_font_subset":"","ocean_menu_typo_font_size":0,"ocean_menu_typo_font_size_tablet":0,"ocean_menu_typo_font_size_mobile":0,"ocean_menu_typo_font_size_unit":"px","ocean_menu_typo_font_weight":"","ocean_menu_typo_font_weight_tablet":"","ocean_menu_typo_font_weight_mobile":"","ocean_menu_typo_transform":"","ocean_menu_typo_transform_tablet":"","ocean_menu_typo_transform_mobile":"","ocean_menu_typo_line_height":0,"ocean_menu_typo_line_height_tablet":0,"ocean_menu_typo_line_height_mobile":0,"ocean_menu_typo_line_height_unit":"","ocean_menu_typo_spacing":0,"ocean_menu_typo_spacing_tablet":0,"ocean_menu_typo_spacing_mobile":0,"ocean_menu_typo_spacing_unit":"","ocean_menu_link_color":"","ocean_menu_link_color_hover":"","ocean_menu_link_color_active":"","ocean_menu_link_background":"","ocean_menu_link_hover_background":"","ocean_menu_link_active_background":"","ocean_menu_social_links_bg":"","ocean_menu_social_hover_links_bg":"","ocean_menu_social_links_color":"","ocean_menu_social_hover_links_color":"","ocean_disable_title":"default","ocean_disable_heading":"default","ocean_post_title":"","ocean_post_subheading":"","ocean_post_title_style":"","ocean_post_title_background_color":"","ocean_post_title_background":0,"ocean_post_title_bg_image_position":"","ocean_post_title_bg_image_attachment":"","ocean_post_title_bg_image_repeat":"","ocean_post_title_bg_image_size":"","ocean_post_title_height":400,"ocean_post_title_bg_overlay":0.5,"ocean_post_title_bg_overlay_color":"","ocean_disable_breadcrumbs":"default","ocean_breadcrumbs_color":"","ocean_breadcrumbs_separator_color":"","ocean_breadcrumbs_links_color":"","ocean_breadcrumbs_links_hover_color":"","ocean_display_footer_widgets":"default","ocean_display_footer_bottom":"default","ocean_custom_footer_template":"0"},"product_cat":[28],"product_tag":[],"class_list":{"0":"post-83","1":"product","2":"type-product","3":"status-publish","4":"has-post-thumbnail","6":"product_cat-books","8":"entry","9":"has-media","11":"first","12":"instock","13":"downloadable","14":"virtual","15":"taxable","16":"purchasable","17":"product-type-simple","18":"has-product-nav","19":"col","20":"span_1_of_3","21":"owp-content-center","22":"owp-thumbs-layout-horizontal","23":"owp-btn-normal","24":"owp-tabs-layout-horizontal","25":"has-no-thumbnails"},"yoast_head":"<!-- This site is optimized with the Yoast SEO plugin v22.2 - https:\/\/yoast.com\/wordpress\/plugins\/seo\/ -->\n<title>Vi\u1ec7t Nam Cu\u1ed9c Chi\u1ebfn Leo D\u1ed1c - vietbooks.org<\/title>\n<meta name=\"robots\" content=\"index, follow, max-snippet:-1, max-image-preview:large, max-video-preview:-1\" \/>\n<link rel=\"canonical\" href=\"https:\/\/vietbooks.org\/vi\/san-pham\/viet-nam-cuoc-chien-leo-doc\/\" \/>\n<meta property=\"og:locale\" content=\"vi_VN\" \/>\n<meta property=\"og:type\" content=\"article\" \/>\n<meta property=\"og:title\" content=\"Vi\u1ec7t Nam Cu\u1ed9c Chi\u1ebfn Leo D\u1ed1c - vietbooks.org\" \/>\n<meta property=\"og:description\" content=\"Aenean lectus elit, fermentum non, convallis id, sagittis at, neque. Nullam mauris orci, aliquet et, iaculis et, viverra vitae, ligula. Nulla ut felis in purus aliquam imperdiet. Maecenas aliquet mollis lectus. Vivamus consectetuer risus et tortor. Lorem ipsum dolor sit amet, consectetur adipiscing elit. Integer nec odio. Praesent libero.   Single button blazer  Made of 88% Polyester, 10% Viscose and 2% Elastane  Three front pockets, one at chest  Four decorative buttons at cuffs  Double split at back and two inner pockets  Fully canvassed design  Skinny fit\" \/>\n<meta property=\"og:url\" content=\"https:\/\/vietbooks.org\/vi\/san-pham\/viet-nam-cuoc-chien-leo-doc\/\" \/>\n<meta property=\"og:site_name\" content=\"vietbooks.org\" \/>\n<meta property=\"article:modified_time\" content=\"2024-03-23T08:07:30+00:00\" \/>\n<meta property=\"og:image\" content=\"https:\/\/vietbooks.org\/wp-content\/uploads\/2016\/08\/VNCuocChienLeoDoc.jpg\" \/>\n\t<meta property=\"og:image:width\" content=\"426\" \/>\n\t<meta property=\"og:image:height\" content=\"640\" \/>\n\t<meta property=\"og:image:type\" content=\"image\/jpeg\" \/>\n<meta name=\"twitter:card\" content=\"summary_large_image\" \/>\n<meta name=\"twitter:label1\" content=\"\u01af\u1edbc t\u00ednh th\u1eddi gian \u0111\u1ecdc\" \/>\n\t<meta name=\"twitter:data1\" content=\"3 ph\u00fat\" \/>\n<script type=\"application\/ld+json\" class=\"yoast-schema-graph\">{\"@context\":\"https:\/\/schema.org\",\"@graph\":[{\"@type\":\"WebPage\",\"@id\":\"https:\/\/vietbooks.org\/product\/viet-nam-cuoc-chien-leo-doc\/\",\"url\":\"https:\/\/vietbooks.org\/product\/viet-nam-cuoc-chien-leo-doc\/\",\"name\":\"Vi\u1ec7t Nam Cu\u1ed9c Chi\u1ebfn Leo D\u1ed1c - vietbooks.org\",\"isPartOf\":{\"@id\":\"http:\/\/vietbooks.org\/#website\"},\"primaryImageOfPage\":{\"@id\":\"https:\/\/vietbooks.org\/product\/viet-nam-cuoc-chien-leo-doc\/#primaryimage\"},\"image\":{\"@id\":\"https:\/\/vietbooks.org\/product\/viet-nam-cuoc-chien-leo-doc\/#primaryimage\"},\"thumbnailUrl\":\"https:\/\/vietbooks.org\/wp-content\/uploads\/2016\/08\/VNCuocChienLeoDoc.jpg\",\"datePublished\":\"2016-08-22T22:01:48+00:00\",\"dateModified\":\"2024-03-23T08:07:30+00:00\",\"breadcrumb\":{\"@id\":\"https:\/\/vietbooks.org\/product\/viet-nam-cuoc-chien-leo-doc\/#breadcrumb\"},\"inLanguage\":\"vi\",\"potentialAction\":[{\"@type\":\"ReadAction\",\"target\":[\"https:\/\/vietbooks.org\/product\/viet-nam-cuoc-chien-leo-doc\/\"]}]},{\"@type\":\"ImageObject\",\"inLanguage\":\"vi\",\"@id\":\"https:\/\/vietbooks.org\/product\/viet-nam-cuoc-chien-leo-doc\/#primaryimage\",\"url\":\"https:\/\/vietbooks.org\/wp-content\/uploads\/2016\/08\/VNCuocChienLeoDoc.jpg\",\"contentUrl\":\"https:\/\/vietbooks.org\/wp-content\/uploads\/2016\/08\/VNCuocChienLeoDoc.jpg\",\"width\":426,\"height\":640},{\"@type\":\"BreadcrumbList\",\"@id\":\"https:\/\/vietbooks.org\/product\/viet-nam-cuoc-chien-leo-doc\/#breadcrumb\",\"itemListElement\":[{\"@type\":\"ListItem\",\"position\":1,\"name\":\"Home\",\"item\":\"https:\/\/vietbooks.org\/\"},{\"@type\":\"ListItem\",\"position\":2,\"name\":\"Shop\",\"item\":\"https:\/\/vietbooks.org\/shop-2\/\"},{\"@type\":\"ListItem\",\"position\":3,\"name\":\"Vi\u1ec7t Nam Cu\u1ed9c Chi\u1ebfn Leo D\u1ed1c\"}]},{\"@type\":\"WebSite\",\"@id\":\"http:\/\/vietbooks.org\/#website\",\"url\":\"http:\/\/vietbooks.org\/\",\"name\":\"vietbooks.org\",\"description\":\"\",\"potentialAction\":[{\"@type\":\"SearchAction\",\"target\":{\"@type\":\"EntryPoint\",\"urlTemplate\":\"http:\/\/vietbooks.org\/?s={search_term_string}\"},\"query-input\":\"required name=search_term_string\"}],\"inLanguage\":\"vi\"}]}<\/script>\n<!-- \/ Yoast SEO plugin. -->","yoast_head_json":{"title":"Vi\u1ec7t Nam Cu\u1ed9c Chi\u1ebfn Leo D\u1ed1c - vietbooks.org","robots":{"index":"index","follow":"follow","max-snippet":"max-snippet:-1","max-image-preview":"max-image-preview:large","max-video-preview":"max-video-preview:-1"},"canonical":"https:\/\/vietbooks.org\/vi\/san-pham\/viet-nam-cuoc-chien-leo-doc\/","og_locale":"vi_VN","og_type":"article","og_title":"Vi\u1ec7t Nam Cu\u1ed9c Chi\u1ebfn Leo D\u1ed1c - vietbooks.org","og_description":"Aenean lectus elit, fermentum non, convallis id, sagittis at, neque. Nullam mauris orci, aliquet et, iaculis et, viverra vitae, ligula. Nulla ut felis in purus aliquam imperdiet. Maecenas aliquet mollis lectus. Vivamus consectetuer risus et tortor. Lorem ipsum dolor sit amet, consectetur adipiscing elit. Integer nec odio. Praesent libero.   Single button blazer  Made of 88% Polyester, 10% Viscose and 2% Elastane  Three front pockets, one at chest  Four decorative buttons at cuffs  Double split at back and two inner pockets  Fully canvassed design  Skinny fit","og_url":"https:\/\/vietbooks.org\/vi\/san-pham\/viet-nam-cuoc-chien-leo-doc\/","og_site_name":"vietbooks.org","article_modified_time":"2024-03-23T08:07:30+00:00","og_image":[{"width":426,"height":640,"url":"https:\/\/vietbooks.org\/wp-content\/uploads\/2016\/08\/VNCuocChienLeoDoc.jpg","type":"image\/jpeg"}],"twitter_card":"summary_large_image","twitter_misc":{"\u01af\u1edbc t\u00ednh th\u1eddi gian \u0111\u1ecdc":"3 ph\u00fat"},"schema":{"@context":"https:\/\/schema.org","@graph":[{"@type":"WebPage","@id":"https:\/\/vietbooks.org\/product\/viet-nam-cuoc-chien-leo-doc\/","url":"https:\/\/vietbooks.org\/product\/viet-nam-cuoc-chien-leo-doc\/","name":"Vi\u1ec7t Nam Cu\u1ed9c Chi\u1ebfn Leo D\u1ed1c - vietbooks.org","isPartOf":{"@id":"http:\/\/vietbooks.org\/#website"},"primaryImageOfPage":{"@id":"https:\/\/vietbooks.org\/product\/viet-nam-cuoc-chien-leo-doc\/#primaryimage"},"image":{"@id":"https:\/\/vietbooks.org\/product\/viet-nam-cuoc-chien-leo-doc\/#primaryimage"},"thumbnailUrl":"https:\/\/vietbooks.org\/wp-content\/uploads\/2016\/08\/VNCuocChienLeoDoc.jpg","datePublished":"2016-08-22T22:01:48+00:00","dateModified":"2024-03-23T08:07:30+00:00","breadcrumb":{"@id":"https:\/\/vietbooks.org\/product\/viet-nam-cuoc-chien-leo-doc\/#breadcrumb"},"inLanguage":"vi","potentialAction":[{"@type":"ReadAction","target":["https:\/\/vietbooks.org\/product\/viet-nam-cuoc-chien-leo-doc\/"]}]},{"@type":"ImageObject","inLanguage":"vi","@id":"https:\/\/vietbooks.org\/product\/viet-nam-cuoc-chien-leo-doc\/#primaryimage","url":"https:\/\/vietbooks.org\/wp-content\/uploads\/2016\/08\/VNCuocChienLeoDoc.jpg","contentUrl":"https:\/\/vietbooks.org\/wp-content\/uploads\/2016\/08\/VNCuocChienLeoDoc.jpg","width":426,"height":640},{"@type":"BreadcrumbList","@id":"https:\/\/vietbooks.org\/product\/viet-nam-cuoc-chien-leo-doc\/#breadcrumb","itemListElement":[{"@type":"ListItem","position":1,"name":"Home","item":"https:\/\/vietbooks.org\/"},{"@type":"ListItem","position":2,"name":"Shop","item":"https:\/\/vietbooks.org\/shop-2\/"},{"@type":"ListItem","position":3,"name":"Vi\u1ec7t Nam Cu\u1ed9c Chi\u1ebfn Leo D\u1ed1c"}]},{"@type":"WebSite","@id":"http:\/\/vietbooks.org\/#website","url":"http:\/\/vietbooks.org\/","name":"vietbooks.org","description":"","potentialAction":[{"@type":"SearchAction","target":{"@type":"EntryPoint","urlTemplate":"http:\/\/vietbooks.org\/?s={search_term_string}"},"query-input":"required name=search_term_string"}],"inLanguage":"vi"}]}},"jetpack_sharing_enabled":true,"_links":{"self":[{"href":"https:\/\/vietbooks.org\/vi\/wp-json\/wp\/v2\/product\/83","targetHints":{"allow":["GET"]}}],"collection":[{"href":"https:\/\/vietbooks.org\/vi\/wp-json\/wp\/v2\/product"}],"about":[{"href":"https:\/\/vietbooks.org\/vi\/wp-json\/wp\/v2\/types\/product"}],"replies":[{"embeddable":true,"href":"https:\/\/vietbooks.org\/vi\/wp-json\/wp\/v2\/comments?post=83"}],"wp:featuredmedia":[{"embeddable":true,"href":"https:\/\/vietbooks.org\/vi\/wp-json\/wp\/v2\/media\/340"}],"wp:attachment":[{"href":"https:\/\/vietbooks.org\/vi\/wp-json\/wp\/v2\/media?parent=83"}],"wp:term":[{"taxonomy":"product_cat","embeddable":true,"href":"https:\/\/vietbooks.org\/vi\/wp-json\/wp\/v2\/product_cat?post=83"},{"taxonomy":"product_tag","embeddable":true,"href":"https:\/\/vietbooks.org\/vi\/wp-json\/wp\/v2\/product_tag?post=83"}],"curies":[{"name":"wp","href":"https:\/\/api.w.org\/{rel}","templated":true}]}}