{"id":85,"date":"2016-08-22T22:03:25","date_gmt":"2016-08-22T22:03:25","guid":{"rendered":"https:\/\/oceanwp.org\/simple\/product\/superocean-heritage-watch\/"},"modified":"2024-03-23T03:12:10","modified_gmt":"2024-03-23T08:12:10","slug":"viet-nam-dai-bi-kich","status":"publish","type":"product","link":"https:\/\/vietbooks.org\/vi\/san-pham\/viet-nam-dai-bi-kich","title":{"rendered":"Viet Nam \u0110\u1ea1i Bi K\u1ecbch"},"content":{"rendered":"<p><span style=\"font-weight: 400;\">VI\u1ec6T NAM \u0110\u1ea0I BI K\u1ecaCH 1945-1975<\/span><\/p>\n<p><span style=\"font-weight: 400;\">T\u00e1c gi\u1ea3: Max Hastings<\/span><\/p>\n<p><span style=\"font-weight: 400;\">Phan L\u00ea D\u0169ng chuy\u1ec3n ng\u1eef<\/span><\/p>\n<p><span style=\"font-weight: 400;\">Max Hastings l\u00e0 m\u1ed9t k\u00fd gi\u1ea3 Anh tham gia cu\u1ed9c chi\u1ebfn Vi\u1ec7t Nam ngay t\u1eeb l\u00fac \u0111\u1ea7u. \u00d4ng l\u00e0 m\u1ed9t trong s\u1ed1 k\u00fd gi\u1ea3 v\u00e0o cu\u1ed9c t\u1eeb l\u00fac ng\u1ed3i t\u1ea1i ph\u00f2ng h\u1ecdp b\u00e1o T\u00f2a B\u1ea1ch \u1ed0c \u0111\u1ec3 nghe T\u1ed5ng Th\u1ed1ng Johnson tr\u00f2 chuy\u1ec7n c\u00f9ng m\u1ed9t s\u1ed1 ph\u00f3ng vi\u00ean v\u00e0 m\u1ed9t trong s\u1ed1 nh\u1eefng ng\u01b0\u1eddi cu\u1ed1i c\u00f9ng r\u1eddi Vi\u1ec7t Nam v\u1edbi n\u1ed7i h\u1ed3i h\u1ed9p, kinh ho\u00e0ng b\u00f9ng l\u00ean khi chen ch\u00fac gi\u1eefa \u0111\u00e1m ng\u01b0\u1eddi h\u1ed1t ho\u1ea3ng \u0111ang c\u1ed1 t\u00ecm \u0111\u01b0\u1eddng \u0111\u00e0o tho\u00e1t<\/span><\/p>\n<p><span style=\"font-weight: 400;\">G\u1ecdi cu\u1ed9c chi\u1ebfn Vi\u00eat Nam l\u00e0 \u0110\u1ea1i Bi K\u1ecach, Max Hastings m\u00f4 t\u1ea3 ph\u1ea7n \u0111\u1ea7u cu\u1ed9c chi\u1ebfn m\u00e0 Ph\u00e1p g\u1ecdi l\u00e0 \u201cCu\u1ed9c chi\u1ebfn b\u1ea9n th\u1ec9u\u201d, m\u00f4 t\u1ea3 \u0110i\u00ean Bi\u00ean Ph\u1ee7 nh\u01b0 m\u1ed9t \u201c Th\u00e0nh Tr\u00ec H\u01b0 \u1ea2o\u201d, m\u00f4 t\u1ea3 Hi\u1ec7p \u0110\u1ecbnh Geneve nh\u01b0 chi\u1ebfc n\u00f4i cho s\u1ef1 tho\u00e1t thai c\u1ee7a hai ch\u00ednh quy\u1ec1n Nam, B\u1eafc: Hai ch\u1ebf \u0111\u1ed9 \u0110\u1ed9c T\u00e0i Song Sinh. Nh\u01b0ng Max Hastings ch\u1ec9 l\u1ea5y\u00a0 c\u00e1c b\u1ed1i c\u1ea3nh to l\u1edbn \u0111\u00f3 \u0111\u1ec3 d\u1ef1ng l\u1ea1i c\u00e1c bi k\u1ecbch li ti \u00edt khi \u0111\u01b0\u1ee3c ghi l\u1ea1i.<\/span><\/p>\n<p><span style=\"font-weight: 400;\">\u0110\u1ea1i Bi K\u1ecach Vi\u1ec7t Nam \u0111\u01b0\u1ee3c d\u1ef1ng l\u1ea1i kh\u00f4ng b\u1eb1ng c\u00e1c chuy\u1ec7n l\u00fd t\u01b0\u1edfng c\u1ee7a nh\u1eefng thanh ni\u1ec7n m\u1edbi l\u1edbn, kh\u00f4ng b\u1eb1ng c\u00e1c t\u01b0 t\u01b0\u1edfng, l\u00fd lu\u1eadn v\u0129 \u0111\u1ea1i, xoay chuy\u1ec3n th\u1ebf gi\u1edbi nh\u01b0 nh\u1eefng b\u1eadc s\u01b0 chi\u1ebfn thu\u1eadt, chi\u1ebfn l\u01b0\u1ee3c \u0111\u01b0a ra m\u00e0 l\u00e0 b\u1eb1ng m\u1ed3 h\u00f4i v\u00e0 m\u00e1u c\u1ee7a nh\u1eefng thanh ni\u00ean tham chi\u1ebfn, b\u1eb1ng nh\u1eefng th\u00f4 b\u1ea1o c\u1ee7a l\u1edbp ng\u01b0\u1eddi \u0111\u00e3 b\u1ecb t\u01b0\u1edbc \u0111i c\u1ea3 b\u1ea3n n\u0103ng l\u1eabn l\u01b0\u01a1ng tri. M\u1ed9t b\u1ea3n k\u1ecbch nhi\u1ec1u h\u1ed3i, b\u1eaft \u0111\u1ea7u t\u1eeb l\u00ednh Nga, l\u00ednh Trung c\u1ed9ng. l\u00ednh \u00dac. L\u00ednh T\u00e2n T\u00e2y Lan, l\u00ednh \u0110\u1ea1i H\u00e0n, l\u00ednh M\u1ef9.<\/span><\/p>\n<p><span style=\"font-weight: 400;\">T\u1ea5t c\u1ea3 bi l\u1ecbch m\u00e1u v\u00e0 n\u01b0\u1edbc m\u1eaft \u0111\u00f3 \u0111\u00e3 \u0111\u1ec3 l\u1ea1i nh\u1eefng k\u00fd \u1ee9c b\u1ea5t kh\u1ea3 chia s\u1ebd trong t\u00e2m nh\u1eefng ng\u01b0\u1eddi c\u00f2n s\u1ed1ng s\u00f3t.<\/span><\/p>\n<p><span style=\"font-weight: 400;\">Phan L\u00ea D\u0169ng<\/span><\/p>\n<p>&nbsp;<\/p>\n<p><span style=\"font-weight: 400;\">&amp;&amp;&amp;&amp;&amp;&amp;&amp;&amp;&amp;&amp;&amp;&amp;&amp;&amp;&amp;&amp;&amp;&amp;&amp;&amp;&amp;&amp;&amp;&amp;&amp;&amp;&amp;&amp;&amp;&amp;&amp;&amp;&amp;&amp;&amp;<\/span><\/p>\n<p><span style=\"font-weight: 400;\">Title: Vietnam: An Epic Tragedy 1945-1975<\/span><span style=\"font-weight: 400;\"><br \/>\n<\/span><span style=\"font-weight: 400;\"><br \/>\n<\/span><span style=\"font-weight: 400;\">Author: Max Hastings<\/span><span style=\"font-weight: 400;\"><br \/>\n<\/span><span style=\"font-weight: 400;\">Translated by Phan L\u00ea D\u0169ng<\/span><span style=\"font-weight: 400;\"><br \/>\n<\/span><span style=\"font-weight: 400;\"><br \/>\n<\/span><span style=\"font-weight: 400;\">Max Hastings is a British journalist who participated in the Vietnam War from the very beginning. He was one of the journalists present at the White House press room to hear President Johnson talk with reporters and one of the last to leave Vietnam amidst the tense, horrifying atmosphere as people scrambled to find a way out.<\/span><span style=\"font-weight: 400;\"><br \/>\n<\/span><span style=\"font-weight: 400;\"><br \/>\n<\/span><span style=\"font-weight: 400;\">Referring to the Vietnam War as the Great Tragedy, Max Hastings describes the early part of the war, which the French called the &#8220;Dirty War,&#8221; depicts \u0110i\u1ec7n Bi\u00ean Ph\u1ee7 as a &#8220;Phantom Citadel,&#8221; and describes the Geneva Accords as the cradle for the birth of two regimes in the North and South: Twin Dictatorships. However, Max Hastings uses these grand settings to reconstruct the individual tragedies that are rarely recorded.<\/span><span style=\"font-weight: 400;\"><br \/>\n<\/span><span style=\"font-weight: 400;\"><br \/>\n<\/span><span style=\"font-weight: 400;\">Vietnam: An Epic Tragedy is not built on the idealistic stories of emerging heroes, nor on grand ideologies or theories that shift the world like those of strategic and tactical masters, but on the sweat and blood of young soldiers, the brutality of those stripped of instinct and conscience. It is a multi-act drama, starting with Russian soldiers, Chinese soldiers, Australian soldiers, Thai soldiers, Korean soldiers, and American soldiers.<\/span><span style=\"font-weight: 400;\"><br \/>\n<\/span><span style=\"font-weight: 400;\"><br \/>\n<\/span><span style=\"font-weight: 400;\">All those bloody and tearful episodes have left indelible memories in the hearts of those who survived.<\/span><span style=\"font-weight: 400;\"><br \/>\n<\/span><span style=\"font-weight: 400;\"><br \/>\n<\/span><span style=\"font-weight: 400;\">Phan L\u00ea D\u0169ng<\/span><\/p>\n<p>&nbsp;<\/p>","protected":false},"excerpt":{"rendered":"<p>Aenean lectus elit, fermentum non, convallis id, sagittis at, neque. Nullam mauris orci, aliquet et, iaculis et, viverra vitae, ligula. Nulla ut felis in purus aliquam imperdiet. Maecenas aliquet mollis lectus. Vivamus consectetuer risus et tortor. Lorem ipsum dolor sit amet, consectetur adipiscing elit. Integer nec odio. Praesent libero.<\/p>\n<ul class=\"woo-ul\">\n<li>Single button blazer<\/li>\n<li>Made of 88% Polyester, 10% Viscose and 2% Elastane<\/li>\n<li>Three front pockets, one at chest<\/li>\n<li>Four decorative buttons at cuffs<\/li>\n<li>Double split at back and two inner pockets<\/li>\n<li>Fully canvassed design<\/li>\n<li>Skinny fit<\/li>\n<\/ul>","protected":false},"featured_media":342,"comment_status":"open","ping_status":"closed","template":"","meta":{"ocean_post_layout":"","ocean_both_sidebars_style":"","ocean_both_sidebars_content_width":0,"ocean_both_sidebars_sidebars_width":0,"ocean_sidebar":"0","ocean_second_sidebar":"0","ocean_disable_margins":"enable","ocean_add_body_class":"","ocean_shortcode_before_top_bar":"","ocean_shortcode_after_top_bar":"","ocean_shortcode_before_header":"","ocean_shortcode_after_header":"","ocean_has_shortcode":"","ocean_shortcode_after_title":"","ocean_shortcode_before_footer_widgets":"","ocean_shortcode_after_footer_widgets":"","ocean_shortcode_before_footer_bottom":"","ocean_shortcode_after_footer_bottom":"","ocean_display_top_bar":"default","ocean_display_header":"default","ocean_header_style":"","ocean_center_header_left_menu":"0","ocean_custom_header_template":"0","ocean_custom_logo":0,"ocean_custom_retina_logo":0,"ocean_custom_logo_max_width":0,"ocean_custom_logo_tablet_max_width":0,"ocean_custom_logo_mobile_max_width":0,"ocean_custom_logo_max_height":0,"ocean_custom_logo_tablet_max_height":0,"ocean_custom_logo_mobile_max_height":0,"ocean_header_custom_menu":"0","ocean_menu_typo_font_family":"0","ocean_menu_typo_font_subset":"","ocean_menu_typo_font_size":0,"ocean_menu_typo_font_size_tablet":0,"ocean_menu_typo_font_size_mobile":0,"ocean_menu_typo_font_size_unit":"px","ocean_menu_typo_font_weight":"","ocean_menu_typo_font_weight_tablet":"","ocean_menu_typo_font_weight_mobile":"","ocean_menu_typo_transform":"","ocean_menu_typo_transform_tablet":"","ocean_menu_typo_transform_mobile":"","ocean_menu_typo_line_height":0,"ocean_menu_typo_line_height_tablet":0,"ocean_menu_typo_line_height_mobile":0,"ocean_menu_typo_line_height_unit":"","ocean_menu_typo_spacing":0,"ocean_menu_typo_spacing_tablet":0,"ocean_menu_typo_spacing_mobile":0,"ocean_menu_typo_spacing_unit":"","ocean_menu_link_color":"","ocean_menu_link_color_hover":"","ocean_menu_link_color_active":"","ocean_menu_link_background":"","ocean_menu_link_hover_background":"","ocean_menu_link_active_background":"","ocean_menu_social_links_bg":"","ocean_menu_social_hover_links_bg":"","ocean_menu_social_links_color":"","ocean_menu_social_hover_links_color":"","ocean_disable_title":"default","ocean_disable_heading":"default","ocean_post_title":"","ocean_post_subheading":"","ocean_post_title_style":"","ocean_post_title_background_color":"","ocean_post_title_background":0,"ocean_post_title_bg_image_position":"","ocean_post_title_bg_image_attachment":"","ocean_post_title_bg_image_repeat":"","ocean_post_title_bg_image_size":"","ocean_post_title_height":400,"ocean_post_title_bg_overlay":0.5,"ocean_post_title_bg_overlay_color":"","ocean_disable_breadcrumbs":"default","ocean_breadcrumbs_color":"","ocean_breadcrumbs_separator_color":"","ocean_breadcrumbs_links_color":"","ocean_breadcrumbs_links_hover_color":"","ocean_display_footer_widgets":"default","ocean_display_footer_bottom":"default","ocean_custom_footer_template":"0"},"product_cat":[28],"product_tag":[],"class_list":{"0":"post-85","1":"product","2":"type-product","3":"status-publish","4":"has-post-thumbnail","6":"product_cat-books","8":"entry","9":"has-media","11":"first","12":"instock","13":"downloadable","14":"virtual","15":"taxable","16":"purchasable","17":"product-type-simple","18":"has-product-nav","19":"col","20":"span_1_of_3","21":"owp-content-center","22":"owp-thumbs-layout-horizontal","23":"owp-btn-normal","24":"owp-tabs-layout-horizontal","25":"has-no-thumbnails"},"yoast_head":"<!-- This site is optimized with the Yoast SEO plugin v22.2 - https:\/\/yoast.com\/wordpress\/plugins\/seo\/ -->\n<title>Viet Nam \u0110\u1ea1i Bi K\u1ecbch - vietbooks.org<\/title>\n<meta name=\"robots\" content=\"index, follow, max-snippet:-1, max-image-preview:large, max-video-preview:-1\" \/>\n<link rel=\"canonical\" href=\"https:\/\/vietbooks.org\/vi\/san-pham\/viet-nam-dai-bi-kich\/\" \/>\n<meta property=\"og:locale\" content=\"vi_VN\" \/>\n<meta property=\"og:type\" content=\"article\" \/>\n<meta property=\"og:title\" content=\"Viet Nam \u0110\u1ea1i Bi K\u1ecbch - vietbooks.org\" \/>\n<meta property=\"og:description\" content=\"Aenean lectus elit, fermentum non, convallis id, sagittis at, neque. Nullam mauris orci, aliquet et, iaculis et, viverra vitae, ligula. Nulla ut felis in purus aliquam imperdiet. Maecenas aliquet mollis lectus. Vivamus consectetuer risus et tortor. Lorem ipsum dolor sit amet, consectetur adipiscing elit. Integer nec odio. Praesent libero.   Single button blazer  Made of 88% Polyester, 10% Viscose and 2% Elastane  Three front pockets, one at chest  Four decorative buttons at cuffs  Double split at back and two inner pockets  Fully canvassed design  Skinny fit\" \/>\n<meta property=\"og:url\" content=\"https:\/\/vietbooks.org\/vi\/san-pham\/viet-nam-dai-bi-kich\/\" \/>\n<meta property=\"og:site_name\" content=\"vietbooks.org\" \/>\n<meta property=\"article:modified_time\" content=\"2024-03-23T08:12:10+00:00\" \/>\n<meta property=\"og:image\" content=\"https:\/\/vietbooks.org\/wp-content\/uploads\/2016\/08\/VNDaiBiKich.jpg\" \/>\n\t<meta property=\"og:image:width\" content=\"410\" \/>\n\t<meta property=\"og:image:height\" content=\"640\" \/>\n\t<meta property=\"og:image:type\" content=\"image\/jpeg\" \/>\n<meta name=\"twitter:card\" content=\"summary_large_image\" \/>\n<meta name=\"twitter:label1\" content=\"\u01af\u1edbc t\u00ednh th\u1eddi gian \u0111\u1ecdc\" \/>\n\t<meta name=\"twitter:data1\" content=\"3 ph\u00fat\" \/>\n<script type=\"application\/ld+json\" class=\"yoast-schema-graph\">{\"@context\":\"https:\/\/schema.org\",\"@graph\":[{\"@type\":\"WebPage\",\"@id\":\"https:\/\/vietbooks.org\/product\/viet-nam-dai-bi-kich\/\",\"url\":\"https:\/\/vietbooks.org\/product\/viet-nam-dai-bi-kich\/\",\"name\":\"Viet Nam \u0110\u1ea1i Bi K\u1ecbch - vietbooks.org\",\"isPartOf\":{\"@id\":\"http:\/\/vietbooks.org\/#website\"},\"primaryImageOfPage\":{\"@id\":\"https:\/\/vietbooks.org\/product\/viet-nam-dai-bi-kich\/#primaryimage\"},\"image\":{\"@id\":\"https:\/\/vietbooks.org\/product\/viet-nam-dai-bi-kich\/#primaryimage\"},\"thumbnailUrl\":\"https:\/\/vietbooks.org\/wp-content\/uploads\/2016\/08\/VNDaiBiKich.jpg\",\"datePublished\":\"2016-08-22T22:03:25+00:00\",\"dateModified\":\"2024-03-23T08:12:10+00:00\",\"breadcrumb\":{\"@id\":\"https:\/\/vietbooks.org\/product\/viet-nam-dai-bi-kich\/#breadcrumb\"},\"inLanguage\":\"vi\",\"potentialAction\":[{\"@type\":\"ReadAction\",\"target\":[\"https:\/\/vietbooks.org\/product\/viet-nam-dai-bi-kich\/\"]}]},{\"@type\":\"ImageObject\",\"inLanguage\":\"vi\",\"@id\":\"https:\/\/vietbooks.org\/product\/viet-nam-dai-bi-kich\/#primaryimage\",\"url\":\"https:\/\/vietbooks.org\/wp-content\/uploads\/2016\/08\/VNDaiBiKich.jpg\",\"contentUrl\":\"https:\/\/vietbooks.org\/wp-content\/uploads\/2016\/08\/VNDaiBiKich.jpg\",\"width\":410,\"height\":640},{\"@type\":\"BreadcrumbList\",\"@id\":\"https:\/\/vietbooks.org\/product\/viet-nam-dai-bi-kich\/#breadcrumb\",\"itemListElement\":[{\"@type\":\"ListItem\",\"position\":1,\"name\":\"Home\",\"item\":\"https:\/\/vietbooks.org\/\"},{\"@type\":\"ListItem\",\"position\":2,\"name\":\"Shop\",\"item\":\"https:\/\/vietbooks.org\/shop-2\/\"},{\"@type\":\"ListItem\",\"position\":3,\"name\":\"Viet Nam \u0110\u1ea1i Bi K\u1ecbch\"}]},{\"@type\":\"WebSite\",\"@id\":\"http:\/\/vietbooks.org\/#website\",\"url\":\"http:\/\/vietbooks.org\/\",\"name\":\"vietbooks.org\",\"description\":\"\",\"potentialAction\":[{\"@type\":\"SearchAction\",\"target\":{\"@type\":\"EntryPoint\",\"urlTemplate\":\"http:\/\/vietbooks.org\/?s={search_term_string}\"},\"query-input\":\"required name=search_term_string\"}],\"inLanguage\":\"vi\"}]}<\/script>\n<!-- \/ Yoast SEO plugin. -->","yoast_head_json":{"title":"Viet Nam \u0110\u1ea1i Bi K\u1ecbch - vietbooks.org","robots":{"index":"index","follow":"follow","max-snippet":"max-snippet:-1","max-image-preview":"max-image-preview:large","max-video-preview":"max-video-preview:-1"},"canonical":"https:\/\/vietbooks.org\/vi\/san-pham\/viet-nam-dai-bi-kich\/","og_locale":"vi_VN","og_type":"article","og_title":"Viet Nam \u0110\u1ea1i Bi K\u1ecbch - vietbooks.org","og_description":"Aenean lectus elit, fermentum non, convallis id, sagittis at, neque. Nullam mauris orci, aliquet et, iaculis et, viverra vitae, ligula. Nulla ut felis in purus aliquam imperdiet. Maecenas aliquet mollis lectus. Vivamus consectetuer risus et tortor. Lorem ipsum dolor sit amet, consectetur adipiscing elit. Integer nec odio. Praesent libero.   Single button blazer  Made of 88% Polyester, 10% Viscose and 2% Elastane  Three front pockets, one at chest  Four decorative buttons at cuffs  Double split at back and two inner pockets  Fully canvassed design  Skinny fit","og_url":"https:\/\/vietbooks.org\/vi\/san-pham\/viet-nam-dai-bi-kich\/","og_site_name":"vietbooks.org","article_modified_time":"2024-03-23T08:12:10+00:00","og_image":[{"width":410,"height":640,"url":"https:\/\/vietbooks.org\/wp-content\/uploads\/2016\/08\/VNDaiBiKich.jpg","type":"image\/jpeg"}],"twitter_card":"summary_large_image","twitter_misc":{"\u01af\u1edbc t\u00ednh th\u1eddi gian \u0111\u1ecdc":"3 ph\u00fat"},"schema":{"@context":"https:\/\/schema.org","@graph":[{"@type":"WebPage","@id":"https:\/\/vietbooks.org\/product\/viet-nam-dai-bi-kich\/","url":"https:\/\/vietbooks.org\/product\/viet-nam-dai-bi-kich\/","name":"Viet Nam \u0110\u1ea1i Bi K\u1ecbch - vietbooks.org","isPartOf":{"@id":"http:\/\/vietbooks.org\/#website"},"primaryImageOfPage":{"@id":"https:\/\/vietbooks.org\/product\/viet-nam-dai-bi-kich\/#primaryimage"},"image":{"@id":"https:\/\/vietbooks.org\/product\/viet-nam-dai-bi-kich\/#primaryimage"},"thumbnailUrl":"https:\/\/vietbooks.org\/wp-content\/uploads\/2016\/08\/VNDaiBiKich.jpg","datePublished":"2016-08-22T22:03:25+00:00","dateModified":"2024-03-23T08:12:10+00:00","breadcrumb":{"@id":"https:\/\/vietbooks.org\/product\/viet-nam-dai-bi-kich\/#breadcrumb"},"inLanguage":"vi","potentialAction":[{"@type":"ReadAction","target":["https:\/\/vietbooks.org\/product\/viet-nam-dai-bi-kich\/"]}]},{"@type":"ImageObject","inLanguage":"vi","@id":"https:\/\/vietbooks.org\/product\/viet-nam-dai-bi-kich\/#primaryimage","url":"https:\/\/vietbooks.org\/wp-content\/uploads\/2016\/08\/VNDaiBiKich.jpg","contentUrl":"https:\/\/vietbooks.org\/wp-content\/uploads\/2016\/08\/VNDaiBiKich.jpg","width":410,"height":640},{"@type":"BreadcrumbList","@id":"https:\/\/vietbooks.org\/product\/viet-nam-dai-bi-kich\/#breadcrumb","itemListElement":[{"@type":"ListItem","position":1,"name":"Home","item":"https:\/\/vietbooks.org\/"},{"@type":"ListItem","position":2,"name":"Shop","item":"https:\/\/vietbooks.org\/shop-2\/"},{"@type":"ListItem","position":3,"name":"Viet Nam \u0110\u1ea1i Bi K\u1ecbch"}]},{"@type":"WebSite","@id":"http:\/\/vietbooks.org\/#website","url":"http:\/\/vietbooks.org\/","name":"vietbooks.org","description":"","potentialAction":[{"@type":"SearchAction","target":{"@type":"EntryPoint","urlTemplate":"http:\/\/vietbooks.org\/?s={search_term_string}"},"query-input":"required name=search_term_string"}],"inLanguage":"vi"}]}},"jetpack_sharing_enabled":true,"_links":{"self":[{"href":"https:\/\/vietbooks.org\/vi\/wp-json\/wp\/v2\/product\/85","targetHints":{"allow":["GET"]}}],"collection":[{"href":"https:\/\/vietbooks.org\/vi\/wp-json\/wp\/v2\/product"}],"about":[{"href":"https:\/\/vietbooks.org\/vi\/wp-json\/wp\/v2\/types\/product"}],"replies":[{"embeddable":true,"href":"https:\/\/vietbooks.org\/vi\/wp-json\/wp\/v2\/comments?post=85"}],"wp:featuredmedia":[{"embeddable":true,"href":"https:\/\/vietbooks.org\/vi\/wp-json\/wp\/v2\/media\/342"}],"wp:attachment":[{"href":"https:\/\/vietbooks.org\/vi\/wp-json\/wp\/v2\/media?parent=85"}],"wp:term":[{"taxonomy":"product_cat","embeddable":true,"href":"https:\/\/vietbooks.org\/vi\/wp-json\/wp\/v2\/product_cat?post=85"},{"taxonomy":"product_tag","embeddable":true,"href":"https:\/\/vietbooks.org\/vi\/wp-json\/wp\/v2\/product_tag?post=85"}],"curies":[{"name":"wp","href":"https:\/\/api.w.org\/{rel}","templated":true}]}}